{"id":104,"date":"2011-09-17T19:51:07","date_gmt":"2011-09-17T17:51:07","guid":{"rendered":"http:\/\/hannah-biedermann.de\/?page_id=104"},"modified":"2015-07-10T11:07:49","modified_gmt":"2015-07-10T09:07:49","slug":"der-rest-der-welt","status":"publish","type":"page","link":"https:\/\/hannah-biedermann.de\/?page_id=104","title":{"rendered":"Der Rest der Welt (2011)"},"content":{"rendered":"<p>Eine Produktion von pulk fiktion. Ausf\u00fchrliche Infos finden sie unter <a href=\"http:\/\/www.pulk-fiktion.de\">www.pulk-fiktion.de<br \/>\n<\/a><\/p>\n<p><img loading=\"lazy\" decoding=\"async\" class=\"alignnone size-medium wp-image-247\" src=\"http:\/\/hannah-biedermann.de\/wp-content\/uploads\/rest_postkarte-300x211.jpg\" alt=\"\" width=\"300\" height=\"211\" srcset=\"https:\/\/hannah-biedermann.de\/wp-content\/uploads\/rest_postkarte-300x211.jpg 300w, https:\/\/hannah-biedermann.de\/wp-content\/uploads\/rest_postkarte-1024x722.jpg 1024w, https:\/\/hannah-biedermann.de\/wp-content\/uploads\/rest_postkarte.jpg 1200w\" sizes=\"auto, (max-width: 300px) 100vw, 300px\" \/><\/p>\n<p>Ein Ereignis geht um die Welt. Die Welt schaut zu. Die Welt nimmt teil. Die Welt steht still. Sie sind das Fenster zur Welt. Sie sind wichtig und sagen was wichtig ist. Sie sind \u00fcberall und immer da. Die Nachrichten.<\/p>\n<p>Woher kommen sie eigentlich und wie werden sie gemacht? Und von wem? Und warum \u00fcberhaupt? Was w\u00e4re, wenn die Nachrichten zum Lachen w\u00e4ren? Was w\u00e4re, wenn sie von uns berichten? Was w\u00e4re, wenn alles erfunden ist?<\/p>\n<p>Karo und Hannah haben nachgefragt und selbstgemacht. Mit Beamer, Live-Kamera und Soundmaschine nehmen sie die Zuschauer mit auf eine Suche nach gro\u00dfen Ereignissen, ehrlichen Bildern und der eigenen Meinung.<\/p>\n<p>&nbsp;<\/p>\n<p><strong>Autor: <\/strong>Ensemble<br \/>\n<strong>Spiel:<\/strong> Hannah Biedermann und Karoline K\u00e4hler<br \/>\n<strong>Konzeption \/ K\u00fcnstlerische Leitung<\/strong>: Hannah Biedermann und Eva von Schweinitz<br \/>\n<strong>Produktionsleitung<\/strong>: Jens Kaulen<br \/>\n<strong>Technische Leitung<\/strong>: Alexander Rechberg<br \/>\n<strong>Regieassistenz<\/strong>: Sarah Ludes<br \/>\n<strong>Zielgruppe: <\/strong>Kinder ab 10 Jahren und Erwachsene<br \/>\n<strong>Spieldauer: <\/strong>60 Minuten<br \/>\n<strong>Anzahl der Mitwirkenden: <\/strong>2D, 1T<br \/>\n<strong>Urauff\u00fchrung: <\/strong>15.07.2011<br \/>\n<strong>Rechte: <\/strong>Bei pulk fiktion<strong><br \/>\n<\/strong><\/p>\n<p><strong>EINGELADEN ZU:<\/strong><\/p>\n<p>&#8211; KUSS! Kuck!Schau!Spiel! 17. Hessische Kinder- und Jugendtheaterwoche in Marburg<br \/>\n&#8211; Kaleidoskop Hessen 2012<br \/>\n&#8211; WESTWIND &#8211; Kinder- und Jugend-Theatertreffen NRW in Paderborn<br \/>\n&#8211; SPURENSUCHE 11 &#8211; Bundestreffen freier Kinder &#8211; und Jugendtheater<br \/>\n&#8211; SPIELARTEN 2012 &#8211; Kinder- und Jugendtheaterfestival in NRW<br \/>\n&#8211; Kinder- und JugendtheaterTage &#8211; LOT Braunschweig<br \/>\n&#8211; STARKE ST\u00dcCKE 2013 &#8211; Kinder- und Jugendtheaterfestival in Hessen<\/p>\n<p><strong>Pressestimmen:<\/strong><\/p>\n<p>&#8221; pulk fiktion machen das sympathisch hemds\u00e4rmelig, offen und technisch improvisiert &#8211; und eben das macht das Gezeigte so nachvollziehbar. Eine vergn\u00fcgliche Wissensshow und ein enorm unterhaltsames St\u00fcck Medienaufkl\u00e4rung auf der B\u00fchne.&#8221; WESTWIND Festival, zur vollst\u00e4ndigen <a href=\"http:\/\/hannah-biedermann.de\/?page_id=361\"><strong>Jurybewertung<\/strong><\/a><\/p>\n<p>&#8220;&#8230;So liefert der Abend nicht nur medienkritische Mittel an die Hand, sondern demonstriert zugleich an sich selbst, was die alte Tante Theater anders (und manchmal sogar besser) kann: gerade im Spielerischen etwas u\u00c3\u0152\u00cb\u2020ber die Wirklichkeit aufscheinen lassen.&#8221; KALEIDOSKOP, zur vollst\u00e4ndigen <strong><a href=\"http:\/\/hannah-biedermann.de\/?page_id=357\">Jurybewertung<\/a><\/strong><\/p>\n<p>&#8220;&#8230;Neben diesen durchaus schwerwiegenden Fragestellungen ist die Show aber vor allem unterhaltsam. Die Mischung macht&#8217;s: Die Inszenierung ist Vortrag, Slapstick, Tanz-Choreografie und Dokumentation&#8230;&#8221; Hildesheimer Allgemeinen Zeitung, zur vollst\u00e4ndigen<strong><a href=\"http:\/\/hannah-biedermann.de\/?page_id=350\"> Pressekritik<\/a><\/strong><\/p>\n<p>&#8220;&#8230;Das ist alles sehr gut gemacht, unterhaltsam und lustig. Die Kinder sind mit Spa\u00df und Hallo bei der Sache. Sehr empfehlenswert!&#8230;&#8221; Bonner Rundschau, zur vollst\u00e4ndigen <strong><a href=\"http:\/\/hannah-biedermann.de\/?page_id=107\">Pressekritik<\/a><\/strong><\/p>\n<p>&#8221; &#8216;Woher kommen die Nachrichten eigentlich?&#8217; Das zeigt das Schauspieler-Duo Biedermann-K\u00e4hler sehr sch\u00f6n. Mehrere Globen weisen schon darauf hin, dass es um nichts weniger als die ganze Welt geht. Eine Kaffeemaschine geh\u00f6rt nat\u00fcrlich auch zum Handwerk der Nachrichtenmacher, die an einem kleinen Schulpult sitzen..&#8221; Generalanzeiger Bonn, zur vollst\u00e4ndigen<strong> <a href=\"http:\/\/hannah-biedermann.de\/?page_id=345\">Vorank\u00fcndigung<\/a><\/strong><\/p>\n<p>Hier gehts zum <strong><a href=\"http:\/\/hannah-biedermann.de\/?page_id=5\">Trailer <\/a><\/strong><\/p>\n","protected":false},"excerpt":{"rendered":"<p>Eine Produktion von pulk fiktion. Ausf\u00fchrliche Infos finden sie unter www.pulk-fiktion.de Ein Ereignis geht um die Welt. Die Welt schaut zu. Die Welt nimmt teil. Die Welt steht still. Sie sind das Fenster zur Welt. Sie sind wichtig und sagen was wichtig ist. Sie sind \u00fcberall und immer da. Die Nachrichten. Woher kommen sie eigentlich &hellip; <a href=\"https:\/\/hannah-biedermann.de\/?page_id=104\" class=\"more-link\">Continue reading <span class=\"screen-reader-text\">Der Rest der Welt (2011)<\/span><\/a><\/p>\n","protected":false},"author":3,"featured_media":0,"parent":3,"menu_order":0,"comment_status":"closed","ping_status":"closed","template":"","meta":{"footnotes":""},"class_list":["post-104","page","type-page","status-publish","hentry"],"_links":{"self":[{"href":"https:\/\/hannah-biedermann.de\/index.php?rest_route=\/wp\/v2\/pages\/104","targetHints":{"allow":["GET"]}}],"collection":[{"href":"https:\/\/hannah-biedermann.de\/index.php?rest_route=\/wp\/v2\/pages"}],"about":[{"href":"https:\/\/hannah-biedermann.de\/index.php?rest_route=\/wp\/v2\/types\/page"}],"author":[{"embeddable":true,"href":"https:\/\/hannah-biedermann.de\/index.php?rest_route=\/wp\/v2\/users\/3"}],"replies":[{"embeddable":true,"href":"https:\/\/hannah-biedermann.de\/index.php?rest_route=%2Fwp%2Fv2%2Fcomments&post=104"}],"version-history":[{"count":21,"href":"https:\/\/hannah-biedermann.de\/index.php?rest_route=\/wp\/v2\/pages\/104\/revisions"}],"predecessor-version":[{"id":1460,"href":"https:\/\/hannah-biedermann.de\/index.php?rest_route=\/wp\/v2\/pages\/104\/revisions\/1460"}],"up":[{"embeddable":true,"href":"https:\/\/hannah-biedermann.de\/index.php?rest_route=\/wp\/v2\/pages\/3"}],"wp:attachment":[{"href":"https:\/\/hannah-biedermann.de\/index.php?rest_route=%2Fwp%2Fv2%2Fmedia&parent=104"}],"curies":[{"name":"wp","href":"https:\/\/api.w.org\/{rel}","templated":true}]}}