{"id":1042,"date":"2013-12-28T14:31:46","date_gmt":"2013-12-28T12:31:46","guid":{"rendered":"http:\/\/hannah-biedermann.de\/?page_id=1042"},"modified":"2015-07-10T10:52:59","modified_gmt":"2015-07-10T08:52:59","slug":"kleine-buhne-fur-kleine-leute","status":"publish","type":"page","link":"https:\/\/hannah-biedermann.de\/?page_id=1042","title":{"rendered":"Kleine B\u00fchne f\u00fcr kleine Leute"},"content":{"rendered":"<p>Mama ist weg. Tot. Vater und Sohn sind allein und m\u00fcssen gemeinsam \u00fcber den Verlust hinweg kommen. Abends, wenn die Gedanken dunkel werden, f\u00e4llt das besonders schwer. Dann kommt die Traurigkeit herein geschlichen, und Erinnerungen bev\u00f6lkern den Kopf. Kein Wunder, dass sie beide nicht schlafen k\u00f6nnen. Dann wird ihnen viel Geduld f\u00fcr den anderen abverlangt.<\/p>\n<p>Nach dem Bilderbuch &#8220;Papas Arme sind ein Boot&#8221; des Autors Stein Erik Lunde und des Illustrators \u00c3\u0192\u00cb\u0153yvind Torseter entstand das gleichnamige Theaterst\u00fcck f\u00fcr Kinder ab f\u00fcnf Jahren und wurde nun auf der B\u00fchne des Comedia Theaters uraufgef\u00fchrt. Das Thema: Der Tod eines geliebten Menschen und das Umgehen der Hinterbliebenen miteinander.<\/p>\n<p>Auf der B\u00fchne des kleinen Saals ist eine Rundb\u00fchne aufgebaut. Helle Papierw\u00e4nde, wei\u00dfe B\u00e4nke, mehr f\u00fcr Kinderpos als f\u00fcr breite Erwachsenenhintern gemacht. In der Mitte, von allen Seiten einsehbar: niedrige Kinderst\u00fchle, und -tische, Mikrofone, ein Computer mit Mischpult, Pizzakartons, ein Keyboard, Lampen, ein Diaprojektor.<\/p>\n<p>Kinder und Erwachsene mischen sich. Trennen sich. Sitzen schlie\u00dflich. \u201cMama, mach das Handy aus!\u201c Jaja, hat sie l\u00e4ngst getan. \u201cPapa, hier ist noch Platz!\u201c Papa sitzt l\u00e4ngst, in Sichtweite, alles ist gut. Dann kann es ja losgehen. Die Schauspieler kommen still herein, spielen in der Mitte, zwischen den kleinen und gro\u00dfen Schauspielern.<\/p>\n<p>Norman Grotegut und Matthias Meyer \u00fcbernehmen abwechselnd die Rollen des Vaters, der um seine Partnerin trauert, und des Jungen, der seine Mutter vermisst. Sie agieren auf so liebevolle Weise miteinander, dass die Schwere des Themas mit einem Mal viel leichter daher kommt. Auf engstem Raum sprechen, spielen, toben und trauern sie miteinander. Meyer kreiert eigene Ger\u00e4usche, die er aufnimmt, am Computer mit anderen Ger\u00e4uschen mischt und auf diese Weise das Knistern eines Feuers im Kamin, einen Schneespaziergang oder Badezimmerger\u00e4usche erzeugt. Eisiger Wind, pl\u00e4tscherndes Wasser, F\u00fc\u00dfe knirschen im Schnee.<\/p>\n<p>Der Diaprojektor wirft Bilder an die W\u00e4nde rings um die Zuschauer. Das Feuer flackert im Kamin. Knallrote V\u00f6gel scheinen vor dem Fenster zu fliegen. Das sind die Verstorbenen. Gro\u00dfformatige Zeichnungen, mit wenigen Strichen von Grotegut auf die Papierw\u00e4nde gemalt, vermischen sich mit den Projektionen und den Ger\u00e4uschen. Ein kleiner Filmprojektor erweckt den roten Fuchs zum Leben und l\u00e4sst ihn an den W\u00e4nden \u00fcber den Zuschauer einmal um die ganze B\u00fchne herum schleichen. Kinderstimmen, die vom Tod erz\u00e4hlen, erklingen aus dem Off.<\/p>\n<p>Immer wieder werden Vater und Sohn von der Erinnerung an die Partnerin und die Mutter eingeholt. Jedes Mal finden die beiden zusammen, tr\u00f6sten sich gegenseitig und nicht nur einmal endet die gedr\u00fcckte Stimmung in einem wilden Spiel. Pl\u00f6tzlich schneit es Taschent\u00fccher, die zwei brechen sie zu einer Schneewanderung und zur Sternenerkundung auf. Dabei sind Papas Arme wie ein Boot, das mit dem Jungen durch den Garten segelt.<\/p>\n<p>Unter der Regie von Hannah Biedermann lassen die Schauspieler zahllose Bilder und Phantasien entstehen, die die Zuschauer durch ein Wechselbad aus Trauer und Fr\u00f6hlichkeit man\u00f6vrieren. Die unweigerlich an einen Haushalt mit Kindern erinnernde B\u00fchnenausstattung von Brigit Kofmel f\u00fcgt sich wunderbar in das Gesamtbild ein. Jedes Teil hat seinen Sinn und seinen Platz. Und immer wieder finden Bilder aus dem Kinderbuch den Weg auf die B\u00fchne.<\/p>\n<p>&#8220;Papas Arme sind ein Boot&#8221; ist ein St\u00fcck f\u00fcr die Kleinen, das mit wenigen Worten auskommt und sich doch in die Herzen der Zuschauer einschleicht. Die Kinder sind begeistert (Vor allem wenn die Unterhose eines Schauspielers zu sehen ist). Die Erwachsenen stimmen der Meinung ihrer Kinder uneingeschr\u00e4nkt zu.<\/p>\n<p><strong>meines\u00fcdstadt.de<\/strong><\/p>\n","protected":false},"excerpt":{"rendered":"<p>Mama ist weg. Tot. Vater und Sohn sind allein und m\u00fcssen gemeinsam \u00fcber den Verlust hinweg kommen. Abends, wenn die Gedanken dunkel werden, f\u00e4llt das besonders schwer. Dann kommt die Traurigkeit herein geschlichen, und Erinnerungen bev\u00f6lkern den Kopf. Kein Wunder, dass sie beide nicht schlafen k\u00f6nnen. Dann wird ihnen viel Geduld f\u00fcr den anderen abverlangt. &hellip; <a href=\"https:\/\/hannah-biedermann.de\/?page_id=1042\" class=\"more-link\">Continue reading <span class=\"screen-reader-text\">Kleine B\u00fchne f\u00fcr kleine Leute<\/span><\/a><\/p>\n","protected":false},"author":3,"featured_media":0,"parent":3,"menu_order":0,"comment_status":"closed","ping_status":"closed","template":"","meta":{"footnotes":""},"class_list":["post-1042","page","type-page","status-publish","hentry"],"_links":{"self":[{"href":"https:\/\/hannah-biedermann.de\/index.php?rest_route=\/wp\/v2\/pages\/1042","targetHints":{"allow":["GET"]}}],"collection":[{"href":"https:\/\/hannah-biedermann.de\/index.php?rest_route=\/wp\/v2\/pages"}],"about":[{"href":"https:\/\/hannah-biedermann.de\/index.php?rest_route=\/wp\/v2\/types\/page"}],"author":[{"embeddable":true,"href":"https:\/\/hannah-biedermann.de\/index.php?rest_route=\/wp\/v2\/users\/3"}],"replies":[{"embeddable":true,"href":"https:\/\/hannah-biedermann.de\/index.php?rest_route=%2Fwp%2Fv2%2Fcomments&post=1042"}],"version-history":[{"count":3,"href":"https:\/\/hannah-biedermann.de\/index.php?rest_route=\/wp\/v2\/pages\/1042\/revisions"}],"predecessor-version":[{"id":1449,"href":"https:\/\/hannah-biedermann.de\/index.php?rest_route=\/wp\/v2\/pages\/1042\/revisions\/1449"}],"up":[{"embeddable":true,"href":"https:\/\/hannah-biedermann.de\/index.php?rest_route=\/wp\/v2\/pages\/3"}],"wp:attachment":[{"href":"https:\/\/hannah-biedermann.de\/index.php?rest_route=%2Fwp%2Fv2%2Fmedia&parent=1042"}],"curies":[{"name":"wp","href":"https:\/\/api.w.org\/{rel}","templated":true}]}}