{"id":1045,"date":"2013-12-28T14:46:58","date_gmt":"2013-12-28T12:46:58","guid":{"rendered":"http:\/\/hannah-biedermann.de\/?page_id=1045"},"modified":"2015-07-10T10:53:34","modified_gmt":"2015-07-10T08:53:34","slug":"papas-arme-sind-ein-boot-2013","status":"publish","type":"page","link":"https:\/\/hannah-biedermann.de\/?page_id=1045","title":{"rendered":"Papas Arme sind ein Boot (2013)"},"content":{"rendered":"<p><img loading=\"lazy\" decoding=\"async\" class=\"alignleft size-medium wp-image-1047\" src=\"http:\/\/hannah-biedermann.de\/wp-content\/uploads\/papasarme-213x300.jpg\" alt=\"papasarme\" width=\"321\" height=\"447\" \/><\/p>\n<div>\n<div style=\"text-align: justify\">Es ist stiller, als es je zuvor gewesen ist. Denn einer fehlt &#8221; die Mutter des kleinen Jungen. Wie gut, dass es Papa gibt! Er streichelt die Hand des kleinen Jungen, legt die Wange an seine Wange und tr\u00e4gt den Junge auf seinen Schultern durch den Schnee. Sie f\u00fcttern die V\u00f6gel, beobachten Sternschnuppen und w\u00fcnschen sich etwas. Aber sie verraten nicht was. Papas Arme sind ein Boot, das den kleinen Jungen vor der Dunkelheit besch\u00fctzt: \u201cWird schon werden\u201c sagt Papa, \u201cganz sicher!\u201c<\/div>\n<p style=\"text-align: justify\">Eine tr\u00f6stliche und warmherzige Geschichte \u00fcber einen gro\u00dfen Verlust.<\/p>\n<p style=\"text-align: justify\">Die Inszenierung sp\u00fcrt diesem Gef\u00fchl mit Musik, Ger\u00e4uschen, Papier, Zeichnungen, Video und wenigen Worten nach und l\u00e4sst einen performativ-theatralen Entdeckungsraum aus kleinen Momenten des Lebens entstehen.<\/p>\n<p><img loading=\"lazy\" decoding=\"async\" class=\"alignleft  wp-image-1026\" src=\"http:\/\/hannah-biedermann.de\/wp-content\/uploads\/063_PapasArme_cMEYER_ORIGINALS-300x219.jpg\" alt=\"Papas Arme sind ein Boot\" width=\"357\" height=\"264\" \/><img loading=\"lazy\" decoding=\"async\" class=\"alignleft  wp-image-1031\" src=\"http:\/\/hannah-biedermann.de\/wp-content\/uploads\/089_PapasArme_cMEYER_ORIGINALS-187x300.jpg\" alt=\"Papas Arme sind ein Boot\" width=\"201\" height=\"318\" \/><br \/>\n<img loading=\"lazy\" decoding=\"async\" class=\"alignleft  wp-image-1028\" src=\"http:\/\/hannah-biedermann.de\/wp-content\/uploads\/002_PapasArme_cMEYER_ORIGINALS-300x219.jpg\" alt=\"Papas Arme sind ein Boot\" width=\"346\" height=\"254\" \/><\/p>\n<p>&nbsp;<\/p>\n<p>&nbsp;<\/p>\n<p>&nbsp;<\/p>\n<p>&nbsp;<\/p>\n<p>&nbsp;<\/p>\n<p>&nbsp;<\/p>\n<p><strong>Autor: <\/strong>Stein Erik Lunde und \u00c3\u0192\u00cb\u0153yvind Torseter<strong><br \/>\n\u00dcbersetzerin:<br \/>\nMit:<\/strong> Norman Grotegut und Matthias Meyer<br \/>\n<strong>Regie:<\/strong> Hannah Biedermann<br \/>\n<strong>Ausstattung<\/strong>: Brigit Kofmel<br \/>\n<strong>Animation:<\/strong> Norman Grotegut<br \/>\n<strong>Sounddesign:<\/strong> Matthias Meyer<br \/>\n<strong>Spieldauer:<\/strong> ca. 55 Minuten<br \/>\n<strong>Anzahl der Mitwirkenden:<\/strong> 2H, 1T<\/p>\n<p><strong>Zielgruppe: <\/strong>Kinder ab 5 Jahren und Erwachsene<\/p>\n<p><strong>Urauff\u00fchrung: <\/strong>2.11.2013<br \/>\n<strong>Rechte:<\/strong> Samlaget\/Hagen Agency und Gerstenbergverlag<\/p>\n<p><em>Eine Koproduktionvon pulk fiktion mit dem COMEDIA Theater K\u00f6ln und dem Jungen Ensemble Stuttgart &#8211; JES<\/em><\/p>\n<p><strong>EINGELADEN:<\/strong><br \/>\n&#8211; Kinder- und Jugendtheatertagen Braunschweig 2014<br \/>\n&#8211; Kindertheaterwoche Hildesheim 2014<br \/>\n&#8211; WESTWIND theatertreffen nrw. f\u00fcr junges publikum 2014 &#8211; <strong>GEWINNER DES 1. Preises!<\/strong><br \/>\n&#8211; SPIELARTEN 2014; Kinder- und Jugendtheaterfestival f\u00fcr NRW<\/p>\n<p><strong>Pressestimmen:<\/strong><\/p>\n<p>&#8220;&#8230;Regisseurin Hannah Biedermann arbeitet akribisch und umsichtig. Sie sucht nach neuen Darstellungsm\u00f6glichkeiten, geht ungewohnte Erz\u00e4hlpfade, analysiert das Interieur und besch\u00e4ftigt sich mit der Stille, die sie durch Musik und Ger\u00e4usche kontert&#8230;&#8221; <strong>zur vollst\u00e4ndigen<a href=\"http:\/\/hannah-biedermann.de\/?page_id=1042\"> Pressekritik<\/a><\/strong><\/p>\n<p>&#8220;&#8230;{Die Schauspieler} agieren auf so liebevolle Weise miteinander, dass die Schwere des Themas mit einem Mal viel leichter daher kommt&#8230;Unter der Regie von Hannah Biedermann lassen die Schauspieler zahllose Bilder und Phantasien entstehen, die die Zuschauer durch ein Wechselbad aus Trauer und Fr\u00f6hlichkeit man\u00f6vrieren&#8230;&#8221;Papas Arme sind ein Boot&#8221; ist ein St\u00fcck f\u00fcr die Kleinen, das mit wenigen Worten auskommt und sich doch in die Herzen der Zuschauer einschleicht. Die Kinder sind begeistert. Die Erwachsenen stimmen der Meinung ihrer Kinder uneingeschr\u00e4nkt zu&#8230;&#8221; <strong>meinesuedstadt.de, zur vollst\u00e4ndigen <a href=\"http:\/\/hannah-biedermann.de\/?page_id=1039\">Pressekritik<\/a><\/strong><\/p>\n<\/div>\n","protected":false},"excerpt":{"rendered":"<p>Es ist stiller, als es je zuvor gewesen ist. Denn einer fehlt &#8221; die Mutter des kleinen Jungen. Wie gut, dass es Papa gibt! Er streichelt die Hand des kleinen Jungen, legt die Wange an seine Wange und tr\u00e4gt den Junge auf seinen Schultern durch den Schnee. Sie f\u00fcttern die V\u00f6gel, beobachten Sternschnuppen und w\u00fcnschen &hellip; <a href=\"https:\/\/hannah-biedermann.de\/?page_id=1045\" class=\"more-link\">Continue reading <span class=\"screen-reader-text\">Papas Arme sind ein Boot (2013)<\/span><\/a><\/p>\n","protected":false},"author":3,"featured_media":0,"parent":3,"menu_order":0,"comment_status":"closed","ping_status":"closed","template":"","meta":{"footnotes":""},"class_list":["post-1045","page","type-page","status-publish","hentry"],"_links":{"self":[{"href":"https:\/\/hannah-biedermann.de\/index.php?rest_route=\/wp\/v2\/pages\/1045","targetHints":{"allow":["GET"]}}],"collection":[{"href":"https:\/\/hannah-biedermann.de\/index.php?rest_route=\/wp\/v2\/pages"}],"about":[{"href":"https:\/\/hannah-biedermann.de\/index.php?rest_route=\/wp\/v2\/types\/page"}],"author":[{"embeddable":true,"href":"https:\/\/hannah-biedermann.de\/index.php?rest_route=\/wp\/v2\/users\/3"}],"replies":[{"embeddable":true,"href":"https:\/\/hannah-biedermann.de\/index.php?rest_route=%2Fwp%2Fv2%2Fcomments&post=1045"}],"version-history":[{"count":16,"href":"https:\/\/hannah-biedermann.de\/index.php?rest_route=\/wp\/v2\/pages\/1045\/revisions"}],"predecessor-version":[{"id":1450,"href":"https:\/\/hannah-biedermann.de\/index.php?rest_route=\/wp\/v2\/pages\/1045\/revisions\/1450"}],"up":[{"embeddable":true,"href":"https:\/\/hannah-biedermann.de\/index.php?rest_route=\/wp\/v2\/pages\/3"}],"wp:attachment":[{"href":"https:\/\/hannah-biedermann.de\/index.php?rest_route=%2Fwp%2Fv2%2Fmedia&parent=1045"}],"curies":[{"name":"wp","href":"https:\/\/api.w.org\/{rel}","templated":true}]}}