{"id":1067,"date":"2013-12-29T13:35:45","date_gmt":"2013-12-29T11:35:45","guid":{"rendered":"http:\/\/hannah-biedermann.de\/?page_id=1067"},"modified":"2025-12-19T11:07:48","modified_gmt":"2025-12-19T09:07:48","slug":"auszeichnungen","status":"publish","type":"page","link":"https:\/\/hannah-biedermann.de\/?page_id=1067","title":{"rendered":"Auszeichnungen"},"content":{"rendered":"<h3>PREISE<\/h3>\n<p><strong>2025<br \/>\n<em>\/\/ <\/em>Tabori Preis 2025, bundesweit h\u00f6chste Auszeichnung im freien Theater <\/strong><em>f\u00fcr die Arbeit mit pulk fiktion<br \/>\n\/\/ <strong>Nominierung &#8211; K\u00f6lner Kinder- und Jugendtheaterpreis<\/strong> von Der Riss<br \/>\n<\/em><\/p>\n<p><strong>2024<br \/>\n<em>\/\/ <\/em>Preis der Kinderjury und Fachjury, WESTWIND &#8211; Theatertreffen f\u00fcr junges Puzblikum NRW<\/strong> <em>f\u00fcr GRUSEL<\/em><\/p>\n<p><strong>2023<br \/>\n\/\/ ASSITEJ Preis <\/strong><em>f\u00fcr besondere Verdienste im Kinder- und<\/em> <em>Jugendtheater<br \/>\n<strong>\/\/ <\/strong><\/em><strong>Preis der Fachjury, <\/strong><strong>WESTWIND &#8211; Theatertreffen f\u00fcr junges Publikum NRW <\/strong><em>f\u00fcr d\u00c4monen<\/em><\/p>\n<p><strong>2022<br \/>\n\/\/ K\u00f6lner Kinder- und Jugendtheaterpreis <\/strong>f\u00fcr<em> Robin und die Hoods\u00a0<\/em><\/p>\n<p><strong>2020<br \/>\n<\/strong><strong>\/\/ K\u00f6lner Kinder- und Jugendtheaterpreis<\/strong> f\u00fcr<em> Hieronymus\u00a0 (Denken ohne Gel\u00e4nder ebenfalls nominiert)<br \/>\n<\/em><\/p>\n<p><strong>2018<br \/>\n<\/strong>\/\/ <strong>Preis der Fachjury WESTWIND &#8211; Kinder und Jugendtheatertreffen NRW<\/strong> f\u00fcr <em>Max und Moritz<\/em><\/p>\n<p><strong>2017<br \/>\n<\/strong><em>\/\/ <\/em><strong>Deutscher Theaterpreis Der Faust<\/strong> in der Kategorie Regie Kinder- und Jugendtheater f\u00fcr<em> Entweder und<\/em><br \/>\n\/\/ <strong>JugendSt\u00fcckePreis des Heidelberger St\u00fcckemarkts 2017<\/strong> f\u00fcr <em>All about Nothing<br \/>\n\/\/ <\/em><strong>Preis der Fachjury UND Preis der Jugendjury<\/strong> <strong>WESTWIND- Kinder und Jugendtheatertreffen <\/strong><strong>NRW <\/strong><em>f\u00fcr All about Nothing<br \/>\n\/\/ <\/em><strong>Nominierung &#8211; K\u00f6lner Kinder- und Jugendtheaterpreis<\/strong> von<em> All about Nothing und Max und Moritz<\/em><\/p>\n<p><strong>2016<br \/>\n<\/strong>\/\/ <strong>F\u00f6rderpreis f\u00fcr junge K\u00fcnstlerinnen und K\u00fcnstler des Landes Nordrhein-Westfalen<\/strong><br \/>\n\/\/ <strong>George Tabori F\u00f6rderpreis<\/strong> f\u00fcr <em>pulk fiktion<\/em><a href=\"http:\/\/hannah-biedermann.de\/?page_id=1712\"><br \/>\n<\/a>\/\/ <strong>Best OFF Niedersachsen <\/strong>f\u00fcr <em>Konferenz der wesentlichen Dinge<\/em> <a href=\"http:\/\/hannah-biedermann.de\/?page_id=1712\"><br \/>\n<\/a>\/\/ <strong>Publikumspreis &#8211; Hart am Wind\u00c3\u201a\u00c2\u00a0 &#8211; 5. Norddeutsches Kinder- und Jugendtheaterfestival<\/strong> f\u00fcr <em>Konferenz der wesentlichen Dinge<\/em><br \/>\n\/\/ <strong>Projektpreis Kinder- und Jugendkulturland NRW <\/strong>f\u00fcr <em>C\u00fcs &#8211; Die Transformation meiner Welt<\/em><br \/>\n\/\/<strong> 2. Preis der Jury &#8211;<\/strong> <strong>WESTWIND- Kinder und Jugendtheatertreffen <\/strong><em><strong>NRW <\/strong>f\u00fcr Tigermilch (Dramaturgie)<\/em><\/p>\n<p><strong>2015<br \/>\n<\/strong><span style=\"font-size: revert\">\/\/ <\/span><strong style=\"font-size: revert\">Publikumspreis &#8211;<\/strong> <strong style=\"font-size: revert\">Wildwechsel &#8211; Kinder und Jugendtheatertreffen des Ostens<\/strong><span style=\"font-size: revert\"> f\u00fcr <\/span><em style=\"font-size: revert\">Am Ende ist man immer nur wer anderes<br \/>\n<\/em>\/\/<strong> Lobende Erw\u00e4hnung &#8211;<\/strong> <strong>WESTWIND- Kinder und Jugendtheatertreffen <\/strong><em><strong>NRW <\/strong><\/em>f\u00fcr<em> Konferenz der wesentlichen Dinge<br \/>\n\/\/ <\/em><strong>Nominierung &#8211; K\u00f6lner Kinder- und Jugendtheaterpreis<\/strong> von <em>Konferenz der wesentlichen Dinge <\/em>und<em> Methode Baklava<\/em><\/p>\n<p><strong>2014<br \/>\n<\/strong>\/\/<strong> 1. Preis der Jury &#8211;<\/strong><em> <strong>WESTWIND- Kinder und Jugendtheatertreffen <\/strong><strong>NRW <\/strong><\/em>f\u00fcr<em> Papas Arme sind ein Boot<br \/>\n<\/em><\/p>\n<p><strong>2013<br \/>\n<\/strong>\/\/ <strong>Nominierung<\/strong> &#8211; DER FAUST mit <em>Schwester<\/em> (Schauspiel)<\/p>\n<p><strong>2012<br \/>\n<\/strong>\/\/ <strong>Publikumspreis<\/strong> &#8211; WESTWIND- Kinder und Jugendtheatertreffen NRW f\u00fcr <em>Der Rest der Welt<\/em><\/p>\n<p><strong>2011<br \/>\n<\/strong><strong>\/\/ Publikumspreis &#8211; licht.blicke 6 N\u00fcrnberg <\/strong>f\u00fcr <em>ein st\u00fcck autokino<\/em><\/p>\n<h3>FESTIVALEINLADUNGEN<br \/>\nNRW<\/h3>\n<p><strong>WESTWIND- Kinder und Jugendtheatertreffen NRW<\/strong><br \/>\nEfraims T\u00f6chter (2010), Der Rest der Welt (2012), Papas Arme sind ein Boot (2014), Konferenz der wesentlichen Dinge (2015), All about Nothing (2017), Max &amp; Moritz (2018), Hieronymus (2020), Robin und die Hoods (2022), Der Schnee von Gestern (2023)<\/p>\n<p><strong>SPIELARTEN &#8211; Theaterfestival f\u00fcr Kinder- und Jugendtheater NRW<\/strong><br \/>\nEfraims T\u00f6chter (2010), Der Rest der Welt (2012), Die Geschichte von Lena (2012), Schwester (2013), Papas Arme sind ein Boot (2014), All about Nothing (2017), Hieronymus (2020), Denken ohne Gel\u00e4nder (2021), Der Schnee von Gestern (2023)<\/p>\n<p><strong>Kindertheater des Monats NRW<\/strong><br \/>\nSchwester (2014), Hieronymus (2021)<\/p>\n<h3>BUNDESWEIT<\/h3>\n<p><strong>AUGENBLICK MAL! Festival<\/strong><br \/>\nnominiert mit Efraims T\u00f6chter (2011),<br \/>\neingeladen mit Schwester (2013), Konferenz der wesentlichen Dinge (2017), Robin und die Hoods (2023)<\/p>\n<p><strong>Heidelberger St\u00fcckemarkt<br \/>\n<\/strong>Edelwei\u00dfpiraten (2015), All about Nothing (2017)<\/p>\n<p><strong>Festival Politik im freien Theater<br \/>\n<\/strong>All about Nothing (2018)<\/p>\n<p><strong>Favoriten<br \/>\n<\/strong>Konferenz der wesentlichen Dinge (2017), d\u00c4monen (2022)<strong><br \/>\n<\/strong><\/p>\n<p><strong>SPURENSUCHE &#8211; Bundestreffen freier Kinder- und Jugendtheater<\/strong><br \/>\nEfraims T\u00f6chter (2010), Der Rest der Welt (2012)<\/p>\n<p><strong>BOXENSTOP Leipzig<br \/>\n<\/strong>Schwester (2012)<\/p>\n<p><strong>WILDWECHSEL Festival- Treffen Ostdeutscher Kinder- und Jugendtheater<br \/>\n<\/strong>Am Ende ist man immer nur wer anderes (2015)<\/p>\n<p><strong>HART AM WIND &#8211; Norddeutschen Kinder- und Jugendtheaterfestival<\/strong><br \/>\nKonferenz der wesentlichen Dinge (2016)<\/p>\n<p><strong>KUSS! Hessische Kinder- und Jugendtheaterwoche<br \/>\n<\/strong>ein st\u00fcck autokino (2010), Der Rest der Welt (2012), Konferenz der wesentlichen Dinge (2016), Trollwut (2019)<\/p>\n<p><strong>Starke St\u00fccke Festival<br \/>\n<\/strong>Efraims T\u00f6chter (2010), Der Rest der Welt (2013), Konferenz der wesentlichen Ding (2016), Liebe \u00fcben (2019)<\/p>\n<p><strong>echt.jetzt! Festival (Kultursommer Rheinland-Pfalz)<br \/>\n<\/strong>ein st\u00fcck autokino (2009), Efraims T\u00f6chter (2010), Die Geschichte von Lena (2012), Konferenz der wesentlichen Dinge, All about Nothing (2017)<\/p>\n<p><strong>Kinder- und Jugendtheatertage Braunschweig<\/strong><br \/>\nDer Rest der Welt (2012), Papas Arme sind ein Boot (2014), All about Nothing (2017), Max &amp; Moritz (2018), Trollwut (2019), Hieronymus (2021), Robin und die Hoods (2022)<\/p>\n<p><strong>Kindertheaterwoche Hildesheim<\/strong><br \/>\nPapas Arme sind ein Boot (2014), Konferenz der wesentlichen Dinge (2017)<\/p>\n<h3>International<\/h3>\n<p><strong>SCH\u00c4XPIR (\u00d6sterreich)<\/strong><br \/>\nEfraims T\u00f6chter (2011), Schwester (2013), Papas Arme sind ein Boot (2015), Konferenz der wesentlichen Dinge (2017), entweder und (2017), Liebe \u00fcben (2019), Max&amp;Moritz (2019), d\u00c4monen (2023)<\/p>\n<p><strong>Internationale Theaterfest in St. Vith (Belgien)<br \/>\n<\/strong>ein st\u00fcck autokino (2008), Schwester (2013)<\/p>\n<p><strong>MOMIX (Frankreich)<br \/>\n<\/strong>ein st\u00fcck autokino (2010)<\/p>\n","protected":false},"excerpt":{"rendered":"<p>PREISE 2025 \/\/ Tabori Preis 2025, bundesweit h\u00f6chste Auszeichnung im freien Theater f\u00fcr die Arbeit mit pulk fiktion \/\/ Nominierung &#8211; K\u00f6lner Kinder- und Jugendtheaterpreis von Der Riss 2024 \/\/ Preis der Kinderjury und Fachjury, WESTWIND &#8211; Theatertreffen f\u00fcr junges Puzblikum NRW f\u00fcr GRUSEL 2023 \/\/ ASSITEJ Preis f\u00fcr besondere Verdienste im Kinder- und Jugendtheater &hellip; <a href=\"https:\/\/hannah-biedermann.de\/?page_id=1067\" class=\"more-link\">Continue reading <span class=\"screen-reader-text\">Auszeichnungen<\/span><\/a><\/p>\n","protected":false},"author":3,"featured_media":0,"parent":0,"menu_order":0,"comment_status":"closed","ping_status":"closed","template":"","meta":{"footnotes":""},"class_list":["post-1067","page","type-page","status-publish","hentry"],"_links":{"self":[{"href":"https:\/\/hannah-biedermann.de\/index.php?rest_route=\/wp\/v2\/pages\/1067","targetHints":{"allow":["GET"]}}],"collection":[{"href":"https:\/\/hannah-biedermann.de\/index.php?rest_route=\/wp\/v2\/pages"}],"about":[{"href":"https:\/\/hannah-biedermann.de\/index.php?rest_route=\/wp\/v2\/types\/page"}],"author":[{"embeddable":true,"href":"https:\/\/hannah-biedermann.de\/index.php?rest_route=\/wp\/v2\/users\/3"}],"replies":[{"embeddable":true,"href":"https:\/\/hannah-biedermann.de\/index.php?rest_route=%2Fwp%2Fv2%2Fcomments&post=1067"}],"version-history":[{"count":67,"href":"https:\/\/hannah-biedermann.de\/index.php?rest_route=\/wp\/v2\/pages\/1067\/revisions"}],"predecessor-version":[{"id":3097,"href":"https:\/\/hannah-biedermann.de\/index.php?rest_route=\/wp\/v2\/pages\/1067\/revisions\/3097"}],"wp:attachment":[{"href":"https:\/\/hannah-biedermann.de\/index.php?rest_route=%2Fwp%2Fv2%2Fmedia&parent=1067"}],"curies":[{"name":"wp","href":"https:\/\/api.w.org\/{rel}","templated":true}]}}