{"id":107,"date":"2011-09-20T10:27:29","date_gmt":"2011-09-20T08:27:29","guid":{"rendered":"http:\/\/hannah-biedermann.de\/?page_id=107"},"modified":"2012-05-16T18:32:09","modified_gmt":"2012-05-16T16:32:09","slug":"vom-umgang-mit-der-nachricht-ensemble-pulk-fiktion-zeigt-den-rest-der-welt-im-theater-marabu","status":"publish","type":"page","link":"https:\/\/hannah-biedermann.de\/?page_id=107","title":{"rendered":"Vom Umgang mit der Nachricht &#8211; Ensemble \u00c3\u00a2\u20ac\u00c5\u00bepulk fiktion\u00c3\u00a2\u20ac\u00c5\u201c zeigt den \u00c3\u00a2\u20ac\u00c5\u00beRest der Welt\u00c3\u00a2\u20ac\u00c5\u201c im Theater Marabu"},"content":{"rendered":"<p>\u201cSch\u00f6n ist es auch  anderswo und hier sind wir sowieso\u201c hat Wilhelm Busch das Vergn\u00fcgen am  Fernrohr erkl\u00e4rt. Es ist auch das Prinzip Fernsehen: Schnell wie das  Licht ist das Bild von weither da, schneller geht es nicht. Schon  Aischylos lie\u00df im Theater seine Landsleute vor Troja die Siegesnachricht  mit einer Signalfeuerkette nach Mykene \u00fcbermitteln. Troja ist dabei  etwas unsicher, aber die Art der Nachrichten\u00fcbermittlung war bekannt.  Wir haben es einfacher, wir dr\u00fccken ein Kn\u00f6pfchen und haben im selben  Augenblick den \u201cRest der Welt\u201c auf dem Bildschirm. Unter diesem Titel  hat am Wochenende das Ensemble \u201cpulk fiktion\u201c eine Urauff\u00fchrung im  Theater Marabu in der Brotfabrik gespielt. Der Rest sind alle, uns  selbst abgezogen. <\/p>\n<p>Wie man aller anderen in Bild und Ton  habhaft werden kann, haben Hannah Biedermann und Karoline K\u00e4hler in  einer wirklich h\u00fcbschen Show demonstriert. Und zwar als \u201cLecture  Performance\u201c f\u00fcr Zuschauer ab zehn, was das Mindeste ist, wenn es um die  Wichtigkeit Nachricht geht und Beamer, Live-Kamera oder  Ger\u00e4uschmaschine zum Einsatz kommen.<\/p>\n<p>Die wichtigste Frage wird gleich  beantwortet, wie geht es bei den Nachrichtensprecherinnen da weiter, wo  das Bild aufh\u00f6rt? Nat\u00fcrlich ist alles da wie bei anderen jungen Frauen,  Schuh und Strumpf und Rock und Hose. Man kann nicht alles auf einmal  haben. Die beiden Damen machen es mit einer  hoch und runter bewegbaren  Leinwand, oben sprechen sie, unten schubbeln sie mit der Schuhspitze am  Bein, was aber das Publikum gew\u00f6hnlich nicht zu sehen bekommt.<\/p>\n<p>Die Kinder d\u00fcrfen fragen, ein Junge will  wissen, wer die ersten Nachrichten erfunden hat. Je nach Betonung ist es  die Frage des Tages. Da h\u00e4tte man einhaken k\u00f6nnen. Skepsis gegen\u00fcber  den Nachrichten kann man nicht fr\u00fch genug \u00fcben. An anderer Stelle tut  man das auch, wenn Kinder spielerisch darstellen, wie viel Platz  Information, Unterhaltung, Lifestyle bei den einzelnen Sendern bekommen.  Warum das so ist, lernen sie sp\u00e4ter. Auch Tricksen mit Bildern ist ein  Thema.<\/p>\n<p>Also, das ist alles sehr gut gemacht,  unterhaltsam und lustig. Die Kinder sind mit Spa\u00df und Hallo bei der  Sache. Vom 16. bis 18. Oktober gibt es in der Brotfabrik nochmal eine  Auff\u00fchrungsserie. Sehr empfehlenswert!<\/p>\n<p><strong>Bonner Rundschau vom 20.07.2011<\/strong><strong><br \/><\/strong> <\/p>\n","protected":false},"excerpt":{"rendered":"<p>\u201cSch\u00f6n ist es auch anderswo und hier sind wir sowieso\u201c hat Wilhelm Busch das Vergn\u00fcgen am Fernrohr erkl\u00e4rt. Es ist auch das Prinzip Fernsehen: Schnell wie das Licht ist das Bild von weither da, schneller geht es nicht. Schon Aischylos lie\u00df im Theater seine Landsleute vor Troja die Siegesnachricht mit einer Signalfeuerkette nach Mykene \u00fcbermitteln. &hellip; <a href=\"https:\/\/hannah-biedermann.de\/?page_id=107\" class=\"more-link\">Continue reading <span class=\"screen-reader-text\">Vom Umgang mit der Nachricht &#8211; Ensemble \u00c3\u00a2\u20ac\u00c5\u00bepulk fiktion\u00c3\u00a2\u20ac\u00c5\u201c zeigt den \u00c3\u00a2\u20ac\u00c5\u00beRest der Welt\u00c3\u00a2\u20ac\u00c5\u201c im Theater Marabu<\/span><\/a><\/p>\n","protected":false},"author":827,"featured_media":0,"parent":104,"menu_order":0,"comment_status":"closed","ping_status":"closed","template":"template-twocolumnsleft.php","meta":{"footnotes":""},"class_list":["post-107","page","type-page","status-publish","hentry"],"_links":{"self":[{"href":"https:\/\/hannah-biedermann.de\/index.php?rest_route=\/wp\/v2\/pages\/107","targetHints":{"allow":["GET"]}}],"collection":[{"href":"https:\/\/hannah-biedermann.de\/index.php?rest_route=\/wp\/v2\/pages"}],"about":[{"href":"https:\/\/hannah-biedermann.de\/index.php?rest_route=\/wp\/v2\/types\/page"}],"author":[{"embeddable":true,"href":"https:\/\/hannah-biedermann.de\/index.php?rest_route=\/wp\/v2\/users\/827"}],"replies":[{"embeddable":true,"href":"https:\/\/hannah-biedermann.de\/index.php?rest_route=%2Fwp%2Fv2%2Fcomments&post=107"}],"version-history":[{"count":1,"href":"https:\/\/hannah-biedermann.de\/index.php?rest_route=\/wp\/v2\/pages\/107\/revisions"}],"predecessor-version":[{"id":389,"href":"https:\/\/hannah-biedermann.de\/index.php?rest_route=\/wp\/v2\/pages\/107\/revisions\/389"}],"up":[{"embeddable":true,"href":"https:\/\/hannah-biedermann.de\/index.php?rest_route=\/wp\/v2\/pages\/104"}],"wp:attachment":[{"href":"https:\/\/hannah-biedermann.de\/index.php?rest_route=%2Fwp%2Fv2%2Fmedia&parent=107"}],"curies":[{"name":"wp","href":"https:\/\/api.w.org\/{rel}","templated":true}]}}