{"id":113,"date":"2011-11-24T16:07:03","date_gmt":"2011-11-24T14:07:03","guid":{"rendered":"http:\/\/hannah-biedermann.de\/?page_id=113"},"modified":"2012-05-30T17:46:14","modified_gmt":"2012-05-30T15:46:14","slug":"augenblick-mal-2011","status":"publish","type":"page","link":"https:\/\/hannah-biedermann.de\/?page_id=113","title":{"rendered":"Augenblick mal! 2011"},"content":{"rendered":"<p><img loading=\"lazy\" decoding=\"async\" class=\"alignleft size-full wp-image-467\" src=\"http:\/\/hannah-biedermann.de\/wp-content\/uploads\/SEITENBANNERLOGO2_.gif\" alt=\"\" width=\"131\" height=\"319\" srcset=\"https:\/\/hannah-biedermann.de\/wp-content\/uploads\/SEITENBANNERLOGO2_.gif 131w, https:\/\/hannah-biedermann.de\/wp-content\/uploads\/SEITENBANNERLOGO2_-123x300.gif 123w\" sizes=\"auto, (max-width: 131px) 100vw, 131px\" \/>Das Deutsche Kinder- und Jugendtheater-Treffen ist das einzige deutschlandweite Festival f\u00fcr junges Publikum und findet seit 1991 alle zwei Jahre in Berlin statt. Das Treffen pr\u00e4sentiert herausragende Inszenierungen und will ein Bild von der \u00e4sthetischen Vielfalt und den k\u00fcnstlerischen Anspr\u00fcchen des Theaters f\u00fcr junge Zuschauer zeichnen. Als nationale Biennale ist es zentraler Ort f\u00fcr den \u00e4sthetischen und kulturpolitischen Diskurs \u00fcber das Theater f\u00fcr junge Zuschauer und schafft verst\u00e4rkt \u00f6ffentliche Aufmerksamkeit.<\/p>\n<p>Zehn Kuratoren nominieren zwanzig herausragende Inszenierungen und w\u00e4hlen zehn davon aus f\u00fcr das nationale Programm in Berlin. Neben diesen jeweils f\u00fcnf Produktionen aus den Sparten Kindertheater und Jugendtheater bietet das Festival ein internationales Programm. Es gibt vier ausgew\u00e4hlte Inszenierungen zu sehen, die k\u00fcnstlerische Ergebnisse internationaler Koproduktionen mit deutscher Beteiligung pr\u00e4sentieren.<\/p>\n<p>Schon traditionell werden renommierte Berliner Fach-Journalistinnen und Journalisten das Festival kritisch begleiten und Impulse f\u00fcr den Diskurs \u00fcber die ausgew\u00e4hlten Inszenierungen geben. Die Festivalbesucher haben Gelegenheit \u00fcber Identit\u00e4t und k\u00fcnstlerisches Selbstverst\u00e4ndnis des Kinder- und Jugendtheaters sowie seineaktuelle und zuk\u00fcnftige Rolle in der Gesellschaft zu diskutieren.<\/p>\n<p><strong>Meine T\u00e4tigkeit als Marketingleitung umfasste: Redaktion von Leporello und Programmbuch, Anzeigeschaltung, Entwicklung des Corporate Design, Webbetreuung und Erstellung der Merchandisprodukte.<\/strong><\/p>\n<p><strong>Hier findet ihr die <a href=\"http:\/\/archiv.augenblickmal.de\/AUGENBLICKMAL-11\/INDEX.HTM\" target=\"_blank\">Website<\/a><\/strong><\/p>\n<p>&nbsp;<\/p>\n<p>&nbsp;<\/p>\n","protected":false},"excerpt":{"rendered":"<p>Das Deutsche Kinder- und Jugendtheater-Treffen ist das einzige deutschlandweite Festival f\u00fcr junges Publikum und findet seit 1991 alle zwei Jahre in Berlin statt. Das Treffen pr\u00e4sentiert herausragende Inszenierungen und will ein Bild von der \u00e4sthetischen Vielfalt und den k\u00fcnstlerischen Anspr\u00fcchen des Theaters f\u00fcr junge Zuschauer zeichnen. Als nationale Biennale ist es zentraler Ort f\u00fcr den &hellip; <a href=\"https:\/\/hannah-biedermann.de\/?page_id=113\" class=\"more-link\">Continue reading <span class=\"screen-reader-text\">Augenblick mal! 2011<\/span><\/a><\/p>\n","protected":false},"author":3,"featured_media":0,"parent":3,"menu_order":0,"comment_status":"closed","ping_status":"closed","template":"template-twocolumnsleft.php","meta":{"footnotes":""},"class_list":["post-113","page","type-page","status-publish","hentry"],"_links":{"self":[{"href":"https:\/\/hannah-biedermann.de\/index.php?rest_route=\/wp\/v2\/pages\/113","targetHints":{"allow":["GET"]}}],"collection":[{"href":"https:\/\/hannah-biedermann.de\/index.php?rest_route=\/wp\/v2\/pages"}],"about":[{"href":"https:\/\/hannah-biedermann.de\/index.php?rest_route=\/wp\/v2\/types\/page"}],"author":[{"embeddable":true,"href":"https:\/\/hannah-biedermann.de\/index.php?rest_route=\/wp\/v2\/users\/3"}],"replies":[{"embeddable":true,"href":"https:\/\/hannah-biedermann.de\/index.php?rest_route=%2Fwp%2Fv2%2Fcomments&post=113"}],"version-history":[{"count":4,"href":"https:\/\/hannah-biedermann.de\/index.php?rest_route=\/wp\/v2\/pages\/113\/revisions"}],"predecessor-version":[{"id":566,"href":"https:\/\/hannah-biedermann.de\/index.php?rest_route=\/wp\/v2\/pages\/113\/revisions\/566"}],"up":[{"embeddable":true,"href":"https:\/\/hannah-biedermann.de\/index.php?rest_route=\/wp\/v2\/pages\/3"}],"wp:attachment":[{"href":"https:\/\/hannah-biedermann.de\/index.php?rest_route=%2Fwp%2Fv2%2Fmedia&parent=113"}],"curies":[{"name":"wp","href":"https:\/\/api.w.org\/{rel}","templated":true}]}}