{"id":117,"date":"2011-12-05T20:46:46","date_gmt":"2011-12-05T18:46:46","guid":{"rendered":"http:\/\/hannah-biedermann.de\/?page_id=117"},"modified":"2018-12-17T13:01:44","modified_gmt":"2018-12-17T11:01:44","slug":"texte","status":"publish","type":"page","link":"https:\/\/hannah-biedermann.de\/?page_id=117","title":{"rendered":"Texte"},"content":{"rendered":"<p><strong><a href=\"http:\/\/hannah-biedermann.de\/wp-content\/uploads\/Wei\u00df-ich-was-ich-tue.pdf\">Theater f\u00fcr Kinder: Wei\u00df ich, was ich tue?_H.BIEDERMANN<\/a><\/strong><br \/>\n<strong>Eine Selbstrefelexion zu Weihnachten &#8211; 2018<br \/>\n<\/strong><\/p>\n<p><strong>Beitrag zum PLAYING UP SYMPOSIUM &#8211; LIVE ART FOR KIDS AND ADULTS &#8211; Tate Modern &#8211; 2016<\/strong><br \/>\n<a href=\"http:\/\/hannah-biedermann.de\/wp-content\/uploads\/PLAYING-UP-LIVE-ART-FOR-KIDS-AND-ADULTS-H.BIEDERMANN.pdf\" rel=\"\">PLAYING UP &#8211; LIVE ART FOR KIDS AND ADULTS &#8211; H.BIEDERMANN<\/a><\/p>\n<p><strong>Beobachtungen des Festivals &#8220;Demokratie im Dialog 2013&#8221; am tjg.<\/strong><br \/>\n<a href=\"http:\/\/hannah-biedermann.de\/wp-content\/uploads\/Demokratie-im-Dialog.Blog_.pdf\">Blogartikel: Gedanken im Dialog &#8211; JungeB\u00fchne &#8211; November 2013. pdf<\/a><\/p>\n<p><strong>GRIMM &amp; GRIPS 25, Jahrbuch f\u00fcr Kinder &#8211; und Jugendtheater 2012<\/strong><a href=\"http:\/\/hannah-biedermann.de\/files\/2011\/12\/Mehr%20Mut%20zu%20weniger%20Lo%CC%88sung%20-%20Grimm&amp;Grips25.pdf\"><br \/>\n<\/a><a href=\"http:\/\/hannah-biedermann.de\/wp-content\/uploads\/Mehr-Mut-zu-weniger-Lo\u00c3\u0152\u00cb\u2020sung-GrimmGrips25.pdf\">Mehr Mut zu weniger Lo\u00c3\u0152\u00cb\u2020sung &#8211; Grimm&amp;Grips25<\/a><a href=\"http:\/\/hannah-biedermann.de\/files\/2011\/12\/Mehr%20Mut%20zu%20weniger%20Lo%CC%88sung%20-%20Grimm&amp;Grips25.pdf\">.pdf <\/a><\/p>\n<p><strong>www.theaterpolitik.de<br \/>\n<\/strong><a href=\"http:\/\/hannah-biedermann.de\/wp-content\/uploads\/leid-und-leidenschaft-beim-bundestreffen-jugendclubs-an-theatern.pdf\">Leid und Leidenschaft beim Bundestreffen Jugendclubs an Theatern<\/a><a href=\"http:\/\/hannah-biedermann.de\/files\/2011\/12\/leid-und-leidenschaft-beim-bundestreffen-jugendclubs-an-theatern.pdf\"> &#8211; www.theaterpolitik.de.pdf <\/a><\/p>\n<p><strong>DIPLOMARBEIT<a href=\"http:\/\/hannah-biedermann.de\/files\/2011\/12\/Diplomarbeit-A%CC%88sthetische%20Strategien%20und%20Verfahrensweisen%20im%20zeitgeno%CC%88ssischen%20Kindertheater%20am%20Beispiel%20von%20Showcase%20Beat%20Le%20Mot.pdf\"><br \/>\n<\/a><\/strong><a href=\"http:\/\/hannah-biedermann.de\/wp-content\/uploads\/Diplomarbeit-A\u00c3\u0152\u00cb\u2020sthetische-Strategien-und-Verfahrensweisen-im-zeitgeno\u00c3\u0152\u00cb\u2020ssischen-Kindertheater-am-Beispiel-von-Showcase-Beat-Le-Mot.pdf\">Diplomarbeit-A\u00c3\u0152\u00cb\u2020sthetische Strategien und Verfahrensweisen im zeitgeno\u00c3\u0152\u00cb\u2020ssischen Kindertheater am Beispiel von Showcase Beat Le Mot<\/a><a href=\"http:\/\/hannah-biedermann.de\/files\/2011\/12\/Diplomarbeit-A%CC%88sthetische%20Strategien%20und%20Verfahrensweisen%20im%20zeitgeno%CC%88ssischen%20Kindertheater%20am%20Beispiel%20von%20Showcase%20Beat%20Le%20Mot.pdf\">-Hannah Biedermann.pdf<\/a><\/p>\n<p>Die Texte sind nur zur Ansicht. Bei jedwediger Verwendung braucht es die Zustimmung der Urheberin, Hannah Biedermann.<\/p>\n","protected":false},"excerpt":{"rendered":"<p>Theater f\u00fcr Kinder: Wei\u00df ich, was ich tue?_H.BIEDERMANN Eine Selbstrefelexion zu Weihnachten &#8211; 2018 Beitrag zum PLAYING UP SYMPOSIUM &#8211; LIVE ART FOR KIDS AND ADULTS &#8211; Tate Modern &#8211; 2016 PLAYING UP &#8211; LIVE ART FOR KIDS AND ADULTS &#8211; H.BIEDERMANN Beobachtungen des Festivals &#8220;Demokratie im Dialog 2013&#8221; am tjg. Blogartikel: Gedanken im Dialog &hellip; <a href=\"https:\/\/hannah-biedermann.de\/?page_id=117\" class=\"more-link\">Continue reading <span class=\"screen-reader-text\">Texte<\/span><\/a><\/p>\n","protected":false},"author":3,"featured_media":0,"parent":0,"menu_order":0,"comment_status":"closed","ping_status":"closed","template":"","meta":{"footnotes":""},"class_list":["post-117","page","type-page","status-publish","hentry"],"_links":{"self":[{"href":"https:\/\/hannah-biedermann.de\/index.php?rest_route=\/wp\/v2\/pages\/117","targetHints":{"allow":["GET"]}}],"collection":[{"href":"https:\/\/hannah-biedermann.de\/index.php?rest_route=\/wp\/v2\/pages"}],"about":[{"href":"https:\/\/hannah-biedermann.de\/index.php?rest_route=\/wp\/v2\/types\/page"}],"author":[{"embeddable":true,"href":"https:\/\/hannah-biedermann.de\/index.php?rest_route=\/wp\/v2\/users\/3"}],"replies":[{"embeddable":true,"href":"https:\/\/hannah-biedermann.de\/index.php?rest_route=%2Fwp%2Fv2%2Fcomments&post=117"}],"version-history":[{"count":13,"href":"https:\/\/hannah-biedermann.de\/index.php?rest_route=\/wp\/v2\/pages\/117\/revisions"}],"predecessor-version":[{"id":2343,"href":"https:\/\/hannah-biedermann.de\/index.php?rest_route=\/wp\/v2\/pages\/117\/revisions\/2343"}],"wp:attachment":[{"href":"https:\/\/hannah-biedermann.de\/index.php?rest_route=%2Fwp%2Fv2%2Fmedia&parent=117"}],"curies":[{"name":"wp","href":"https:\/\/api.w.org\/{rel}","templated":true}]}}