{"id":1385,"date":"2015-05-21T17:34:39","date_gmt":"2015-05-21T15:34:39","guid":{"rendered":"http:\/\/hannah-biedermann.de\/?page_id=1385"},"modified":"2016-02-24T10:01:41","modified_gmt":"2016-02-24T08:01:41","slug":"konferenz-der-wesentlichen-dinge-2014","status":"publish","type":"page","link":"https:\/\/hannah-biedermann.de\/?page_id=1385","title":{"rendered":"Konferenz der wesentlichen Dinge (2014)"},"content":{"rendered":"<p><img loading=\"lazy\" decoding=\"async\" class=\" wp-image-1386 alignleft\" src=\"http:\/\/hannah-biedermann.de\/wp-content\/uploads\/Plakat-klein-213x300.jpg\" alt=\"Plakat-klein\" width=\"296\" height=\"417\" srcset=\"https:\/\/hannah-biedermann.de\/wp-content\/uploads\/Plakat-klein-213x300.jpg 213w, https:\/\/hannah-biedermann.de\/wp-content\/uploads\/Plakat-klein-727x1024.jpg 727w, https:\/\/hannah-biedermann.de\/wp-content\/uploads\/Plakat-klein-1200x1690.jpg 1200w\" sizes=\"auto, (max-width: 296px) 100vw, 296px\" \/><\/p>\n<p style=\"text-align: justify\">Was ist, wenn Familie nicht mehr der Natur gehorchen muss? Wenn man sie sich selber aussuchen kann? Welche Freiheiten entstehen? Wer k\u00fcmmert sich um wen? Eine f\u00fcr alle, alle f\u00fcr eine? Oder ganz anders?<\/p>\n<p style=\"text-align: justify\">An einem gro\u00dfen Tisch kommt eine untereinander unbekannte Gruppe von Kindern und Erwachsenen zusammen. Familie steht auf dem Spiel. Die Verhandlung beginnt. Ein Lautsprecher legt den Teilnehmenden Worte in den Mund. Werden sie widersprechen? An diesem Ort zwischen Theater und Spielplatz wird abgestimmt, ausprobiert, beobachtet und erlebt, werden die Rollen stetig neu verteilt.<\/p>\n<p style=\"text-align: justify\">Die interaktive Performance f\u00fcr Menschen von 8 bis 99 Jahren geht mit den 20 TeilnehmerInnen auf die Suche nach der Bedeutung von Verwandtschaft, Verantwortung und Abh\u00e4ngigkeit und einem gemeinsam definierten Zusammenleben von Kindern und Erwachsenen.<\/p>\n<p style=\"text-align: justify\"><img loading=\"lazy\" decoding=\"async\" class=\"alignleft size-medium wp-image-1388\" src=\"http:\/\/hannah-biedermann.de\/wp-content\/uploads\/JMA2525-300x200.jpg\" alt=\"_JMA2525\" width=\"300\" height=\"200\" srcset=\"https:\/\/hannah-biedermann.de\/wp-content\/uploads\/JMA2525-300x200.jpg 300w, https:\/\/hannah-biedermann.de\/wp-content\/uploads\/JMA2525-1024x683.jpg 1024w, https:\/\/hannah-biedermann.de\/wp-content\/uploads\/JMA2525-600x400.jpg 600w, https:\/\/hannah-biedermann.de\/wp-content\/uploads\/JMA2525-1200x801.jpg 1200w, https:\/\/hannah-biedermann.de\/wp-content\/uploads\/JMA2525.jpg 1770w\" sizes=\"auto, (max-width: 300px) 100vw, 300px\" \/><\/p>\n<p style=\"text-align: justify\"><img loading=\"lazy\" decoding=\"async\" class=\"alignleft size-medium wp-image-1389\" src=\"http:\/\/hannah-biedermann.de\/wp-content\/uploads\/JMA2333-300x200.jpg\" alt=\"_JMA2333\" width=\"300\" height=\"200\" srcset=\"https:\/\/hannah-biedermann.de\/wp-content\/uploads\/JMA2333-300x200.jpg 300w, https:\/\/hannah-biedermann.de\/wp-content\/uploads\/JMA2333-1024x683.jpg 1024w, https:\/\/hannah-biedermann.de\/wp-content\/uploads\/JMA2333-600x400.jpg 600w, https:\/\/hannah-biedermann.de\/wp-content\/uploads\/JMA2333-1200x801.jpg 1200w, https:\/\/hannah-biedermann.de\/wp-content\/uploads\/JMA2333.jpg 1770w\" sizes=\"auto, (max-width: 300px) 100vw, 300px\" \/><\/p>\n<p style=\"text-align: justify\"><img loading=\"lazy\" decoding=\"async\" class=\"alignleft size-medium wp-image-1387\" src=\"http:\/\/hannah-biedermann.de\/wp-content\/uploads\/JMA2520-300x200.jpg\" alt=\"_JMA2520\" width=\"300\" height=\"200\" srcset=\"https:\/\/hannah-biedermann.de\/wp-content\/uploads\/JMA2520-300x200.jpg 300w, https:\/\/hannah-biedermann.de\/wp-content\/uploads\/JMA2520-1024x683.jpg 1024w, https:\/\/hannah-biedermann.de\/wp-content\/uploads\/JMA2520-600x400.jpg 600w, https:\/\/hannah-biedermann.de\/wp-content\/uploads\/JMA2520-1200x801.jpg 1200w, https:\/\/hannah-biedermann.de\/wp-content\/uploads\/JMA2520.jpg 1770w\" sizes=\"auto, (max-width: 300px) 100vw, 300px\" \/><\/p>\n<p><strong><img loading=\"lazy\" decoding=\"async\" class=\"alignleft size-medium wp-image-1392\" src=\"http:\/\/hannah-biedermann.de\/wp-content\/uploads\/JMA2477-300x200.jpg\" alt=\"_JMA2477\" width=\"300\" height=\"200\" srcset=\"https:\/\/hannah-biedermann.de\/wp-content\/uploads\/JMA2477-300x200.jpg 300w, https:\/\/hannah-biedermann.de\/wp-content\/uploads\/JMA2477-1024x683.jpg 1024w, https:\/\/hannah-biedermann.de\/wp-content\/uploads\/JMA2477-600x400.jpg 600w, https:\/\/hannah-biedermann.de\/wp-content\/uploads\/JMA2477-1200x801.jpg 1200w, https:\/\/hannah-biedermann.de\/wp-content\/uploads\/JMA2477.jpg 1770w\" sizes=\"auto, (max-width: 300px) 100vw, 300px\" \/>Konzept: <\/strong>pulk fiktion<strong><br \/>\nMit:<\/strong> Norman Grotegut und Manuela Neudegger<br \/>\n<strong>Regie:<\/strong> Hannah Biedermann und Eva von Schweinitz<br \/>\n<strong>Livetechnik:<\/strong> Matthias Meyer und Sebastian Schlemminger<br \/>\n<strong>Assistenz und Stimme:<\/strong> Milena Wichert<br \/>\n<strong>B\u00fchnenbau:<\/strong> One Take Toni<br \/>\n<strong>Produktionsleitung:<\/strong>\u00c3\u201a\u00c2\u00a0Zwei Eulen &#8221; B\u00fcro f\u00fcr Kulturkonzepte<br \/>\n<strong>Mitarbeit Entwicklung<\/strong>: Karoline K\u00e4hler<\/p>\n<p><strong>PREMIERE und Urauff\u00fchrung: <\/strong>12.12.2014<br \/>\n<strong>Rechte:<\/strong> Beim Theater<\/p>\n<p><strong>Eingeladen zu<\/strong><\/p>\n<p>&#8211; WESTWIND- Theatertreffen der Kinder- und Jugendtheater NRW 2015<br \/>\n&#8211; Starke St\u00fccke 2016 &#8211; Internationales Kinder- und Jugendtheaterfestival<br \/>\n&#8211; KUSS! Hessische Kinder- und Jugendtheaterwoche Marburg<br \/>\n&#8211; HART AM WIND &#8211; Norddeutsches Kinder- und Jugendtheaterfestival<\/p>\n<p><strong>Nominiert f\u00fcr<br \/>\n<\/strong>&#8211; den K\u00f6lner Kinder- und Jugendtheaterpreis 2015<br \/>\n&#8211; Best OFF Niedersachsen 2016 (die Nominierung beinhaltet bereits ein Preisgeld von 10.000 Euro und die Festivaleinladung)<\/p>\n<p>&nbsp;<\/p>\n<p><strong>Pressestimmen:<\/strong><\/p>\n<p>\u201cEine \u00dcbung in Demokratie, von der Andreas Donau einst sang: \u201cLangweilig wird sie nie.\u00c3\u00a2\u20ac\u00c2\u009d In diesem Fall kann sie sogar \u00e4u\u00dferst lustig sein. Je nach Gruppendynamik, die sich im gesch\u00fctzten M\u00f6glichkeitsraum entwickelt, den Biedermann ihrem Publikum zur Verf\u00fcgung stellt\u2026\u00c3\u00a2\u20ac\u00c2\u009d<strong><br \/>\nChristian Bos, K\u00f6lner Stadt-Anzeiger, 15.5.2015<\/strong><\/p>\n<p>\u201cEs ist ein Gesellschaftsspiel in echt. Derartige Mitmachproduktionen sind derzeit en vogue, doch gehen sie h\u00e4ufig noch schief: weil sie sich selbst viel zu ernst nehmen. Der Ton dieser Konferenz klingt von Beginn an leicht und heiter, das immerhin.{\u2026}<br \/>\nDaf\u00fcr gelingt Pulk Fiktion mit der \u201cKonferenz der wesentlichen Dinge\u201c etwas anderes: Man lernt wildfremde Menschen schnell kennen und auch einzusch\u00e4tzen.\u00c3\u00a2\u20ac\u00c2\u009d <strong>Christoph Braun, Braunschweiger Zeitung, 15.12.2014<\/strong><\/p>\n","protected":false},"excerpt":{"rendered":"<p>Was ist, wenn Familie nicht mehr der Natur gehorchen muss? Wenn man sie sich selber aussuchen kann? Welche Freiheiten entstehen? Wer k\u00fcmmert sich um wen? Eine f\u00fcr alle, alle f\u00fcr eine? Oder ganz anders? An einem gro\u00dfen Tisch kommt eine untereinander unbekannte Gruppe von Kindern und Erwachsenen zusammen. Familie steht auf dem Spiel. Die Verhandlung &hellip; <a href=\"https:\/\/hannah-biedermann.de\/?page_id=1385\" class=\"more-link\">Continue reading <span class=\"screen-reader-text\">Konferenz der wesentlichen Dinge (2014)<\/span><\/a><\/p>\n","protected":false},"author":3,"featured_media":0,"parent":3,"menu_order":0,"comment_status":"closed","ping_status":"closed","template":"","meta":{"footnotes":""},"class_list":["post-1385","page","type-page","status-publish","hentry"],"_links":{"self":[{"href":"https:\/\/hannah-biedermann.de\/index.php?rest_route=\/wp\/v2\/pages\/1385","targetHints":{"allow":["GET"]}}],"collection":[{"href":"https:\/\/hannah-biedermann.de\/index.php?rest_route=\/wp\/v2\/pages"}],"about":[{"href":"https:\/\/hannah-biedermann.de\/index.php?rest_route=\/wp\/v2\/types\/page"}],"author":[{"embeddable":true,"href":"https:\/\/hannah-biedermann.de\/index.php?rest_route=\/wp\/v2\/users\/3"}],"replies":[{"embeddable":true,"href":"https:\/\/hannah-biedermann.de\/index.php?rest_route=%2Fwp%2Fv2%2Fcomments&post=1385"}],"version-history":[{"count":7,"href":"https:\/\/hannah-biedermann.de\/index.php?rest_route=\/wp\/v2\/pages\/1385\/revisions"}],"predecessor-version":[{"id":1646,"href":"https:\/\/hannah-biedermann.de\/index.php?rest_route=\/wp\/v2\/pages\/1385\/revisions\/1646"}],"up":[{"embeddable":true,"href":"https:\/\/hannah-biedermann.de\/index.php?rest_route=\/wp\/v2\/pages\/3"}],"wp:attachment":[{"href":"https:\/\/hannah-biedermann.de\/index.php?rest_route=%2Fwp%2Fv2%2Fmedia&parent=1385"}],"curies":[{"name":"wp","href":"https:\/\/api.w.org\/{rel}","templated":true}]}}