{"id":146,"date":"2012-04-04T11:27:55","date_gmt":"2012-04-04T09:27:55","guid":{"rendered":"http:\/\/hannah-biedermann.de\/?page_id=146"},"modified":"2012-05-16T19:36:34","modified_gmt":"2012-05-16T17:36:34","slug":"spurensuche","status":"publish","type":"page","link":"https:\/\/hannah-biedermann.de\/?page_id=146","title":{"rendered":"SPURENSUCHE (2010-2012)"},"content":{"rendered":"<p><a href=\"http:\/\/www.spurensuche-theatertreffen.de\/festival.html\" target=\"_blank\"><\/a> <\/p>\n<p>Die SPURENSUCHE ist ein Arbeitstreffen von freien Kinder- und Jugendtheatern f\u00fcr freie Kinder- und Jugendtheater.<\/p>\n<p>Die  SPURENSUCHE bietet freien Kinder- und Jugendtheatern ein Forum,  aktuelle Arbeiten anderer freier Theater zu sehen, zu reflektieren und  in Inszenierungsgespra\u00c3\u0152\u00cb\u2020chen offen und konstruktiv zu diskutieren.  Daru\u00c3\u0152\u00cb\u2020ber hinaus finden Ateliers und Laboratorien zum ku\u00c3\u0152\u00cb\u2020nstlerischen und  inhaltlichen Austausch statt.<\/p>\n<p>Ziel der  SPURENSUCHE ist es, eine informelle Struktur fu\u00c3\u0152\u00cb\u2020r die gegenseitige  Fo\u00c3\u0152\u00cb\u2020rderung und den Austausch untereinander zu entwickeln. Dies wird auf  der Grundlage des \u201cPatenmodells\u201c umgesetzt. Das bedeutet, dass Theater,  die bereits einmal oder mehrfach an der SPURENSUCHE teilgenommen haben,  die Patenschaft fu\u00c3\u0152\u00cb\u2020r ein eingeladenes Theater und die vorgestellte  Produktion u\u00c3\u0152\u00cb\u2020bernehmen.<\/p>\n<p>Die SPURENSUCHE ist ein  Wandertreffen. Das hei\u00dft, es wird alle zwei Jahre von der ASSITEJ in  Kooperation mit einem anderen deutschen Kinder- und Jugendtheater  ausgerichtet. Die K\u00fcnstlerische Leitung, die aus dem Kreise der Theater  gew\u00e4hlt wird, unterst\u00fctzt die Ausrichter und sorgt f\u00fcr Kontinuit\u00e4t. <\/p>\n<div>\n<p>Die K\u00fcnstlerische Leitung besteht aus der ASSITEJ Gesch\u00e4ftsf\u00fchrerin (Meike Fechner), zwei Mitglieder des ASSITEJ Vorstands ( Wolfgang St\u00fcssel, Andrea Erl), zwei Vertretern der freien Kinder- und Jugendtheaterszene (Hannah Biedermann &#8211; pulk fiktion, Stefan Ebeling &#8211; ciacconna clox) und einem Vertreter des ausrichtenden Theaters.<\/p>\n<p><strong>Meine T\u00e4tigkeit seit Ende 2010: innerhalb der k\u00fcnstlerischen Leitung Suche eines Ausrichters, Inhaltliche und strukturelle Konzeption der SPURENSUCHE und die Erstellung einer <a href=\"http:\/\/www.spurensuche-theatertreffen.de\/festival.html\" target=\"_blank\">Spurensuche-Website<\/a>.<\/strong><\/p>\n<\/div>\n<p>&nbsp;<\/p>\n","protected":false},"excerpt":{"rendered":"<p>Die SPURENSUCHE ist ein Arbeitstreffen von freien Kinder- und Jugendtheatern f\u00fcr freie Kinder- und Jugendtheater. Die SPURENSUCHE bietet freien Kinder- und Jugendtheatern ein Forum, aktuelle Arbeiten anderer freier Theater zu sehen, zu reflektieren und in Inszenierungsgespra\u00c3\u0152\u00cb\u2020chen offen und konstruktiv zu diskutieren. Daru\u00c3\u0152\u00cb\u2020ber hinaus finden Ateliers und Laboratorien zum ku\u00c3\u0152\u00cb\u2020nstlerischen und inhaltlichen Austausch statt. Ziel der &hellip; <a href=\"https:\/\/hannah-biedermann.de\/?page_id=146\" class=\"more-link\">Continue reading <span class=\"screen-reader-text\">SPURENSUCHE (2010-2012)<\/span><\/a><\/p>\n","protected":false},"author":827,"featured_media":0,"parent":3,"menu_order":0,"comment_status":"closed","ping_status":"closed","template":"template-twocolumnsleft.php","meta":{"footnotes":""},"class_list":["post-146","page","type-page","status-publish","hentry"],"_links":{"self":[{"href":"https:\/\/hannah-biedermann.de\/index.php?rest_route=\/wp\/v2\/pages\/146","targetHints":{"allow":["GET"]}}],"collection":[{"href":"https:\/\/hannah-biedermann.de\/index.php?rest_route=\/wp\/v2\/pages"}],"about":[{"href":"https:\/\/hannah-biedermann.de\/index.php?rest_route=\/wp\/v2\/types\/page"}],"author":[{"embeddable":true,"href":"https:\/\/hannah-biedermann.de\/index.php?rest_route=\/wp\/v2\/users\/827"}],"replies":[{"embeddable":true,"href":"https:\/\/hannah-biedermann.de\/index.php?rest_route=%2Fwp%2Fv2%2Fcomments&post=146"}],"version-history":[{"count":2,"href":"https:\/\/hannah-biedermann.de\/index.php?rest_route=\/wp\/v2\/pages\/146\/revisions"}],"predecessor-version":[{"id":444,"href":"https:\/\/hannah-biedermann.de\/index.php?rest_route=\/wp\/v2\/pages\/146\/revisions\/444"}],"up":[{"embeddable":true,"href":"https:\/\/hannah-biedermann.de\/index.php?rest_route=\/wp\/v2\/pages\/3"}],"wp:attachment":[{"href":"https:\/\/hannah-biedermann.de\/index.php?rest_route=%2Fwp%2Fv2%2Fmedia&parent=146"}],"curies":[{"name":"wp","href":"https:\/\/api.w.org\/{rel}","templated":true}]}}