{"id":149,"date":"2012-04-06T10:24:50","date_gmt":"2012-04-06T08:24:50","guid":{"rendered":"http:\/\/hannah-biedermann.de\/?page_id=149"},"modified":"2012-05-30T19:16:03","modified_gmt":"2012-05-30T17:16:03","slug":"offroad-workshop-die-brotfabrik-wird-zur-facefabrik","status":"publish","type":"page","link":"https:\/\/hannah-biedermann.de\/?page_id=149","title":{"rendered":"OFFroad Workshop: Die Brotfabrik wird zur Facefabrik (2011)"},"content":{"rendered":"<p>&nbsp;<\/p>\n<p><img loading=\"lazy\" decoding=\"async\" class=\"alignleft size-full wp-image-245\" src=\"http:\/\/hannah-biedermann.de\/wp-content\/uploads\/offraod2.jpg\" alt=\"\" width=\"306\" height=\"456\" \/>Stellen wir uns vor, die Brotfabrik ist eine Zelle des Internets: Facebook. Was passiert, wenn Privates o\u00c3\u0152\u00cb\u2020ffentlich wird? Was passiert wenn die Wahrheit erfunden ist und Erfundenes wahr ist? Wir unterziehen eure Facebookprofile einer theatralen Untersuchung. Da wird der Pinnwandeintrag zum Theatertext, dein Bild zur Kulisse, und deine Freunde zu Zuschauern. Wir verlinken Festivalteilnehmer, posten eigene Videos und erfinden uns neu. Die Ergebnisse unserer Fragen an dieses Medium werden in einer theatralen Installation auf dem Gela\u00c3\u0152\u00cb\u2020nde der Brotfabrik pra\u00c3\u0152\u00cb\u2020sentiert.<\/p>\n<p>&nbsp;<\/p>\n<p><img loading=\"lazy\" decoding=\"async\" class=\"alignleft size-medium wp-image-482\" src=\"http:\/\/hannah-biedermann.de\/wp-content\/uploads\/offraod1-300x200.jpg\" alt=\"\" width=\"300\" height=\"200\" srcset=\"https:\/\/hannah-biedermann.de\/wp-content\/uploads\/offraod1-300x200.jpg 300w, https:\/\/hannah-biedermann.de\/wp-content\/uploads\/offraod1.jpg 567w\" sizes=\"auto, (max-width: 300px) 100vw, 300px\" \/><\/p>\n<p>&nbsp;<\/p>\n<p>&nbsp;<\/p>\n<p>&nbsp;<\/p>\n<p>&nbsp;<\/p>\n<p>&nbsp;<\/p>\n<p>&nbsp;<\/p>\n<p>&nbsp;<\/p>\n<p>&nbsp;<\/p>\n<p>Der Workshop fand am 24\/15.09.2011 im Rahmen des OFFroad &#8211; Festival f\u00fcr Theaterjugendclubs in Bonn statt.<\/p>\n","protected":false},"excerpt":{"rendered":"<p>&nbsp; Stellen wir uns vor, die Brotfabrik ist eine Zelle des Internets: Facebook. Was passiert, wenn Privates o\u00c3\u0152\u00cb\u2020ffentlich wird? Was passiert wenn die Wahrheit erfunden ist und Erfundenes wahr ist? Wir unterziehen eure Facebookprofile einer theatralen Untersuchung. Da wird der Pinnwandeintrag zum Theatertext, dein Bild zur Kulisse, und deine Freunde zu Zuschauern. Wir verlinken Festivalteilnehmer, &hellip; <a href=\"https:\/\/hannah-biedermann.de\/?page_id=149\" class=\"more-link\">Continue reading <span class=\"screen-reader-text\">OFFroad Workshop: Die Brotfabrik wird zur Facefabrik (2011)<\/span><\/a><\/p>\n","protected":false},"author":3,"featured_media":0,"parent":3,"menu_order":0,"comment_status":"closed","ping_status":"closed","template":"template-twocolumnsleft.php","meta":{"footnotes":""},"class_list":["post-149","page","type-page","status-publish","hentry"],"_links":{"self":[{"href":"https:\/\/hannah-biedermann.de\/index.php?rest_route=\/wp\/v2\/pages\/149","targetHints":{"allow":["GET"]}}],"collection":[{"href":"https:\/\/hannah-biedermann.de\/index.php?rest_route=\/wp\/v2\/pages"}],"about":[{"href":"https:\/\/hannah-biedermann.de\/index.php?rest_route=\/wp\/v2\/types\/page"}],"author":[{"embeddable":true,"href":"https:\/\/hannah-biedermann.de\/index.php?rest_route=\/wp\/v2\/users\/3"}],"replies":[{"embeddable":true,"href":"https:\/\/hannah-biedermann.de\/index.php?rest_route=%2Fwp%2Fv2%2Fcomments&post=149"}],"version-history":[{"count":6,"href":"https:\/\/hannah-biedermann.de\/index.php?rest_route=\/wp\/v2\/pages\/149\/revisions"}],"predecessor-version":[{"id":606,"href":"https:\/\/hannah-biedermann.de\/index.php?rest_route=\/wp\/v2\/pages\/149\/revisions\/606"}],"up":[{"embeddable":true,"href":"https:\/\/hannah-biedermann.de\/index.php?rest_route=\/wp\/v2\/pages\/3"}],"wp:attachment":[{"href":"https:\/\/hannah-biedermann.de\/index.php?rest_route=%2Fwp%2Fv2%2Fmedia&parent=149"}],"curies":[{"name":"wp","href":"https:\/\/api.w.org\/{rel}","templated":true}]}}