{"id":158,"date":"2012-04-30T22:50:10","date_gmt":"2012-04-30T20:50:10","guid":{"rendered":"http:\/\/hannah-biedermann.de\/?page_id=158"},"modified":"2014-09-04T15:10:18","modified_gmt":"2014-09-04T13:10:18","slug":"nogolab-aufruf-zum-kreativen-eingreifen","status":"publish","type":"page","link":"https:\/\/hannah-biedermann.de\/?page_id=158","title":{"rendered":"NoGoLab &#8211; Aufruf zum kreativen Eingreifen (2012)"},"content":{"rendered":"<p><strong>\u00dcber mein Labor: <\/strong><\/p>\n<p style=\"text-align: justify\">Ausgehend von den Dingen, die unser Ansicht nach \u00c3\u201a\u00c2\u00bbgar nicht gehen\u00c3\u201a\u00c2\u00ab, haben wir k\u00fcnstlerische Aktionen im \u00f6ffentlichen Raum entwickelt und ausgef\u00fchrt.<\/p>\n<p style=\"text-align: justify\"><img loading=\"lazy\" decoding=\"async\" class=\"alignleft size-medium wp-image-220\" src=\"http:\/\/hannah-biedermann.de\/wp-content\/uploads\/nogolab105_v-contentgross-300x169.jpg\" alt=\"\" width=\"300\" height=\"169\" srcset=\"https:\/\/hannah-biedermann.de\/wp-content\/uploads\/nogolab105_v-contentgross-300x169.jpg 300w, https:\/\/hannah-biedermann.de\/wp-content\/uploads\/nogolab105_v-contentgross.jpg 568w\" sizes=\"auto, (max-width: 300px) 100vw, 300px\" \/><\/p>\n<p style=\"text-align: justify\">Doch wogegen sind wir eigentlich?<br \/>\nDie Teilnehmer des Labors 4 folgten dem Aufruf zum kreativen Eingreifen:<br \/>\nSelbst entwickelte Slogans verk\u00fcnden \u00c3\u201a\u00c2\u00bbJeder kann die Welt verbessern, fangt schon mal an!\u00c3\u201a\u00c2\u00ab oder \u00c3\u201a\u00c2\u00bbHallooo, ich bin ein Teenager, ich habe keine Zeit f\u00fcr Politik\u00c3\u201a\u00c2\u00ab und werden in der Schule zu einer Demonstration der Abwesenden arrangiert. Doch dabei bleibt es nicht. Wir sammeln kleine und gro\u00dfe Themen, die uns in, an und um G\u00f6ttingen herum st\u00f6ren und erarbeiten Wege und Verfahren, um daraus k\u00fcnstlerische Ideen zu entwickeln. Wann wird eine politische Kundgebung eigentlich zur Kunst? Und nicht zuletzt \u00fcben wir den Schritt in die \u00c3\u0192\u00e2\u20ac\u201cffentlichkeit: Von den ersten Slomotion-Bewegungen durch die Bahnhofspassage bis hin zur innerst\u00e4dtischen Kochaktion mit vor Ort geliehenen Kochutensilien.<\/p>\n<p style=\"text-align: justify\">Ein Labor von fl\u00fcchtigen Erfahrungen zwischen Politik, Kunst und vor allem sich selbst.<\/p>\n<p style=\"text-align: justify\">Ein Video zur Kochaktion findet ihr <a href=\"http:\/\/hannah-biedermann.de\/?page_id=5\">hier<\/a>.<\/p>\n<p style=\"text-align: justify\"><img loading=\"lazy\" decoding=\"async\" class=\"size-medium wp-image-310 alignright\" src=\"http:\/\/hannah-biedermann.de\/wp-content\/uploads\/IMG_7444-300x200.jpg\" alt=\"\" width=\"300\" height=\"200\" srcset=\"https:\/\/hannah-biedermann.de\/wp-content\/uploads\/IMG_7444-300x200.jpg 300w, https:\/\/hannah-biedermann.de\/wp-content\/uploads\/IMG_7444-1024x682.jpg 1024w\" sizes=\"auto, (max-width: 300px) 100vw, 300px\" \/><\/p>\n<p style=\"text-align: justify\"><strong>\u00dcber NogoLab:<\/strong><\/p>\n<p style=\"text-align: justify\">In zehn Projektgruppen forschten, fanden, kreierten, arbeiteten und probten Theaterschaffende des Deutschen Theaters G\u00f6ttigen und assoziierte K\u00fcnstler in der Spielzeit 2011\/2012 mit 100 Sch\u00fclern\/Studenten aus Stadt und Landkreis G\u00f6ttingen am Thema NoGo &#8211; das tut man nicht, das geht gar nicht.<br \/>\nTheater in all seinen darstellerischen Ausdrucksformen bildet den Kern dieses ambitionierten Gro\u00dfprojektes. Andere k\u00fcnstlerischen Elemente wie Film, bildende Kunst und Musik flie\u00dfen mit ein und runden das Projekt ab.<br \/>\nAm Ende dieses gro\u00dfen Kooperationsprojektes steht ein au\u00dfergew\u00f6hnliches Theatererlebnis, bei dem das G\u00f6ttinger Publikum an mehreren Fr\u00fchsommerabenden im Mai 2012 zu \u00fcberraschenden, wie verwundernden und verf\u00fchrenden Vorstellungen eingeladen ist!<\/p>\n<p>www.nogolab.de<br \/>\nwww.dt-goettingen.de<\/p>\n","protected":false},"excerpt":{"rendered":"<p>\u00dcber mein Labor: Ausgehend von den Dingen, die unser Ansicht nach \u00c3\u201a\u00c2\u00bbgar nicht gehen\u00c3\u201a\u00c2\u00ab, haben wir k\u00fcnstlerische Aktionen im \u00f6ffentlichen Raum entwickelt und ausgef\u00fchrt. Doch wogegen sind wir eigentlich? Die Teilnehmer des Labors 4 folgten dem Aufruf zum kreativen Eingreifen: Selbst entwickelte Slogans verk\u00fcnden \u00c3\u201a\u00c2\u00bbJeder kann die Welt verbessern, fangt schon mal an!\u00c3\u201a\u00c2\u00ab oder \u00c3\u201a\u00c2\u00bbHallooo, &hellip; <a href=\"https:\/\/hannah-biedermann.de\/?page_id=158\" class=\"more-link\">Continue reading <span class=\"screen-reader-text\">NoGoLab &#8211; Aufruf zum kreativen Eingreifen (2012)<\/span><\/a><\/p>\n","protected":false},"author":3,"featured_media":0,"parent":3,"menu_order":0,"comment_status":"closed","ping_status":"closed","template":"template-twocolumnsleft.php","meta":{"footnotes":""},"class_list":["post-158","page","type-page","status-publish","hentry"],"_links":{"self":[{"href":"https:\/\/hannah-biedermann.de\/index.php?rest_route=\/wp\/v2\/pages\/158","targetHints":{"allow":["GET"]}}],"collection":[{"href":"https:\/\/hannah-biedermann.de\/index.php?rest_route=\/wp\/v2\/pages"}],"about":[{"href":"https:\/\/hannah-biedermann.de\/index.php?rest_route=\/wp\/v2\/types\/page"}],"author":[{"embeddable":true,"href":"https:\/\/hannah-biedermann.de\/index.php?rest_route=\/wp\/v2\/users\/3"}],"replies":[{"embeddable":true,"href":"https:\/\/hannah-biedermann.de\/index.php?rest_route=%2Fwp%2Fv2%2Fcomments&post=158"}],"version-history":[{"count":5,"href":"https:\/\/hannah-biedermann.de\/index.php?rest_route=\/wp\/v2\/pages\/158\/revisions"}],"predecessor-version":[{"id":1299,"href":"https:\/\/hannah-biedermann.de\/index.php?rest_route=\/wp\/v2\/pages\/158\/revisions\/1299"}],"up":[{"embeddable":true,"href":"https:\/\/hannah-biedermann.de\/index.php?rest_route=\/wp\/v2\/pages\/3"}],"wp:attachment":[{"href":"https:\/\/hannah-biedermann.de\/index.php?rest_route=%2Fwp%2Fv2%2Fmedia&parent=158"}],"curies":[{"name":"wp","href":"https:\/\/api.w.org\/{rel}","templated":true}]}}