{"id":1665,"date":"2016-03-15T11:10:13","date_gmt":"2016-03-15T09:10:13","guid":{"rendered":"http:\/\/hannah-biedermann.de\/?page_id=1665"},"modified":"2016-03-18T19:06:43","modified_gmt":"2016-03-18T17:06:43","slug":"galaktika-silencia-2016","status":"publish","type":"page","link":"https:\/\/hannah-biedermann.de\/?page_id=1665","title":{"rendered":"Galaktika Silencia (2016)"},"content":{"rendered":"<p style=\"text-align: justify\"><a href=\"http:\/\/hannah-biedermann.de\/wp-content\/uploads\/Postkarte-VS-22022016-final_kleiner.jpg\" rel=\"attachment wp-att-1664\"><img loading=\"lazy\" decoding=\"async\" class=\"alignleft wp-image-1664 \" src=\"http:\/\/hannah-biedermann.de\/wp-content\/uploads\/Postkarte-VS-22022016-final_kleiner.jpg\" alt=\"Postkarte-VS-22022016-final_kleiner\" width=\"378\" height=\"568\" \/><\/a>Der Weltraum ist ein Ort ohne Klang und doch ist er voller Ereignisse. Findet nur das statt, was wir h\u00f6ren? Ist nur das wirklich, was wir wahrnehmen?<\/p>\n<p style=\"text-align: justify\">Die au\u00dferirdische Band Galaktika Silencia ist auf Planetentour und spielt eins der Jahrhundertkonzerte auf der Erde. Ihre Songs thematisieren die physikalischen Ph\u00e4nomene des Weltalls, genauso wie Fragen an unser aller Dasein. Sie erz\u00e4hlen vom schallleeren Raum, von der Zeit zwischen den T\u00f6nen, vom Geburtsschrei des Universums und dem Rauschen der Gravitation. Sie singen in und von fremden Kl\u00e4ngen und von der Sehnsucht nach dem Vertrauten. Werden sie es schaffen ihren intergalaktischen Mix aus tiefsten Urknallfrequenzen, dr\u00f6hnender Stille und hellsten Sternenexplosionen f\u00fcr das menschliche Ohr unter Kontrolle zu kriegen?<\/p>\n<p style=\"text-align: justify\">musiktheater bruit! und pulk fiktion laden Euch ein zu einer musikalischen Forschungsreise ins Unbekannte. Kommt mit und h\u00f6rt selbst!<\/p>\n<p><img loading=\"lazy\" decoding=\"async\" class=\"alignleft size-medium wp-image-1659\" src=\"http:\/\/hannah-biedermann.de\/wp-content\/uploads\/galaktika-5-von-47-300x200.jpg\" alt=\"galaktika (5 von 47)\" width=\"300\" height=\"200\" srcset=\"https:\/\/hannah-biedermann.de\/wp-content\/uploads\/galaktika-5-von-47-300x200.jpg 300w, https:\/\/hannah-biedermann.de\/wp-content\/uploads\/galaktika-5-von-47-768x512.jpg 768w, https:\/\/hannah-biedermann.de\/wp-content\/uploads\/galaktika-5-von-47-1024x683.jpg 1024w\" sizes=\"auto, (max-width: 300px) 100vw, 300px\" \/><img loading=\"lazy\" decoding=\"async\" class=\"alignleft size-medium wp-image-1653\" src=\"http:\/\/hannah-biedermann.de\/wp-content\/uploads\/galaktika-27-von-47-300x200.jpg\" alt=\"galaktika (27 von 47)\" width=\"300\" height=\"200\" srcset=\"https:\/\/hannah-biedermann.de\/wp-content\/uploads\/galaktika-27-von-47-300x200.jpg 300w, https:\/\/hannah-biedermann.de\/wp-content\/uploads\/galaktika-27-von-47-768x512.jpg 768w, https:\/\/hannah-biedermann.de\/wp-content\/uploads\/galaktika-27-von-47-1024x683.jpg 1024w\" sizes=\"auto, (max-width: 300px) 100vw, 300px\" \/><img loading=\"lazy\" decoding=\"async\" class=\"alignleft size-medium wp-image-1660\" src=\"http:\/\/hannah-biedermann.de\/wp-content\/uploads\/galaktika-1-von-12-300x200.jpg\" alt=\"galaktika (1 von 12)\" width=\"300\" height=\"200\" srcset=\"https:\/\/hannah-biedermann.de\/wp-content\/uploads\/galaktika-1-von-12-300x200.jpg 300w, https:\/\/hannah-biedermann.de\/wp-content\/uploads\/galaktika-1-von-12-768x512.jpg 768w, https:\/\/hannah-biedermann.de\/wp-content\/uploads\/galaktika-1-von-12-1024x683.jpg 1024w\" sizes=\"auto, (max-width: 300px) 100vw, 300px\" \/><\/p>\n<div><b>Konzept:<\/b>\u00c3\u201a\u00c2\u00a0musiktheater bruit! und pulk fiktion<\/div>\n<div><b>Regie: <\/b>Hannah Biedermann<\/div>\n<div><b>Spiel: <\/b>Karoline K\u00e4hler, Matthias Meyer, Marcus Thomas<\/div>\n<div><b>Musik:<\/b> musiktheater bruit!<\/div>\n<div><b>Ausstattung: <\/b>Kirsten Hamm<\/div>\n<div><strong>Assistenz:<\/strong> Benjamin Wenzel<\/div>\n<div>\n<p><b>Produktion: <\/b>Zwei Eulen &#8221; B\u00fcro f\u00fcr Kulturkonzepte<\/p>\n<p><strong>Spieldauer:<\/strong> 75 Minuten<br \/>\n<strong>Anzahl der Mitwirkenden:<\/strong> 2H, 1D, 1T<br \/>\n<strong>Zielgruppe:<\/strong>\u00c3\u201a\u00c2\u00a0 ab 8 Jahren<\/p>\n<\/div>\n<p><strong>PREMIERE und Urauff\u00fchrung: <\/strong>11.03.2016<br \/>\n<strong>Rechte:<\/strong> Beim Theater<\/p>\n<p><strong>Presseausschnitte:<\/p>\n<p><\/strong>\u201cMusiktheater wird auf diese Weise spielerisch zu Wissenschaftstheater mit hohem Anspruch\u2026.Schr\u00e4ge Songs, popkulturelle Referenzen, Musik- und Klangexperimente machen bei \u201cGalaktika Silencia\u201c nicht nur Kindern und Erwachsenen gleichsam einen Riesenspa\u00df. Sie funktionieren vor allem auch als geschickt gebaute Trojanische Pferde f\u00fcr gedankliche Reisen in die Wissenschaften. Schallwellen, Raumzeit, Lichtgeschwindigkeit, Wurml\u00f6cher, Relativit\u00e4tstheorie? Kindgerecht? F\u00fcr manches, was selbst viele Erwachsene nur schwer begreifen k\u00f6nnen, finden die beiden Theaterkollektive bestechend einfache Beispiele und poetisch einpr\u00e4gsame Bilder\u2026Macht nachhaltig neugierig, das Erlebte irgendwann nochmal genau zu erforschen. Und stiftet gleich noch dazu an, sich nicht auf Oberfl\u00e4chlichkeiten zu verlassen\u201c<br \/>\n<strong>HAZ, 18.03.2016<\/strong><\/p>\n","protected":false},"excerpt":{"rendered":"<p>Der Weltraum ist ein Ort ohne Klang und doch ist er voller Ereignisse. Findet nur das statt, was wir h\u00f6ren? Ist nur das wirklich, was wir wahrnehmen? Die au\u00dferirdische Band Galaktika Silencia ist auf Planetentour und spielt eins der Jahrhundertkonzerte auf der Erde. Ihre Songs thematisieren die physikalischen Ph\u00e4nomene des Weltalls, genauso wie Fragen an &hellip; <a href=\"https:\/\/hannah-biedermann.de\/?page_id=1665\" class=\"more-link\">Continue reading <span class=\"screen-reader-text\">Galaktika Silencia (2016)<\/span><\/a><\/p>\n","protected":false},"author":3,"featured_media":0,"parent":3,"menu_order":0,"comment_status":"closed","ping_status":"closed","template":"","meta":{"footnotes":""},"class_list":["post-1665","page","type-page","status-publish","hentry"],"_links":{"self":[{"href":"https:\/\/hannah-biedermann.de\/index.php?rest_route=\/wp\/v2\/pages\/1665","targetHints":{"allow":["GET"]}}],"collection":[{"href":"https:\/\/hannah-biedermann.de\/index.php?rest_route=\/wp\/v2\/pages"}],"about":[{"href":"https:\/\/hannah-biedermann.de\/index.php?rest_route=\/wp\/v2\/types\/page"}],"author":[{"embeddable":true,"href":"https:\/\/hannah-biedermann.de\/index.php?rest_route=\/wp\/v2\/users\/3"}],"replies":[{"embeddable":true,"href":"https:\/\/hannah-biedermann.de\/index.php?rest_route=%2Fwp%2Fv2%2Fcomments&post=1665"}],"version-history":[{"count":2,"href":"https:\/\/hannah-biedermann.de\/index.php?rest_route=\/wp\/v2\/pages\/1665\/revisions"}],"predecessor-version":[{"id":1670,"href":"https:\/\/hannah-biedermann.de\/index.php?rest_route=\/wp\/v2\/pages\/1665\/revisions\/1670"}],"up":[{"embeddable":true,"href":"https:\/\/hannah-biedermann.de\/index.php?rest_route=\/wp\/v2\/pages\/3"}],"wp:attachment":[{"href":"https:\/\/hannah-biedermann.de\/index.php?rest_route=%2Fwp%2Fv2%2Fmedia&parent=1665"}],"curies":[{"name":"wp","href":"https:\/\/api.w.org\/{rel}","templated":true}]}}