{"id":1729,"date":"2016-06-14T18:55:10","date_gmt":"2016-06-14T16:55:10","guid":{"rendered":"http:\/\/hannah-biedermann.de\/?page_id=1729"},"modified":"2025-12-19T12:02:04","modified_gmt":"2025-12-19T10:02:04","slug":"diskurs-und-vermittlung","status":"publish","type":"page","link":"https:\/\/hannah-biedermann.de\/?page_id=1729","title":{"rendered":"Diskurs und Vermittlung"},"content":{"rendered":"<h4>Diskurs und Vermittlung (Auswahl)<\/h4>\n<p><strong>2025<br \/>\n<\/strong>\/6<strong> &#8220;Next Generation Forum&#8221; <\/strong>beim Westwind Festival 2025, <em>Leitung der gesamten Stipendiatengruppe,\u00a0 Leitung der Kleingruppe &#8220;Performance&#8221;<\/em><strong><\/p>\n<p>2024<br \/>\n<\/strong><\/p>\n<p>\/10<strong> &#8220;Deutsch-Thaiwanisches Symposium zum Theater f\u00fcr junges Publikum&#8221; &#8211; <\/strong>Goethe Institut Thaiwan, Taipei, <em>Panelteilnahme<br \/>\n<\/em><br \/>\n\/8 <strong>&#8220;pulkPOLIS&#8221;<\/strong>, Orte besuchen und \u00fcber Begegnungskunst sprechen<\/p>\n<p>\/7 <strong>&#8220;pulkLABORTAGE&#8221;<\/strong>, Projekttage mit Kitakindern der AMARES Waldkindergarten und der 7 Klasse der Gesamtschule R\u00f6srath zu dem &#8220;gef\u00e4hrlichsten Spielplatz der Welt&#8221;, <em>Projektleitung\u00a0<\/em><\/p>\n<p><strong>2023<\/strong><\/p>\n<p>\/05 &#8211; <strong>&#8220;Zwischen Zurschaustellung und Empowerment&#8221;<\/strong> &#8211; Assitejwerkstatt, Staatstheater Wiesbaden, <em>Vortrag und Workshopleitung<\/em><\/p>\n<p><strong>2022<br \/>\n<\/strong><\/p>\n<p><strong>\/11 &#8211; &#8220;Begegnungsraum bauen &#8211; Theater erforschen&#8221; &#8211;<\/strong> Konferenz zur Forschung im Kinder- und Jugendtheater, Fundus Theater Hamburg, <em>Vortrag<\/em><\/p>\n<p><strong>\/11 &#8211; &#8220;\u00dcberzeugungen \u00fcber Bord werfen &#8211; Theater f\u00fcr Kinder und Jugendlichen zwischen Augenh\u00f6he und Hierarchie&#8221; &#8211;<\/strong> Ringvorlesung \u00c4sthetische Erziehung, Universit\u00e4t K\u00f6ln, <em>Vortrag<\/em><\/p>\n<p><strong>\/10 &#8211; &#8220;Auf Tuchf\u00fchlung &#8211; Unsere Beziehung zum Publikum&#8221; &#8211;<\/strong>\u00a0B.A.L.L. des Fonds Darstellende K\u00fcnste, <em>Konzeption und Gespr\u00e4chsleitung<\/em><\/p>\n<p><strong>\/09 &#8211; &#8220;Depressionen verarbeiten &#8211; \u00c4sthetik und Leben&#8221;<\/strong> &#8211; Gespr\u00e4chsformat Favoriten Festival 2022, <em>Podiumsgast<\/em><\/p>\n<p><strong>\/06 &#8211; &#8220;Digital &amp; Interaktiv. Stand und neue Entwicklungen im jungen Theater&#8221; &#8211; <\/strong>nachtkritikplus, Veranstaltungsreihe Play Time, <em>Diskussionsteilnehmerin<\/em><\/p>\n<p><strong>\/06 &#8211; &#8220;Spurensuche 22&#8221; &#8211; <\/strong>Arbeitsfestival der freien Kinder- und Jugendtheater, Pathos M\u00fcnchen, ASSITEJ, <em>Konzeptionsteam<\/em><\/p>\n<p><strong>2021<br \/>\n<\/strong><\/p>\n<p><strong>\/11 &#8211; &#8220;Wohin geht die Kulturpolitik&#8221; &#8211;<\/strong> Flausen Kongress 2021, <em>Podiumsgast<\/em><\/p>\n<p><strong>\/06 &#8211; &#8220;Chaostheorien &#8211; Performatives Kinder- und Jugendtheater&#8221; &#8211; <\/strong>Schauspielschultreffen 2021, Wien, <em>Workshopleitung<\/em><\/p>\n<p><strong>\/06 &#8211; &#8220;Kinder- und Jugendtheater heute&#8221; &#8211;<\/strong> Schauspielschultreffen 2021, Wien, <em>Podiumsgast<\/em><\/p>\n<p><strong>\/03 &#8211; &#8220;Publikumsinteraktion&#8221; &#8211;<\/strong> DIG IT ALL, Dramaturgische Gesellschaft,<em> Referentin <\/em><\/p>\n<p><strong>\/03 &#8211;<\/strong><strong> &#8220;New Directions in the TYA &#8211; <\/strong><em>Vortrag\/Diskussion<\/em> innerhalb Assitej Worldkongres<em>s 2021<\/em><\/p>\n<p><strong>\/03 &#8211; &#8220;Elternschaft und Arbeit&#8221; &#8211;<\/strong> feministische Reihe, Theater Oberhausen, <em>Podiumsgast<\/em><\/p>\n<p><strong>\/02 &#8211; &#8220;kritikgestalten &#8211; Auftaktveranstaltung&#8221;<\/strong> &#8211; <em>Impulsvortrag \u00fcber Kritik im KJT<\/em><\/p>\n<p><strong>2020<\/strong><\/p>\n<p><strong>\/06 &#8211;<\/strong> <strong>&#8220;Spurensuche Reloaded&#8221;<\/strong> &#8211; Pathos M\u00fcnchen\/digital &#8211; Festival zur freien Szene des Kinder- und Jugendtheater, ASSITEJ, <em>Floaterin\/Gespr\u00e4chsleitung<\/em><\/p>\n<p><strong>\/01 &#8211; &#8220;Zum Umgang mit Recherchematerial und seiner \u00e4sthetischen Dimension&#8221;<\/strong> &#8211; Tagung: Geschichte hier und Jetzt, KOST Theater und Schule Sachsen, <em>Vortrag<\/em><\/p>\n<p><strong>2019<\/strong><\/p>\n<p><strong>\/06 &#8211; &#8220;performative \u00c4sthetiken im Kinder- und Jugendtheater&#8221;<\/strong>&#8211; SCH\u00c4XPIR Festival Linz, Workshop, <em>Workshopleitung<\/em><\/p>\n<p><strong>\/06 &#8211;<\/strong> <strong>&#8220;International Producer Talk&#8221;<\/strong> &#8211; SCH\u00c4XPIR Festival Linz, Podiumsdiskussion,<em> Gespr\u00e4chteilnehmerin<\/em><\/p>\n<p><strong>\/06<\/strong><em> &#8211; <\/em><strong>&#8220;Erz\u00e4hlperspektiven und offene Dramaturgien im Kinder-\u00a0 und Jugendtheater&#8221; <\/strong><em>&#8211;<\/em> Schultheaterwoche Braunschweig, Workshop f\u00fcr Lehrer*innen<em>, Workshopleitung<br \/>\n<\/em><\/p>\n<p><strong>\/05 &#8211; &#8220;Das Theater der Digital Natives&#8221;<\/strong> &#8211; Theater&amp;Netz Berlin, Podiumsdiskussion, <em>Gespr\u00e4chteilnehmerin<\/em><\/p>\n<p><strong>\/05 &#8211;<\/strong> <strong>&#8220;Kunst und Theater f\u00fcr eine bessere Welt&#8221;<\/strong> &#8211; FRATZ Symposium Berlin, Podiumsdiskussion, <em>Gespr\u00e4chteilnehmerin<\/em><\/p>\n<p><strong>\/02 &#8211; &#8220;Alles anders? Neue Perspektiven des Kinder- und Jugendtheaters&#8221;<\/strong>, Podiumsdiskussion am Schauspielhaus Bochum<strong>, <\/strong><em>Gespr\u00e4chteilnehmerin<\/em><\/p>\n<p><strong>2018<\/strong><\/p>\n<p><strong>\/01 &#8211; &#8220;Chaostheorien&#8221;<\/strong>, Workshop \u00fcber neue Erz\u00e4hlweisen im Kinder- und Jugendtheater, Jahrestagung der Dramaturgischen Gesellschaft, Greifswald, <em>Workshopleitung<\/em><\/p>\n<p><strong>2017<\/strong><\/p>\n<p>\/11 &#8211; <strong>&#8220;Stadtgesellschaft im Wandel&#8221;<\/strong>, Podium im Rahmen vom &#8220;29. Frankfurter Autorenforum &#8211; Spielr\u00e4ume f\u00fcr politisches Handeln&#8221;, KJTZ Frankfurt, <em>Gespr\u00e4chsteilnehmerin<\/em><\/p>\n<p>\/10 &#8211; <strong>&#8220;Neue Erz\u00e4hlungen von Intimit\u00e4t und Identit\u00e4t&#8221;<\/strong>, Vortrag im Rahmen des &#8220;Branchentreffs des Performing Arts Programm Berlin&#8221;, HAU Berlin, <em>Vortragende<\/em><\/p>\n<p>\/05 &#8211; <strong>&#8220;Plattform junge Regie&#8221;<\/strong>, Podium im Rahmen der Clustervorlesung &#8220;Zukunft des Theaters&#8221;, Universit\u00e4t K\u00f6ln, <em>Gespr\u00e4chsteilnehmerin<\/em><\/p>\n<p>\/04 &#8211; 06 &#8211; <strong>&#8220;Alles wie immer: jetzt f\u00fcr Kinder&#8221;,<\/strong> theoretisch\/praktisches Seminar zu zeitgen\u00f6ssischem Kindertheater, Universit\u00e4t Hildesheim, <em>Seminarleitung<\/em><\/p>\n<p><strong>2016<br \/>\n<\/strong><br \/>\n\/11 &#8211; <strong>&#8220;Seminar \u00fcber zeitgen\u00f6ssisches KJT&#8221;<\/strong>, Mozarteum Salzburg, <em>Seminarleitung<\/em><\/p>\n<p>\/06 &#8211; 11 &#8211;<strong> &#8220;Transformation meiner Welt&#8221;<\/strong>, Ein Videowalk von und mit Jugendlichen \u00fcber die Transkultur in Remscheid, KRAFTSTATION Remscheid, <em>Konzeption und Workshopleitung<br \/>\n<\/em><\/p>\n<p>\/06 &#8211; <strong>&#8220;Spurensuche 13&#8221;<\/strong>, Bundesweite Treffen der freien Kinder- und Jugendtheater, ASSITEJ, im COMEDIA Theater K\u00f6ln &#8211; <em>K\u00fcnbstlerische Leitung und Leitung der Inszenierungsgespr\u00e4che<br \/>\n<\/em><\/p>\n<p>\/04 &#8211; <a href=\"http:\/\/hannah-biedermann.de\/?page_id=1734\"><strong>&#8220;Playing up: Live Art for Kids and Adults&#8221;<\/strong><\/a>, Symposium, Tate Modern London, <em>Speaker<\/em><\/p>\n<p><strong>2015<\/strong><\/p>\n<p>\/09 &#8211; <strong>&#8220;Shortacts &#8211; 25. Bundestreffen Jugendclubs an Theatern&#8221;, <\/strong>Experimentierplatz Regie<strong>, <\/strong><em>Coaching<\/em><\/p>\n<p>\/05 &#8211; <strong>&#8220;Postdramatische und performative Formen im Kinder- und Jugendtheater&#8221;<\/strong>, Podiumsdiskussion, 33. Bayrische Theatertage; <em>Sprecherin<\/em><\/p>\n<p><strong>2014<\/strong><\/p>\n<p>\/10 &#8211; <strong>&#8220;Zur\u00fcck in die Zukunft &#8211; Ein performatives Live-H\u00f6rspiel<\/strong> \u00fcber das was wir lieben und das was wir anders haben wollen&#8221;, im Rahmen von &#8220;Save the World &#8211; Ein theatraler Kongress&#8221;, Theater Bonn,\u00a0 <em>WORKSHOPLEITUNG<\/em><\/p>\n<p>\/06 &#8211; <strong>&#8220;Spurensuche 12&#8221;<\/strong>, Bundesweite Treffen der freien Kinder- und Jugendtheater, ASSITEJ, im Fundus Theater Hamburg &#8211; K\u00dcNSTLERISCHE LEITUNG\/KONZEPTION UND LEITUNG DER INSZENIERUNGSGESPR\u00c4CHE<\/p>\n<p><strong>2013<\/strong><\/p>\n<p>\/04 &#8211; <strong>&#8220;Au\u00dferirdische Schulraumforschung&#8221;<\/strong> &#8211; Kulturagenten des Bundes, Theater und Schule Berlin &#8211; WORKSHOPLEITUNG<\/p>\n<p>\/03 &#8211; <strong>&#8220;Sichtbarkeit meiden&#8221;<\/strong> &#8211; Szenische Studie im Rahmen von AfrikaSchredder, Theaterhaus Hildesheim -\u00c3\u201a\u00c2\u00a0 MENTORING<\/p>\n<p>\/02 &#8211; <strong><a href=\"http:\/\/hannah-biedermann.de\/?page_id=923\">&#8220;Das blaue Gold &#8211; Wem geh\u00f6rt die Welt?&#8221;<\/a> <\/strong>&#8211; 2. Berliner Kinderkongress, Grips Theater, Der Wasserverschwender-Workshop, WORKSHOPLEITUNG<\/p>\n<p><strong>2012<\/strong><\/p>\n<p>\/09 &#8211; <strong>&#8220;Spurensuche 11&#8221;<\/strong>, Bundesweite Treffen der freien Kinder- und Jugendtheater, ASSITEJ, im KinderTheaterHaus Hannover &#8211; K\u00dcNSTLERISCHE LEITUNG\/KONZEPTION UND LEITUNG DER INSZENIERUNGSGESPR\u00c4CHE<\/p>\n<p><strong>2011<\/strong><\/p>\n<p>\/11 &#8211; 2012\/02 &#8211; <strong><a href=\"http:\/\/hannah-biedermann.de\/?page_id=158\">&#8220;NoGoLab&#8221;<\/a><\/strong>, Gro\u00dfprojekt f\u00fcr B\u00fcrger und B\u00fcrgerinnen von G\u00f6ttingen, Deutschen Theaters G\u00f6ttingen, Workshop: Aktionstheater &#8211; &#8220;Aufruf zum kreativen Eingreifen&#8221; &#8211; WORKSHOPLEITUNG<\/p>\n<p>\/09 &#8211; <strong><a href=\"http:\/\/hannah-biedermann.de\/?page_id=149\">&#8220;Die Brotfabrik wird zur Facefabrik&#8221;<\/a><\/strong>, 2 t\u00e4giger Workshop im Rahmen des OFFroad-Festivals in Bonn, Brotfabrik Bonn, Workshop: &#8220;Eine theatrale Untersuchung von Facebook&#8221; &#8211; WORKSHOPLEITUNG<\/p>\n<p>\/02 &#8211; <strong>&#8220;100Grad-Berlin&#8221;<\/strong>, Berliner Theaterfestival &#8211; JURORIN HAU 1<\/p>\n<p>\/01 &#8211; <strong><a href=\"http:\/\/hannah-biedermann.de\/?page_id=113\">&#8220;Augenblick mal! 2011&#8221;<\/a><\/strong>, Deutsches Kinder- und Jugendtheatertreffen &#8211; MARKETINGLEITUNG<\/p>\n<p><strong>2010<\/strong><\/p>\n<p>\/09 &#8211;<strong><a href=\"http:\/\/hannah-biedermann.de\/?page_id=82\"> &#8220;DAUERg\u00e4ste&#8221;<\/a><\/strong>, Workshopwoche zum zeitgen\u00f6ssischen Theater, Theaterhaus Jena, &#8220;Vom Text zur Szene&#8221; &#8211; WORKSHOPLEITUNG<\/p>\n<p>\/06 &#8211; <strong><a href=\"http:\/\/hannah-biedermann.de\/?page_id=146\">&#8220;SPURENSUCHE 2012&#8221;<\/a><\/strong> Freies Treffen des Kinder- und Jugendtheaters, ASSITEJ &#8211;\u00a0 Wahl ins K\u00dcNSTLERISCHE LEITUNGSTEAM<\/p>\n<p><strong>2009<\/strong><\/p>\n<p>\/10 &#8211; <strong><a href=\"http:\/\/hannah-biedermann.de\/?page_id=54\">&#8220;State of the Art &#8211; ein praktisches Symposium&#8221;<\/a><\/strong>, studentisches Theaterfestival &#8211; K\u00dcNSTLERISCHE LEITUNG<\/p>\n<p>\/05 &#8211; <strong><a href=\"http:\/\/hannah-biedermann.de\/?page_id=57\">&#8220;Augenblick mal! 09&#8221;<\/a><\/strong>, Deutsches Kinder- und Jugendtheatertreffen &#8211; ASSISTENZ MARKETING UND REDAKTION<\/p>\n","protected":false},"excerpt":{"rendered":"<p>Diskurs und Vermittlung (Auswahl) 2025 \/6 &#8220;Next Generation Forum&#8221; beim Westwind Festival 2025, Leitung der gesamten Stipendiatengruppe,\u00a0 Leitung der Kleingruppe &#8220;Performance&#8221; 2024 \/10 &#8220;Deutsch-Thaiwanisches Symposium zum Theater f\u00fcr junges Publikum&#8221; &#8211; Goethe Institut Thaiwan, Taipei, Panelteilnahme \/8 &#8220;pulkPOLIS&#8221;, Orte besuchen und \u00fcber Begegnungskunst sprechen \/7 &#8220;pulkLABORTAGE&#8221;, Projekttage mit Kitakindern der AMARES Waldkindergarten und der 7 &hellip; <a href=\"https:\/\/hannah-biedermann.de\/?page_id=1729\" class=\"more-link\">Continue reading <span class=\"screen-reader-text\">Diskurs und Vermittlung<\/span><\/a><\/p>\n","protected":false},"author":3,"featured_media":0,"parent":0,"menu_order":0,"comment_status":"closed","ping_status":"closed","template":"","meta":{"footnotes":""},"class_list":["post-1729","page","type-page","status-publish","hentry"],"_links":{"self":[{"href":"https:\/\/hannah-biedermann.de\/index.php?rest_route=\/wp\/v2\/pages\/1729","targetHints":{"allow":["GET"]}}],"collection":[{"href":"https:\/\/hannah-biedermann.de\/index.php?rest_route=\/wp\/v2\/pages"}],"about":[{"href":"https:\/\/hannah-biedermann.de\/index.php?rest_route=\/wp\/v2\/types\/page"}],"author":[{"embeddable":true,"href":"https:\/\/hannah-biedermann.de\/index.php?rest_route=\/wp\/v2\/users\/3"}],"replies":[{"embeddable":true,"href":"https:\/\/hannah-biedermann.de\/index.php?rest_route=%2Fwp%2Fv2%2Fcomments&post=1729"}],"version-history":[{"count":26,"href":"https:\/\/hannah-biedermann.de\/index.php?rest_route=\/wp\/v2\/pages\/1729\/revisions"}],"predecessor-version":[{"id":3109,"href":"https:\/\/hannah-biedermann.de\/index.php?rest_route=\/wp\/v2\/pages\/1729\/revisions\/3109"}],"wp:attachment":[{"href":"https:\/\/hannah-biedermann.de\/index.php?rest_route=%2Fwp%2Fv2%2Fmedia&parent=1729"}],"curies":[{"name":"wp","href":"https:\/\/api.w.org\/{rel}","templated":true}]}}