{"id":1764,"date":"2016-06-27T17:22:39","date_gmt":"2016-06-27T15:22:39","guid":{"rendered":"http:\/\/hannah-biedermann.de\/?page_id=1764"},"modified":"2016-06-27T17:22:39","modified_gmt":"2016-06-27T15:22:39","slug":"ueber-interaktives-kindertheater-am-beispiel-von-muell-und-konferenz","status":"publish","type":"page","link":"https:\/\/hannah-biedermann.de\/?page_id=1764","title":{"rendered":"\u00dcber interaktives Kindertheater am Beispiel von M\u00fcll und Konferenz"},"content":{"rendered":"<p><a href=\"http:\/\/hannah-biedermann.de\/wp-content\/uploads\/deutsche-bu\u00c3\u0152\u00cb\u2020hne_01-2016.jpg\"><img loading=\"lazy\" decoding=\"async\" class=\"size-large wp-image-1636 alignnone\" src=\"http:\/\/hannah-biedermann.de\/wp-content\/uploads\/deutsche-bu\u00c3\u0152\u00cb\u2020hne_01-2016-724x1024.jpg\" alt=\"deutsche bu\u00c3\u0152\u00cb\u2020hne_01-2016\" width=\"660\" height=\"933\" \/><\/a><a href=\"http:\/\/hannah-biedermann.de\/wp-content\/uploads\/deutsche-bu\u00c3\u0152\u00cb\u2020hne_01-2016-2.jpg\"><img loading=\"lazy\" decoding=\"async\" class=\"alignleft size-large wp-image-1637\" src=\"http:\/\/hannah-biedermann.de\/wp-content\/uploads\/deutsche-bu\u00c3\u0152\u00cb\u2020hne_01-2016-2-724x1024.jpg\" alt=\"deutsche bu\u00c3\u0152\u00cb\u2020hne_01-2016-2\" width=\"660\" height=\"933\" \/><\/a><\/p>\n<p>&nbsp;<\/p>\n<p>&nbsp;<\/p>\n","protected":false},"excerpt":{"rendered":"<p>&nbsp; &nbsp;<\/p>\n","protected":false},"author":3,"featured_media":0,"parent":1443,"menu_order":0,"comment_status":"closed","ping_status":"closed","template":"","meta":{"footnotes":""},"class_list":["post-1764","page","type-page","status-publish","hentry"],"_links":{"self":[{"href":"https:\/\/hannah-biedermann.de\/index.php?rest_route=\/wp\/v2\/pages\/1764","targetHints":{"allow":["GET"]}}],"collection":[{"href":"https:\/\/hannah-biedermann.de\/index.php?rest_route=\/wp\/v2\/pages"}],"about":[{"href":"https:\/\/hannah-biedermann.de\/index.php?rest_route=\/wp\/v2\/types\/page"}],"author":[{"embeddable":true,"href":"https:\/\/hannah-biedermann.de\/index.php?rest_route=\/wp\/v2\/users\/3"}],"replies":[{"embeddable":true,"href":"https:\/\/hannah-biedermann.de\/index.php?rest_route=%2Fwp%2Fv2%2Fcomments&post=1764"}],"version-history":[{"count":1,"href":"https:\/\/hannah-biedermann.de\/index.php?rest_route=\/wp\/v2\/pages\/1764\/revisions"}],"predecessor-version":[{"id":1765,"href":"https:\/\/hannah-biedermann.de\/index.php?rest_route=\/wp\/v2\/pages\/1764\/revisions\/1765"}],"up":[{"embeddable":true,"href":"https:\/\/hannah-biedermann.de\/index.php?rest_route=\/wp\/v2\/pages\/1443"}],"wp:attachment":[{"href":"https:\/\/hannah-biedermann.de\/index.php?rest_route=%2Fwp%2Fv2%2Fmedia&parent=1764"}],"curies":[{"name":"wp","href":"https:\/\/api.w.org\/{rel}","templated":true}]}}