{"id":1771,"date":"2016-06-27T17:42:47","date_gmt":"2016-06-27T15:42:47","guid":{"rendered":"http:\/\/hannah-biedermann.de\/?page_id=1771"},"modified":"2016-06-27T17:46:20","modified_gmt":"2016-06-27T15:46:20","slug":"all-about-nothing-2016","status":"publish","type":"page","link":"https:\/\/hannah-biedermann.de\/?page_id=1771","title":{"rendered":"All about Nothing (2016)"},"content":{"rendered":"<p style=\"text-align: justify\"><a href=\"http:\/\/hannah-biedermann.de\/wp-content\/uploads\/ALL-ABOUT-NOTHING-Fertig-Klein.jpg\"><img loading=\"lazy\" decoding=\"async\" class=\"alignleft wp-image-1684\" src=\"http:\/\/hannah-biedermann.de\/wp-content\/uploads\/ALL-ABOUT-NOTHING-Fertig-Klein-724x1024.jpg\" alt=\"ALL ABOUT NOTHING Fertig- Klein\" width=\"358\" height=\"506\" srcset=\"https:\/\/hannah-biedermann.de\/wp-content\/uploads\/ALL-ABOUT-NOTHING-Fertig-Klein-724x1024.jpg 724w, https:\/\/hannah-biedermann.de\/wp-content\/uploads\/ALL-ABOUT-NOTHING-Fertig-Klein-212x300.jpg 212w, https:\/\/hannah-biedermann.de\/wp-content\/uploads\/ALL-ABOUT-NOTHING-Fertig-Klein-768x1086.jpg 768w, https:\/\/hannah-biedermann.de\/wp-content\/uploads\/ALL-ABOUT-NOTHING-Fertig-Klein.jpg 877w\" sizes=\"auto, (max-width: 358px) 100vw, 358px\" \/><\/a>Wie werde ich zum der, die ich bin, durch das was ich habe?\u00c3\u201a\u00c2\u00a0Kann ich alles werden, wenn ich nur fest genug an mich glaube?<br \/>\nOder ist Armut erblich?\u00c3\u201a\u00c2\u00a0Oder ist Geld nur eine Erfindung?\u00c3\u201a\u00c2\u00a0Was hei\u00dft es, mitten im \u00dcberfluss arm zu sein?<\/p>\n<p style=\"text-align: justify\">All about Nothing sensibilisiert Zuschauer ab 12 Jahren f\u00fcr die sozialen Machtstrukturen einer kapitalistisch gepr\u00e4gten Gesellschaft und schafft eine \u00c3\u0192\u00e2\u20ac\u201cffentlichkeit f\u00fcr die Perspektive von Kindern und Jugendlichen in Armut. Dabei richtet pulk fiktion den Blick auf deren Sichtbarkeit sowie Unsichtbarkeit im sozialen Leben.<\/p>\n<p style=\"text-align: justify\">Die performative Collage, basierend auf einer intensiven Recherche mit Kindern und Jugendlichen, sucht nach unerwarteten und \u00fcberraschenden Sichtweisen jenseits von Stigma und Romantisierung.<br \/>\nMit unterschiedlichen Mitteln wie Sprache, Tanz, Zeichnungen, Projektionen, Musik und nicht zuletzt den O-T\u00f6nen der Kinder und Jugendlichen selbst, wird eine fiktive Armutsbiografie entworfen. Dabei wird die soziale Dimension von Kinderarmut und ihre kulturell und medial gepr\u00e4gten Bilder aus verschiedenen Perspektiven betrachtet und szenisch erforscht. Assoziativ-poetische Bilder stehen neben schmerzlich realen.<\/p>\n<p style=\"text-align: justify\"><img loading=\"lazy\" decoding=\"async\" class=\"size-medium wp-image-1725 alignleft\" src=\"http:\/\/hannah-biedermann.de\/wp-content\/uploads\/pulkfiktion_AllaboutNothing_Credit-Christoph-Wolff_66-300x204.jpg\" alt=\"pulkfiktion_AllaboutNothing_Credit Christoph Wolff_66\" width=\"300\" height=\"204\" srcset=\"https:\/\/hannah-biedermann.de\/wp-content\/uploads\/pulkfiktion_AllaboutNothing_Credit-Christoph-Wolff_66-300x204.jpg 300w, https:\/\/hannah-biedermann.de\/wp-content\/uploads\/pulkfiktion_AllaboutNothing_Credit-Christoph-Wolff_66-768x521.jpg 768w, https:\/\/hannah-biedermann.de\/wp-content\/uploads\/pulkfiktion_AllaboutNothing_Credit-Christoph-Wolff_66-1024x695.jpg 1024w\" sizes=\"auto, (max-width: 300px) 100vw, 300px\" \/><img loading=\"lazy\" decoding=\"async\" class=\"size-medium wp-image-1747 alignleft\" src=\"http:\/\/hannah-biedermann.de\/wp-content\/uploads\/pulkfiktion_AllaboutNothing_Credit-Christoph-Wolff_41-300x193.jpg\" alt=\"pulkfiktion_AllaboutNothing_Credit Christoph Wolff_41\" width=\"300\" height=\"193\" srcset=\"https:\/\/hannah-biedermann.de\/wp-content\/uploads\/pulkfiktion_AllaboutNothing_Credit-Christoph-Wolff_41-300x193.jpg 300w, https:\/\/hannah-biedermann.de\/wp-content\/uploads\/pulkfiktion_AllaboutNothing_Credit-Christoph-Wolff_41-768x493.jpg 768w, https:\/\/hannah-biedermann.de\/wp-content\/uploads\/pulkfiktion_AllaboutNothing_Credit-Christoph-Wolff_41-1024x658.jpg 1024w\" sizes=\"auto, (max-width: 300px) 100vw, 300px\" \/><img loading=\"lazy\" decoding=\"async\" class=\"size-medium wp-image-1746 alignleft\" src=\"http:\/\/hannah-biedermann.de\/wp-content\/uploads\/pulkfiktion_AllaboutNothing_Credit-Christoph-Wolff_28-300x206.jpg\" alt=\"pulkfiktion_AllaboutNothing_Credit Christoph Wolff_28\" width=\"300\" height=\"206\" srcset=\"https:\/\/hannah-biedermann.de\/wp-content\/uploads\/pulkfiktion_AllaboutNothing_Credit-Christoph-Wolff_28-300x206.jpg 300w, https:\/\/hannah-biedermann.de\/wp-content\/uploads\/pulkfiktion_AllaboutNothing_Credit-Christoph-Wolff_28-768x526.jpg 768w, https:\/\/hannah-biedermann.de\/wp-content\/uploads\/pulkfiktion_AllaboutNothing_Credit-Christoph-Wolff_28-1024x702.jpg 1024w\" sizes=\"auto, (max-width: 300px) 100vw, 300px\" \/><strong>Konzept:\u00c3\u201a\u00c2\u00a0<\/strong>pulk fiktion<\/p>\n<p style=\"text-align: justify\"><strong>Regie:<\/strong> Hannah Biedermann und Eva von Schweinitz<br \/>\n<strong>Mit:<\/strong>\u00c3\u201a\u00c2\u00a0Norman Grotegut, Elisa Hofmann, Manuela Neudegger, Sebastian Schlemminger<br \/>\n<strong>Ausstattung:<\/strong>\u00c3\u201a\u00c2\u00a0Stephanie Zurstegge<br \/>\n<strong>Choreografie:<\/strong> Elisa Hofmann<br \/>\n<strong>Sounddesign und computergesteuerte Elemente:<\/strong> Sebastian Schlemminger<br \/>\n<strong>Dramaturgie\/NRW Stipendium:<\/strong>\u00c3\u201a\u00c2\u00a0Carina Eberle<br \/>\n<strong>Produktion:<\/strong> Zwei Eulen &#8221; B\u00fcro f\u00fcr Kulturkonzepte<\/p>\n<p style=\"text-align: justify\"><strong>Spieldauer:<\/strong> 65 Minuten<br \/>\n<strong>Anzahl der Mitwirkenden:<\/strong> 2H, 2D, 1T<br \/>\n<strong>Zielgruppe:<\/strong> ab 12 Jahren<\/p>\n<p><strong>Urauff\u00fchrung:<\/strong> 05.06.2016<br \/>\n<strong>Rechte:<\/strong> Beim Theater<\/p>\n<p style=\"text-align: justify\"><strong>Presseausschnitte:<\/strong><\/p>\n<p>\u201cFernab von Sozialromantik und politisierter Opferrolle hat pulk fiktion, basierend auf Recherchen mit Kindern und Jugendlichen, ein St\u00fcck erarbeitet, das eben nicht mit dem mahnenden Zeigefinger agiert, sondern aus Originalaufnahmen und poetischen Szenen eine Realit\u00e4t schafft, die eindringlich ist\u201c<br \/>\n<strong>Rheinische Post, 7.6.2016<\/strong><\/p>\n<p>\u201cGradlinig und unaufgeregt zeigen sie {pulk fiktion} den gesellschaftlichen Zynismus, der sich wie eine Decke \u00fcber die Kinder legt und sie mit ihren N\u00f6ten unsichtbar macht\u201c<br \/>\n<strong>Neue Rheinische Zeitung 7.6.2016<\/strong><\/p>\n<p>&nbsp;<\/p>\n","protected":false},"excerpt":{"rendered":"<p>Wie werde ich zum der, die ich bin, durch das was ich habe?\u00c3\u201a\u00c2\u00a0Kann ich alles werden, wenn ich nur fest genug an mich glaube? Oder ist Armut erblich?\u00c3\u201a\u00c2\u00a0Oder ist Geld nur eine Erfindung?\u00c3\u201a\u00c2\u00a0Was hei\u00dft es, mitten im \u00dcberfluss arm zu sein? All about Nothing sensibilisiert Zuschauer ab 12 Jahren f\u00fcr die sozialen Machtstrukturen einer kapitalistisch &hellip; <a href=\"https:\/\/hannah-biedermann.de\/?page_id=1771\" class=\"more-link\">Continue reading <span class=\"screen-reader-text\">All about Nothing (2016)<\/span><\/a><\/p>\n","protected":false},"author":3,"featured_media":0,"parent":3,"menu_order":0,"comment_status":"closed","ping_status":"closed","template":"","meta":{"footnotes":""},"class_list":["post-1771","page","type-page","status-publish","hentry"],"_links":{"self":[{"href":"https:\/\/hannah-biedermann.de\/index.php?rest_route=\/wp\/v2\/pages\/1771","targetHints":{"allow":["GET"]}}],"collection":[{"href":"https:\/\/hannah-biedermann.de\/index.php?rest_route=\/wp\/v2\/pages"}],"about":[{"href":"https:\/\/hannah-biedermann.de\/index.php?rest_route=\/wp\/v2\/types\/page"}],"author":[{"embeddable":true,"href":"https:\/\/hannah-biedermann.de\/index.php?rest_route=\/wp\/v2\/users\/3"}],"replies":[{"embeddable":true,"href":"https:\/\/hannah-biedermann.de\/index.php?rest_route=%2Fwp%2Fv2%2Fcomments&post=1771"}],"version-history":[{"count":5,"href":"https:\/\/hannah-biedermann.de\/index.php?rest_route=\/wp\/v2\/pages\/1771\/revisions"}],"predecessor-version":[{"id":1777,"href":"https:\/\/hannah-biedermann.de\/index.php?rest_route=\/wp\/v2\/pages\/1771\/revisions\/1777"}],"up":[{"embeddable":true,"href":"https:\/\/hannah-biedermann.de\/index.php?rest_route=\/wp\/v2\/pages\/3"}],"wp:attachment":[{"href":"https:\/\/hannah-biedermann.de\/index.php?rest_route=%2Fwp%2Fv2%2Fmedia&parent=1771"}],"curies":[{"name":"wp","href":"https:\/\/api.w.org\/{rel}","templated":true}]}}