{"id":1853,"date":"2016-11-16T12:03:53","date_gmt":"2016-11-16T10:03:53","guid":{"rendered":"http:\/\/hannah-biedermann.de\/?page_id=1853"},"modified":"2016-11-16T12:03:53","modified_gmt":"2016-11-16T10:03:53","slug":"laudatio-zur-verleihung-des-foerderpreises-fuer-junge-kuenstlerinnen-und-kuenstler-nrw","status":"publish","type":"page","link":"https:\/\/hannah-biedermann.de\/?page_id=1853","title":{"rendered":"Laudatio zur Verleihung des F\u00f6rderpreises f\u00fcr junge K\u00fcnstlerinnen und K\u00fcnstler NRW"},"content":{"rendered":"<figure id=\"attachment_1848\" aria-describedby=\"caption-attachment-1848\" style=\"width: 543px\" class=\"wp-caption alignleft\"><img loading=\"lazy\" decoding=\"async\" class=\" wp-image-1848\" src=\"http:\/\/hannah-biedermann.de\/wp-content\/uploads\/rso161114-02-087-683x1024.jpg\" alt=\"DEU, Deutschland, Germany, Muenster, 14.11.2016: STaatssekretaer Bernd Neuendorf verleiht in Vertretung der Ministerpraesidentin den Foerderpreis des Landes Nordrehin-Westfalen fuer junge Kuenstlerinnen und Kuenstler. Hannah Biedermann\" width=\"543\" height=\"815\" \/><figcaption id=\"caption-attachment-1848\" class=\"wp-caption-text\">DEU, Deutschland, Germany, Muenster, 14.11.2016:<br \/>STaatssekretaer Bernd Neuendorf verleiht in Vertretung der Ministerpraesidentin den Foerderpreis des Landes Nordrehin-Westfalen fuer junge Kuenstlerinnen und Kuenstler.<br \/>Hannah Biedermann<\/figcaption><\/figure>\n<p>&nbsp;<\/p>\n<p>&nbsp;<\/p>\n<p>&nbsp;<\/p>\n<p>&nbsp;<\/p>\n<p>&nbsp;<\/p>\n<p>&nbsp;<\/p>\n<p>&nbsp;<\/p>\n<p>&nbsp;<\/p>\n<p>&nbsp;<\/p>\n<p>&nbsp;<\/p>\n<p>&nbsp;<\/p>\n<p>&nbsp;<\/p>\n<p>&nbsp;<\/p>\n<p>&nbsp;<\/p>\n<p>&nbsp;<\/p>\n<p>&nbsp;<\/p>\n<p>&nbsp;<\/p>\n<p>&nbsp;<\/p>\n<p>\u201cHerzlich willkommen zur Konferenz der wesentlichen Dinge.\u201c Die Begr\u00fc\u00dfung schallt aus kleinen Lautsprechern, w\u00e4hrend Kinder und Erwachsene an Tischen Platz nehmen. Weiter im Text: \u201cAlso geht es um Wesentliches. Also geht es um euch.\u201c Vor den Besuchern dieser Auff\u00fchrung steht ein kleiner Kasten mit zwei Kn\u00f6pfen. Sie k\u00f6nnen abstimmen, zum Beispiel dar\u00fcber, welche Regeln f\u00fcr sie wesentlich sind. Ein Beispiel: \u201cWer umarmt werden will, muss umarmt werden.\u201c Auf welchen Knopf w\u00fcrden Sie jetzt dr\u00fccken? Ja oder nein? Nat\u00fcrlich sind nicht alle Fragen vorgegeben. Die Teilnehmerinnen und Teilnehmer &#8221; von Zuschauenden kann man hier nicht mehr sprechen &#8211; k\u00f6nnen Vorschl\u00e4ge machen, \u00fcber die dann debattiert und abgestimmt wird. Im weiteren Verlauf der Vorstellungen stellen die Performer Aufgaben. Zum Beispiel an die Erwachsenen: \u201cErz\u00e4hle einem Kind von deinen Beziehungsproblemen!\u201c Puh. Wollen wir das? Aber wieso eigentlich nicht? Die Kinder merken es doch sowieso, wenn da mal was nicht stimmt. Also sollten wir mit ihnen ehrlich reden, oder?<\/p>\n<p>Diese Produktion, die \u201cKonferenz der wesentlichen Dinge\u201c l\u00e4uft unter der Rubrik \u201cKinder- und Jugendtheater\u201c. Einer eigentlich \u00fcberholten Bezeichnung, denn hier kommen fast immer mehrere Generationen zusammen. Und gerade diese Konferenz ist ebenso interessant f\u00fcr die Eltern, Gro\u00dfeltern wie f\u00fcr die Kinder. Hannah Biedermann hat sie mit ihrer Gruppe \u201cpulk fiktion\u201c entwickelt und inszeniert. Um Missverst\u00e4ndnissen vorzubeugen: Nat\u00fcrlich ist das Kinder- und Jugendtheater l\u00e4ngst \u00fcber das brave Geschichtenerz\u00e4hlen hinaus. L\u00e4ngst hat sich eine innovative, mutige Szene entwickelt, besonders in NRW. Die \u00e4sthetischen Entwicklungen aus dem Abendspielplan werden auf den Jungen B\u00fchnen reflektiert, gespiegelt &#8221; und zum Teil auch vorweg genommen.<br \/>\nEine Speerspitze dieser Bewegung ist Hannah Biedermann, die zwar auch ganz klassisch als Regisseurin arbeitet, aber mit \u201cpulk fiktion\u201c aufregende und originelle performative Arbeiten entwickelt, in denen die Zuschauerinnen und Zuschauer zu Mit- und Zuspielern werden.<\/p>\n<p>In Bonn ist Hannah Biedermann geboren und aufgewachsen. Dort lernte sie auch das Theater kennen, und zwar vor allem das wunderbare Theater Marabu, das zu den besten im deutschen Sprachraum geh\u00f6rt. Es folgte eine Schauspielausbildung am Theater der Keller in K\u00f6ln, dann wechselte sie an die Universit\u00e4t Hildesheim zum Diplomstudium \u201cSzenische K\u00fcnste\u201c. Dort lehrt Professor Wolfgang Schneider, der als Vorsitzender der Assitej zu den wichtigsten Vordenkern des Jugendtheaters geh\u00f6rt. 2008 &#8211; noch w\u00e4hrend des Studiums &#8211; gr\u00fcndete Hannah Biedermann \u201cpulk fiktion\u201c das Theater Marabu leistete dabei viel Hilfe beim Anschub. Alle Produktionen von pulk fiktion wurden zu Festivals eingeladen, fast immer gibt es eine Liste von Koproduzenten deutschlandweit. \u201cIch setze mich f\u00fcr das Recht von Kindern auf ihre ganz eigene Kunst ein,\u201c schreibt Hannah Biedermann auf ihrer Webseite. Das ist die Grundlage ihres Denkens, wobei sie nicht glaubt, einfach so die Perspektive von Kindern einnehmen zu k\u00f6nnen. Ihr Theater ist grundehrlich. Nat\u00fcrlich spricht sie und sprechen die Performer als Erwachsene mit dem jungen Publikum. Aber sie stellen sich ebenso in Frage und erz\u00e4hlen von ihren Tr\u00e4umen, \u00c3\u0192\u00e2\u20ac\u017engsten, Verzweiflungen und Freuden, wie sie es von den Kindern erwarten. Das ist Theater der direkten Kommunikation, der Begegnung. In der \u201cKonferenz der wesentlichen Dinge\u201c wird zwischendurch gelacht und gequatscht, dann herrscht wieder starke Konzentration. Irgendwie scheint mir dieser Titel Programm zu sein f\u00fcr die Arbeit Hannah Biedermanns: \u201cKonferenz der wesentlichen Dinge\u201c. Das soll und muss Theater sein. Herzlichen Gl\u00fcckwunsch zum F\u00f6rderpreis des Landes NRW.<\/p>\n<p>Jury Stefan Keim, Wetter Regine M\u00fcller, D\u00fcsseldorf Melanie Suchy, Frankfurt<\/p>\n","protected":false},"excerpt":{"rendered":"<p>&nbsp; &nbsp; &nbsp; &nbsp; &nbsp; &nbsp; &nbsp; &nbsp; &nbsp; &nbsp; &nbsp; &nbsp; &nbsp; &nbsp; &nbsp; &nbsp; &nbsp; &nbsp; \u201cHerzlich willkommen zur Konferenz der wesentlichen Dinge.\u201c Die Begr\u00fc\u00dfung schallt aus kleinen Lautsprechern, w\u00e4hrend Kinder und Erwachsene an Tischen Platz nehmen. Weiter im Text: \u201cAlso geht es um Wesentliches. Also geht es um euch.\u201c Vor den Besuchern &hellip; <a href=\"https:\/\/hannah-biedermann.de\/?page_id=1853\" class=\"more-link\">Continue reading <span class=\"screen-reader-text\">Laudatio zur Verleihung des F\u00f6rderpreises f\u00fcr junge K\u00fcnstlerinnen und K\u00fcnstler NRW<\/span><\/a><\/p>\n","protected":false},"author":3,"featured_media":0,"parent":0,"menu_order":0,"comment_status":"closed","ping_status":"closed","template":"","meta":{"footnotes":""},"class_list":["post-1853","page","type-page","status-publish","hentry"],"_links":{"self":[{"href":"https:\/\/hannah-biedermann.de\/index.php?rest_route=\/wp\/v2\/pages\/1853","targetHints":{"allow":["GET"]}}],"collection":[{"href":"https:\/\/hannah-biedermann.de\/index.php?rest_route=\/wp\/v2\/pages"}],"about":[{"href":"https:\/\/hannah-biedermann.de\/index.php?rest_route=\/wp\/v2\/types\/page"}],"author":[{"embeddable":true,"href":"https:\/\/hannah-biedermann.de\/index.php?rest_route=\/wp\/v2\/users\/3"}],"replies":[{"embeddable":true,"href":"https:\/\/hannah-biedermann.de\/index.php?rest_route=%2Fwp%2Fv2%2Fcomments&post=1853"}],"version-history":[{"count":1,"href":"https:\/\/hannah-biedermann.de\/index.php?rest_route=\/wp\/v2\/pages\/1853\/revisions"}],"predecessor-version":[{"id":1854,"href":"https:\/\/hannah-biedermann.de\/index.php?rest_route=\/wp\/v2\/pages\/1853\/revisions\/1854"}],"wp:attachment":[{"href":"https:\/\/hannah-biedermann.de\/index.php?rest_route=%2Fwp%2Fv2%2Fmedia&parent=1853"}],"curies":[{"name":"wp","href":"https:\/\/api.w.org\/{rel}","templated":true}]}}