{"id":20,"date":"2009-06-22T21:42:57","date_gmt":"2009-06-22T19:42:57","guid":{"rendered":"http:\/\/hannah-biedermann.de\/?page_id=20"},"modified":"2012-05-30T19:04:12","modified_gmt":"2012-05-30T17:04:12","slug":"ein-stueck-autokino","status":"publish","type":"page","link":"https:\/\/hannah-biedermann.de\/?page_id=20","title":{"rendered":"ein st\u00fcck autokino (2007)"},"content":{"rendered":"<p>Eine Produktion von pulk fiktion<\/p>\n<p><img loading=\"lazy\" decoding=\"async\" class=\"alignleft  wp-image-473\" src=\"http:\/\/hannah-biedermann.de\/wp-content\/uploads\/postkartevo-300x213.jpg\" alt=\"\" width=\"385\" height=\"279\" \/><\/p>\n<p>Hier stehen zwei Frauen auf der B\u00fchne, die mehr sein wollen, als normale Alltagsmenschen. Sie wollen cool sein und Abenteuer erleben &#8211; wie im Kino.<\/p>\n<p>Mit den Mitteln von Theater und Film erspielen sie sich ihr eigenes Road-Movie und gehen dabei \u00fcber Grenzen, vor denen sie sonst halt machen w\u00fcrden. Aber diesmal gibt es kein Zur\u00fcck. Bei dem Versuch alle Rollen ihres alten Lebens \u00fcber Bord zu werfen, machen sie sich selbst zu vogelfreien Aussteigern aus der Gesellschaft.<\/p>\n<p>Dabei agiert die Live-Kamera auf der B\u00fchne als Komplizin der beiden, wenn sich eine Per\u00fccke auf der Leinwand in eine Geisel verwandelt, ein Kabelb\u00fcndel zur Bombe wird und eine Auf-Ab-Choreographie zur Verfolgungsjagd.<\/p>\n<p><em>ein st\u00fcck autokino<\/em> erz\u00e4hlt von der Sehnsucht, alles aufzugeben, wegzufahren und ein anderes Leben zu leben. Vielleicht um endlich doch irgendwo anzukommen. Bei sich selbst.<\/p>\n<p>&nbsp;<\/p>\n<p><strong>Autor:<\/strong> Ensemble<img loading=\"lazy\" decoding=\"async\" class=\"size-medium wp-image-530 alignright\" src=\"http:\/\/hannah-biedermann.de\/wp-content\/uploads\/MG_4505h-300x200.jpg\" alt=\"\" width=\"300\" height=\"200\" \/><br \/>\n<strong>Regie<\/strong>: Eva von Schweinitz<br \/>\n<strong>Spiel<\/strong>: Hannah Biedermann, Manuela Neudegger<br \/>\n<strong>Live-Kamera<\/strong>: Eva von Schweinitz\/Nele Jeromin<br \/>\n<strong>Technische Leitung<\/strong>: Alexander Rechberg<br \/>\n<strong>Zielgruppe: <\/strong>Jugendliche ab 14 Jahren und Erwachsene<br \/>\n<strong>Spieldauer: <\/strong>ca. 50 Minuten<br \/>\n<strong>Anzahl der Mitwirkenden: <\/strong>2D, 2T<br \/>\n<strong>Urauff\u00fchrung: <\/strong>27.09.2007<br \/>\n<strong>Rechte: <\/strong>bei pulk fiktion erfragen<\/p>\n<p><strong><br \/>\nEingeladen zum <\/strong><\/p>\n<p><strong><em>&#8211; Internationalen Theaterfest St. Vith<\/em> 2008<br \/>\n&#8211;<\/strong><strong>Kultursommer Rheinland-Pfalz 2009<br \/>\n&#8211;<\/strong><strong>Momix 2010 in Frankreich<br \/>\n&#8211; 15. Hessische Kinder- und Jugendtheaterwoche Marburg<br \/>\n&#8211; 100Grad Festival Berlin<\/strong><\/p>\n<p><em>\u201cEine rasante und explosive Inszenierung (&#8230;) Eine traumhafte Achterbahnfahrt.&#8221; <\/em>Hier zur vollst\u00e4ndigen<strong><\/strong><em><strong> <a href=\"http:\/\/hannah-biedermann.de\/?page_id=44\">Pressekritik<\/a><\/strong><br \/>\n<\/em><\/p>\n","protected":false},"excerpt":{"rendered":"<p>Eine Produktion von pulk fiktion Hier stehen zwei Frauen auf der B\u00fchne, die mehr sein wollen, als normale Alltagsmenschen. Sie wollen cool sein und Abenteuer erleben &#8211; wie im Kino. Mit den Mitteln von Theater und Film erspielen sie sich ihr eigenes Road-Movie und gehen dabei \u00fcber Grenzen, vor denen sie sonst halt machen w\u00fcrden. &hellip; <a href=\"https:\/\/hannah-biedermann.de\/?page_id=20\" class=\"more-link\">Continue reading <span class=\"screen-reader-text\">ein st\u00fcck autokino (2007)<\/span><\/a><\/p>\n","protected":false},"author":3,"featured_media":0,"parent":3,"menu_order":0,"comment_status":"closed","ping_status":"closed","template":"template-twocolumnsleft.php","meta":{"footnotes":""},"class_list":["post-20","page","type-page","status-publish","hentry"],"_links":{"self":[{"href":"https:\/\/hannah-biedermann.de\/index.php?rest_route=\/wp\/v2\/pages\/20","targetHints":{"allow":["GET"]}}],"collection":[{"href":"https:\/\/hannah-biedermann.de\/index.php?rest_route=\/wp\/v2\/pages"}],"about":[{"href":"https:\/\/hannah-biedermann.de\/index.php?rest_route=\/wp\/v2\/types\/page"}],"author":[{"embeddable":true,"href":"https:\/\/hannah-biedermann.de\/index.php?rest_route=\/wp\/v2\/users\/3"}],"replies":[{"embeddable":true,"href":"https:\/\/hannah-biedermann.de\/index.php?rest_route=%2Fwp%2Fv2%2Fcomments&post=20"}],"version-history":[{"count":5,"href":"https:\/\/hannah-biedermann.de\/index.php?rest_route=\/wp\/v2\/pages\/20\/revisions"}],"predecessor-version":[{"id":597,"href":"https:\/\/hannah-biedermann.de\/index.php?rest_route=\/wp\/v2\/pages\/20\/revisions\/597"}],"up":[{"embeddable":true,"href":"https:\/\/hannah-biedermann.de\/index.php?rest_route=\/wp\/v2\/pages\/3"}],"wp:attachment":[{"href":"https:\/\/hannah-biedermann.de\/index.php?rest_route=%2Fwp%2Fv2%2Fmedia&parent=20"}],"curies":[{"name":"wp","href":"https:\/\/api.w.org\/{rel}","templated":true}]}}