{"id":3,"date":"2009-06-16T16:26:57","date_gmt":"2009-06-16T14:26:57","guid":{"rendered":"http:\/\/hannah-biedermann.de\/?page_id=3"},"modified":"2026-02-09T09:58:53","modified_gmt":"2026-02-09T07:58:53","slug":"projekte","status":"publish","type":"page","link":"https:\/\/hannah-biedermann.de\/?page_id=3","title":{"rendered":"Inszenierungen"},"content":{"rendered":"<p><strong>2026<\/strong><\/p>\n<p>\/2 &#8211; <strong>&#8220;CENTER OF THE UNIVERSE&#8221;, <\/strong>\u00a0St\u00fcckentwicklung, TheaterGrueneSo\u00dfe &#8211; KONZEPT und REGIE<\/p>\n<p><strong>2025<\/strong><\/p>\n<p>\/10 &#8211; <strong>&#8220;Der Riss&#8221;, <\/strong>\u00a0pulk fiktion &#8211; KONZEPT und REGIE<\/p>\n<p>\/05 &#8211; <strong>&#8220;Der erste Schritt&#8221; <\/strong>nach einem Bilderbuch von Pija Lindenbaum, Theater M\u00fcnster &#8211; REGIE<\/p>\n<p>\/02 &#8211; <strong>&#8220;Die letzte Show&#8221;<\/strong>, dokumentarisches Tanztheater, vonder M\u00fchll\/Thuwis\/Biedermann, &#8211; KONZEPT und REGIE<\/p>\n<p><strong>2024<\/strong><\/p>\n<p>\/12 &#8211; <strong>Unsere Grube,<\/strong> nach dem gleichnamigen Bilderbuch von Emma AdB\u00e5ge, pulk fiktion, REGIE<\/p>\n<p>\/09 &#8211; <strong>Pl\u00f6tzlich K\u00e4fer!,<\/strong>\u00a0nach dem Kinderbuch \u201eHilfe, Gregor ist pl\u00f6tzlich ein K\u00e4fer!\u201c von Lawrence David, Theater Bremen, REGIE<\/p>\n<p>\/03 &#8211; <strong>Wir sind hier<\/strong>, St\u00fcckentwicklung, Schauspiel Dortmund, KONZEPT, REGIE<\/p>\n<p><strong>2023<\/strong><\/p>\n<p>\/11 &#8211; <strong>Um Kopf und Kragen,<\/strong> St\u00fcckentwicklung, Junges Theater Basel, KONZEPT, REGIE<\/p>\n<p>\/09 &#8211; <strong>GRUSEL<\/strong>, Ein Live H\u00f6rspiel f\u00fcr blinde und sehende Menschen, pulk fiktion, KONZEPT UND REGIE<\/p>\n<p>\/05 &#8211; <strong>Ein Fisch wird nur so gro\u00df wie sein Aquarium<\/strong>,\u00a0 St\u00fcckentwicklung, Staatstheater Wiesbaden, KONZEPT, REGIE<\/p>\n<p>\/03 &#8211; <strong>Der rote Baum<\/strong>, nach Motiven von Shaun Tan, Theater Bremen &#8211; REGIE<\/p>\n<p><strong>2022<\/strong><\/p>\n<p>\/12 &#8211; <strong>&#8220;Der Schnee von Gestern&#8221;<\/strong>, pulk fiktion &#8211; KONZEPT, REGIE<\/p>\n<p>\/5 &#8211; <strong>&#8220;Was das Nashorn sah, als es auf die andere Seite des Zauns schaute&#8221;,<\/strong><br \/>\nJens Raschke, Theater Bonn &#8211; REGIE<\/p>\n<p>\/02 &#8211; <strong>&#8220;d\u00c4monen&#8221;<\/strong>, dokumentarisches Tanztheater, vonder M\u00fchll\/Thuwis\/Biedermann, &#8211; REGIE<\/p>\n<p><strong>2021<\/strong><\/p>\n<p>\/11 &#8211; <strong>&#8220;Robin und die Hoods&#8221;<\/strong>, pulk fiktion &#8211; KONZEPT, DRAMATURGIE, <strong>K\u00f6lner Kinder- und Jugendtheaterpreis 2022<\/strong><\/p>\n<p>\/09 &#8211; <strong>&#8220;spiel dich erwachsen &#8211; Eine Videokonferenz&#8221;<\/strong>, Browser-Live-Theaterspiel f\u00fcr alle unter 18 Jahren, pulk fiktion &#8211; KONZEPT, TEXT<\/p>\n<p><strong>2020<\/strong><\/p>\n<p>\/11 &#8211; <strong>&#8220;R\u00c4UMEN &#8211; Ein Spiel von Haben und Sein&#8221;<\/strong>, St\u00fcckentwicklung, Theater im Marienbad und pulk fiktion &#8211; KONZEPT, REGIE<\/p>\n<p>\/10 &#8211; <strong>&#8220;HOMEWALK &#8211; Eine Reise durch Wohnanien&#8221;<\/strong>, Live-Audiowalk durch das eigene zu Hause, pulk fiktion &#8211; KONZEPT, TEXT<\/p>\n<p>\/09 &#8211; <strong>&#8220;Denken ohne Gel\u00e4nder &#8211; Hannah Arendt im Selbstversuch&#8221;,<\/strong> Lecture-Performance, pulk fiktion &#8211; KONZEPT, PERFORMANCE<\/p>\n<p>\/03 &#8211; <strong>&#8220;WER WERDEN&#8221;<\/strong>, St\u00fcckentwicklung, Staatstheater Mainz &#8211; KONZEPT, REGIE<\/p>\n<p><strong>2019<\/strong><\/p>\n<p>\/11 &#8211; <strong>&#8220;Hieronymus&#8221;<\/strong>, pulk fiktion &#8211; REGIE, <strong>K\u00f6lner Kinder- und Jugendtheaterpreis 2020<\/strong><\/p>\n<p>\/10 &#8211; <strong>&#8220;Das M\u00e4dchen, mit dem die Kinder nicht verkehren durften&#8221;<\/strong>, von Irmgard Keun, Theater Oberhausen &#8211; REGIE<\/p>\n<p>\/05 &#8211; <strong>&#8220;perfect family&#8221;<\/strong>, St\u00fcckentwicklung, B\u00fcrgerb\u00fchne Schauspielhaus D\u00fcsseldorf &#8211; KONZEPT, TEXT, REGIE<\/p>\n<p>\/02 &#8211;<strong> &#8220;Rose ist eine Rose ist eine Rose&#8221;<\/strong>, nach Getrude Stein, JungeEnsembleStuttgart &#8211; FASSUNG, REGIE<\/p>\n<p><strong>2018<\/strong><\/p>\n<p>\/11 &#8211; <strong>&#8220;Alle Jahre wieder&#8221;<\/strong>, St\u00fcckentwicklung, Schauspielhaus Bochum &#8211; KONZEPT, REGIE<\/p>\n<p>\/09 &#8211; <strong>&#8220;Trollwut &#8211; Ein Diskursmusical&#8221;<\/strong>, pulk fiktion &#8211; KONZEPT, REGIE<\/p>\n<p>\/06 &#8211; <strong>&#8220;Liebe \u00fcben&#8221;<\/strong>, dokumentarisches Tanztheater, vonder M\u00fchll\/Thuwis\/Biedermann, &#8211; REGIE<\/p>\n<p>\/02 &#8211; <strong>&#8220;Eltern &#8211; Ein Forschungsunterfangen&#8221;<\/strong>, St\u00fcckentwicklung, Theater Bremen &#8211; KONZEPT, REGIE<\/p>\n<p><strong>2017<\/strong><\/p>\n<p>\/12 &#8211; <strong>&#8220;Die Regeln des Sommers&#8221;<\/strong>, nach einem Bilderbuch von Shaun Tan, Junges Nationaltheater Mannheim, REGIE<\/p>\n<p>\/09 &#8211; <strong>&#8220;Max &amp; Moritz&#8221;<\/strong>, frei nach Wilhelm Busch, pulk fiktion &#8211; REGIE &#8211; <strong>Westwindpreis 2018<\/strong><\/p>\n<p>\/05 &#8211; <strong>&#8220;METAPOLIS &#8211; ein interaktives Theaterspiel zur Stadt&#8221;<\/strong>, St\u00fcckentwicklung, Staatstheater Braunschweig &#8211; KONZEPT UND REGIE<\/p>\n<p>\/03 &#8211; <strong>&#8220;Die rote Zora&#8221;<\/strong>,\u00a0 Autor: Kurt Held in einer Fassung von Hannah Biedermann, Junges Stadttheater Ingolstadt &#8211; FASSUNG, REGIE<\/p>\n<p><strong>2016<\/strong><\/p>\n<p>\/11 &#8211; <strong>&#8220;Entweder und&#8221;<\/strong>, St\u00fcckentwicklung, JungesEnsembleStuttgart &#8211; KONZEPT UND REGIE &#8211;<strong> Ausgezeichnet mit dem FAUST 2017<\/strong><\/p>\n<p>\/10 &#8211; <strong>&#8220;Lamettaphysik &#8211; \u00dcber die Gesetze einer Akademie&#8221;<\/strong>,\u00a0 Eine Lectureperformance \u00fcber die Akademie Wolfenb\u00fcttel zu ihrem 30 j\u00e4hrigen Jubil\u00e4um &#8211; KONZEPT, TEXT, PERFORMANCE<\/p>\n<p>\/06 &#8211; <strong>&#8220;All about Nothing &#8211; Ein St\u00fcck \u00fcber Kinderarmut&#8221;<\/strong>, Recherchetheater, pulk fiktion &#8211; KONZEPT, REGIE &#8211; <strong>Heidelberger JugendSt\u00fcckePreis 2017, Westwindpreis 2017<\/strong><\/p>\n<p>\/03 &#8211; <strong>&#8220;Galaktika Silencia&#8221;<\/strong>, Musiktheater, St\u00fcckentwicklung, pulk fiktion und musiktheater bruit!, KONZEPT, TEXT, REGIE<\/p>\n<p>\/01 &#8211; <strong>&#8220;Der Junge mit dem Koffer&#8221;<\/strong>, Autor: Mike Kenny, Junges Stadttheater Ingolstadt &#8211; REGIE<\/p>\n<p><strong>2015<\/strong><\/p>\n<p>\/10 &#8211; <strong>&#8220;M\u00dcLL. Ein Making-of&#8221;<\/strong>, Recherchetheater, GRIPS Theater &#8211; KONZEPT, TEXT, REGIE<\/p>\n<p>\/04 &#8211; <strong>&#8220;Der gewissenlose M\u00f6rder Hasse Karlsson enth\u00fcllt die entsetzliche Wahrheit, wie die Frau auf der Eisenbahnbr\u00fccke zu Tode gekommen ist&#8221;<\/strong>, Autor: Henning Mankell, Junges Staatstheater Karlsruhe &#8211; REGIE<\/p>\n<p>\/02 &#8211; <strong>&#8220;Methode Baklava&#8221;<\/strong>, Recherchetheater, COMEDIA Theater &#8211; KONZEPT, TEXT, REGIE<\/p>\n<p><strong>2014<\/strong><\/p>\n<p>\/12 &#8211; <strong>&#8220;Konferenz der wesentlichen Dinge &#8211; Ein Gesellschaftsspiel&#8221;,<\/strong> Generations\u00fcbergreifendes InteraktionsTheater, pulk fiktion in Kooperation mit dem LOT Braunschweig, dem COMEDIA Theater, FFT D\u00fcsseldorf und den theater wrede &#8211; KONZEPT, REGIE<\/p>\n<p>\/10 &#8211; <strong>&#8220;Tigermilch&#8221;<\/strong>, Autor: Stefanie de Velasco, Regie: Catharina Fillers, COMEDIA Theater &#8211; DRAMATURGIE<\/p>\n<p>\/06 &#8211; <strong>&#8220;Am Ende ist man immer nur wer anderes&#8221;\u00a0<\/strong> &#8211; Eine Suche zum Thema Sexualit\u00e4t, Recherchetheater, Theater Strahl Berlin &#8211; KONZEPT, REGIE<\/p>\n<p>\/04 &#8211; <strong>&#8220;Wir alle f\u00fcr immer zusammen&#8221;<\/strong>, Autor: Guus Kuijer, Regie: R\u00fcdiger Pape, COMEDIA Theater &#8211; DRAMATURGIE, <strong>K\u00f6lner Theaterpreis 2014<\/strong><\/p>\n<p>\/03 &#8211; <strong>&#8220;Edelweisspiraten&#8221;<\/strong>, Autor: Dirk Reinhard, Regie: Christopher Haninger, COMEDIA Theater &#8211; TEXTFASSUNG UND DRAMATURGIE, <strong>Heildelberger St\u00fcckemarkt 2015<\/strong><\/p>\n<p>\/01 &#8211; <strong>&#8220;Taksi to Instanbul&#8221;<\/strong>, Recherchetheater, Regie: Manuel Moser, COMEDIA Theater &#8211; TEXT UND DRAMATURGIE<\/p>\n<p><strong>2013<\/strong><\/p>\n<p>\/11 &#8211; <strong>&#8220;Papas Arme sind ein Boot&#8221;<\/strong>, pulk fiktion in Kooperation mit dem COMEDIA Theater und JES Stuttgart &#8211; REGIE, <strong>1. Preis des WESTIND Festivals 2014<\/strong><\/p>\n<p>\/09 &#8211; <strong>&#8220;Die Schatzinsel&#8221;<\/strong>, Stevenson bearbeitet von F. H\u00f6ner und J.M. Staerk, Regie: Frank H\u00f6rner, COMEDIA Theater &#8211; DRAMATURGIE<\/p>\n<p>\/06 &#8211; <strong>&#8220;FINA&#8221;<\/strong>, Szenische Lesung, im Rahmen der internationalen Kinder- und Jugendbuchwoche, Autorin: Karen Acioly, COMEDIA Theater &#8211; REGIE<\/p>\n<p>\/05 &#8211; <strong>&#8220;COMEDIA Theater&#8221;<\/strong> in K\u00f6ln &#8211; angestellt als Dramaturgin und Regisseurin<\/p>\n<p><strong>2012<\/strong><\/p>\n<p>\/12 &#8211; <strong>&#8220;Neben mir&#8221;<\/strong> &#8211; Recherchest\u00fcck \u00fcber unsere Erscheinungsbilder, Recherchetheater, Junges Staatstheater Karlsruhe &#8211; REGIE<\/p>\n<p>\/08 &#8211; <strong>&#8220;Soweit ich mich erinnern kann, war ich immer schon da&#8221;<\/strong>, Autor: Michael Ende mit Texten von Hannah Biedermann und Ensemble, KinderTheaterHaus Hannover &#8211; REGIE<\/p>\n<p>\/05 &#8211; <strong>&#8220;Schwester&#8221;<\/strong>, Autor: Jon Fosse, Regie: Claus Overkamp, Theater Marabu &#8211; VIDEO UND SCHAUSPIEL<\/p>\n<p>\/04 &#8211; <strong>&#8220;Zukunftsplenum (AT)&#8221;<\/strong> , Forschungsexperiment zu interaktiven Theater f\u00fcr Kinder und Erwachsene, Theatergruppe pulk fiktion, ein 6 w\u00f6chiges Stipendium &#8220;Flausen&#8221; vom Theater Wrede in Oldenburg &#8211; KONZEPTION UND FORSCHUNG<\/p>\n<p><strong>2011<\/strong><\/p>\n<p>\/09 &#8211; <strong>&#8220;Die Geschichte von Lena&#8221;<\/strong>, Autor: Michael Raml\u00c3\u0192\u00c2\u00b8se und Kira Elhauge, Theater Marabu &#8211; REGIE<\/p>\n<p>\/07 &#8211; <strong>&#8220;Der Rest der Welt&#8221;<\/strong>, Lecture Performance, Theatergruppe pulk fiktion &#8211; KONZEPTION UND PERFORMANCE &#8211; <strong>Publikumspreis WESTWIND Festival 2012<\/strong><\/p>\n<p><strong>2009<\/strong><\/p>\n<p>\/11 &#8211; <strong>&#8220;Wir alle f\u00fcr immer zusammen&#8221;<\/strong>, Autor: Guus Kuijer, Regie: Ulrike Hatzer, Theater Marabu &#8211; SCHAUSPIEL<\/p>\n<p>\/09 &#8211; <strong>&#8220;Efraims T\u00f6chter&#8221;<\/strong>, St\u00fcckentwicklung, Theatergruppe pulk fiktion &#8211; KONZEPTION UND REGIE<\/p>\n","protected":false},"excerpt":{"rendered":"<p>2026 \/2 &#8211; &#8220;CENTER OF THE UNIVERSE&#8221;, \u00a0St\u00fcckentwicklung, TheaterGrueneSo\u00dfe &#8211; KONZEPT und REGIE 2025 \/10 &#8211; &#8220;Der Riss&#8221;, \u00a0pulk fiktion &#8211; KONZEPT und REGIE \/05 &#8211; &#8220;Der erste Schritt&#8221; nach einem Bilderbuch von Pija Lindenbaum, Theater M\u00fcnster &#8211; REGIE \/02 &#8211; &#8220;Die letzte Show&#8221;, dokumentarisches Tanztheater, vonder M\u00fchll\/Thuwis\/Biedermann, &#8211; KONZEPT und REGIE 2024 \/12 &#8211; &hellip; <a href=\"https:\/\/hannah-biedermann.de\/?page_id=3\" class=\"more-link\">Continue reading <span class=\"screen-reader-text\">Inszenierungen<\/span><\/a><\/p>\n","protected":false},"author":3,"featured_media":0,"parent":0,"menu_order":0,"comment_status":"closed","ping_status":"closed","template":"","meta":{"footnotes":""},"class_list":["post-3","page","type-page","status-publish","hentry"],"_links":{"self":[{"href":"https:\/\/hannah-biedermann.de\/index.php?rest_route=\/wp\/v2\/pages\/3","targetHints":{"allow":["GET"]}}],"collection":[{"href":"https:\/\/hannah-biedermann.de\/index.php?rest_route=\/wp\/v2\/pages"}],"about":[{"href":"https:\/\/hannah-biedermann.de\/index.php?rest_route=\/wp\/v2\/types\/page"}],"author":[{"embeddable":true,"href":"https:\/\/hannah-biedermann.de\/index.php?rest_route=\/wp\/v2\/users\/3"}],"replies":[{"embeddable":true,"href":"https:\/\/hannah-biedermann.de\/index.php?rest_route=%2Fwp%2Fv2%2Fcomments&post=3"}],"version-history":[{"count":89,"href":"https:\/\/hannah-biedermann.de\/index.php?rest_route=\/wp\/v2\/pages\/3\/revisions"}],"predecessor-version":[{"id":3119,"href":"https:\/\/hannah-biedermann.de\/index.php?rest_route=\/wp\/v2\/pages\/3\/revisions\/3119"}],"wp:attachment":[{"href":"https:\/\/hannah-biedermann.de\/index.php?rest_route=%2Fwp%2Fv2%2Fmedia&parent=3"}],"curies":[{"name":"wp","href":"https:\/\/api.w.org\/{rel}","templated":true}]}}