{"id":345,"date":"2012-05-16T18:06:57","date_gmt":"2012-05-16T16:06:57","guid":{"rendered":"http:\/\/hannah-biedermann.de\/?page_id=345"},"modified":"2012-05-16T18:31:30","modified_gmt":"2012-05-16T16:31:30","slug":"alles-gelogen-oder-was-theatergruppe-pulk-fiktion-arbeitet-mit-schulern-ein-stuck-uber-die-medienwelt-aus","status":"publish","type":"page","link":"https:\/\/hannah-biedermann.de\/?page_id=345","title":{"rendered":"Alles gelogen, oder was? &#8211; Theatergruppe pulk fiktion arbeitet mit Sch\u00fclern ein St\u00fcck \u00fcber die Medienwelt aus"},"content":{"rendered":"<p>Es geht um die Nachrichten und damit auch um die Frage: Was ist die Wahrheit? Was ist Glaubw\u00fcrdigkeit? Die Theatergruppe pulk fiktion setzt sich in ihrer aktuellen Produktion &#8220;Der Rest der Welt&#8221; mit Formen der Medienrezeption auseinander.<\/p>\n<p>Dazu haben Hannah Biedermann (28), diplomierte Szenische K\u00fcnstlerin, Kulturwissenschaftlerin Karoline K\u00e4hler (27) und Eva von Schweinitz (28), die in K\u00f6ln Drehbuch studierte, wochenlang mit Sch\u00fclern der 5. und 6. Klassen der Integrierten Gesamtschule Bonn-Beuel gesprochen. Denn bei ihrem Theater, das am Freitag um 18 Uhr in der Brotfabrik Premiere feiert, ist Interaktion gefragt. Lecture Performance hei\u00dft das Format. Es bezeichnet eine Mischform aus Theater und Vortrag, aus Kultur und politischer Bildung, aus Unterhaltung und Lernen. Die Kinder sind nicht nur Zuschauer. Sie haben das St\u00fcck mitbestimmt. In kleinen filmischen Einspielern etwa werden ihre Fragen auf eine Leinwand geworfen. Was wollen Elf- und Zw\u00f6lfj\u00e4hrige von den Nachrichtensprechern aus dem Fernsehen wissen? Klar ist da auch die Frage nach dem &#8220;Was-ist-wenn-du-mal-musst?&#8221; Aber auch: &#8220;Was war die sch\u00f6nste Meldung? Wie viele Menschen sind an einer 15-min\u00fctigens Tagesschau eigentlich beteiligt?&#8221; Und: &#8220;Woher kommen die Nachrichten eigentlich?&#8221;<\/p>\n<p>Das zeigt das Schauspieler-Duo Biedermann-K\u00e4hler sehr sch\u00f6n. Mehrere Globen weisen schon darauf hin, dass es um nichts weniger als die ganze Welt geht. Eine Kaffeemaschine geh\u00f6rt nat\u00fcrlich auch zum Handwerk der Nachrichtenmacher, die an einem kleinen Schulpult sitzen. Szenisch wird eine Redaktionskonferenz gespielt. Was spielt f\u00fcr die Auswahl von Nachrichten eine Rolle? Die globale Bedeutung, die Ungew\u00f6hnlichkeit einer Nachricht, die pers\u00f6nliche Betroffenheit? An Beispielen aus dem Iran, aus \u00c3\u0192\u00e2\u20ac\u017egypten und China wird gezeigt, dass es heute h\u00e4ufig nicht nur Reporter vor Ort sind, die auf Unterdr\u00fcckung, auf eine politische Stimmungslage aufmerksam machen, sondern Studenten, ganz normale Menschen, die \u00fcber ihre Handys die Nachrichten in die weite Welt senden.<\/p>\n<p>Es geht aber auch darum, das Medium zu hinterfragen und kritisch hinzuschauen. Wie war das mit dem erfundenen Interview mit der S\u00e4ngerin Beyonc\u00e9 Knowles, das Neon-Autor Ingo Mocek schrieb? Oder Tom Kummer, der Starreporter, der in den 90ger Jahren f\u00fcr viele Magazine und Zeitungen vermeintlich sensationelle Gespr\u00e4che mit Prominenten gef\u00fchrt hat: Alles erlogen.<\/p>\n<p>Da stellt sich die Frage, was Wahrheit ist. Oder die Demonstration vor dem Bluescreen, der blauen Wand, die Reporter von einer Sekunde zur n\u00e4chsten von der W\u00fcste in die Eiszeit katapultieren k\u00f6nnen. &#8220;Die blaue Wand find ich toll&#8221;, sagt ein M\u00e4dchen, ein anderer Junge findet die Nachrichten \u00fcber ein Blutbad &#8220;ekelhaft&#8221;, aber sie wissen jetzt, dass man hinter jede Nachricht blicken muss.<\/p>\n<p><strong>General-Anzeiger Bonn, vom 14.07.2011<\/strong><strong><br \/>\n<\/strong><\/p>\n<p>&nbsp;<\/p>\n","protected":false},"excerpt":{"rendered":"<p>Es geht um die Nachrichten und damit auch um die Frage: Was ist die Wahrheit? Was ist Glaubw\u00fcrdigkeit? Die Theatergruppe pulk fiktion setzt sich in ihrer aktuellen Produktion &#8220;Der Rest der Welt&#8221; mit Formen der Medienrezeption auseinander. Dazu haben Hannah Biedermann (28), diplomierte Szenische K\u00fcnstlerin, Kulturwissenschaftlerin Karoline K\u00e4hler (27) und Eva von Schweinitz (28), die &hellip; <a href=\"https:\/\/hannah-biedermann.de\/?page_id=345\" class=\"more-link\">Continue reading <span class=\"screen-reader-text\">Alles gelogen, oder was? &#8211; Theatergruppe pulk fiktion arbeitet mit Sch\u00fclern ein St\u00fcck \u00fcber die Medienwelt aus<\/span><\/a><\/p>\n","protected":false},"author":3,"featured_media":0,"parent":104,"menu_order":0,"comment_status":"closed","ping_status":"closed","template":"template-twocolumnsleft.php","meta":{"footnotes":""},"class_list":["post-345","page","type-page","status-publish","hentry"],"_links":{"self":[{"href":"https:\/\/hannah-biedermann.de\/index.php?rest_route=\/wp\/v2\/pages\/345","targetHints":{"allow":["GET"]}}],"collection":[{"href":"https:\/\/hannah-biedermann.de\/index.php?rest_route=\/wp\/v2\/pages"}],"about":[{"href":"https:\/\/hannah-biedermann.de\/index.php?rest_route=\/wp\/v2\/types\/page"}],"author":[{"embeddable":true,"href":"https:\/\/hannah-biedermann.de\/index.php?rest_route=\/wp\/v2\/users\/3"}],"replies":[{"embeddable":true,"href":"https:\/\/hannah-biedermann.de\/index.php?rest_route=%2Fwp%2Fv2%2Fcomments&post=345"}],"version-history":[{"count":3,"href":"https:\/\/hannah-biedermann.de\/index.php?rest_route=\/wp\/v2\/pages\/345\/revisions"}],"predecessor-version":[{"id":385,"href":"https:\/\/hannah-biedermann.de\/index.php?rest_route=\/wp\/v2\/pages\/345\/revisions\/385"}],"up":[{"embeddable":true,"href":"https:\/\/hannah-biedermann.de\/index.php?rest_route=\/wp\/v2\/pages\/104"}],"wp:attachment":[{"href":"https:\/\/hannah-biedermann.de\/index.php?rest_route=%2Fwp%2Fv2%2Fmedia&parent=345"}],"curies":[{"name":"wp","href":"https:\/\/api.w.org\/{rel}","templated":true}]}}