{"id":350,"date":"2012-05-16T18:10:01","date_gmt":"2012-05-16T16:10:01","guid":{"rendered":"http:\/\/hannah-biedermann.de\/?page_id=350"},"modified":"2012-05-16T18:31:59","modified_gmt":"2012-05-16T16:31:59","slug":"mit-motorradhelm-auf-den-mond-die-drei-performer-von-pulk-fiktion-zeigen-im-theaterhaus-auch-fur-kinder-wie-nachrichten-entstehen","status":"publish","type":"page","link":"https:\/\/hannah-biedermann.de\/?page_id=350","title":{"rendered":"Mit Motorradhelm auf den Mond &#8211; Die drei Performer von &#8220;pulk fiktion&#8221; zeigen im Theaterhaus auch f\u00fcr Kinder, wie Nachrichten entstehen"},"content":{"rendered":"<p>Vielleicht ist ja alles nur erfunden. All das, was diese schnieken Sprecher mit perfekt sitzender Frisur l\u00e4chelnd in die Kamera erz\u00e4hlen: Woher kann man sicher wissen, dass die Hirne in ihren F\u00f6hnfrisuren-K\u00f6pfen nicht M\u00e4rchenmaschinen sind? Dem gilt es auf den Grund zu gehen, denn nicht umsonst ist die Geschichte der Falschmeldungen eine lange und ergiebige. Zwei Performerinnen stehen vor einer wei\u00dfen Tafel, der Tabula rasa des Nachrichtengucker-Gehirns, und kl\u00e4ren in eloquenter Moderatorinnenpose auf. Da sind die &#8220;Hitlertageb\u00fccher&#8221;, 1983 ver\u00f6ffentlicht vom &#8220;Stern&#8221;, ein vergleichweise unterhaltsamer Skandal. Umgerechnet knapp f\u00fcnf Millionen Euro hat das Magazin dem dreisten Zeitgenossen Konrad Kujau gezahlt, der sich ins F\u00e4lscher-H\u00e4ndchen lachen konnte. Dass es auch Fotografen gibt, die eine Wasserstra\u00dfe in \u00c3\u0192\u00e2\u20ac\u017egypten blutrot f\u00e4rben, um die Schrecken des Krieges plastischer zu machen: mein lieber Scholli.<\/p>\n<p>Es klingt ernst und medienkritisch, was die drei Performer von &#8220;pulk fiktion&#8221; auf der B\u00fchne des Theaterhauses veranstalten. Und das ist &#8220;Der Rest der Welt&#8221;, eine Lecture Performance ab 10 Jahren, \u00fcber Strecken auch.<\/p>\n<p>Hannah Biedermann, Karoline K\u00e4hler und Sebastian Schlemminger gehen einem Ph\u00e4nomen auf den Grund, das jeden umgibt, aber gar nicht so einfach zu verstehen ist: Woher kommen sie eigentlich, die Nachrichten? Wer sucht und findet sie? Und wer versichert uns, dass sie wirklich stimmen?<\/p>\n<p>Neben diesen durchaus schwerwiegenden Fragestellungen ist die Show aber vor allem unterhaltsam. Die Mischung macht&#8217;s: Die Inszenierung ist Vortrag, Slapstick, Tanz-Choreografie und Dokumentation. Zu Anfang stehen die Damen vor einer Leinwand und karikieren den Sprachduktus der Barbara Eligmanns und Peter Kl\u00f6ppels gekonnt. Sie erz\u00e4hlen von der &#8220;Schieflage der politischen Lage&#8221;, um dann in gr\u00fcnen und pinkfarbenen Hotpants zu offenbaren, was sich alle schon gedacht haben: Unterm Tisch sieht die Fernsehwelt anders aus. Motorradhelme auf dem Kopf und von der Schwerkraft befreit, stellen sie gro\u00dfe Medienereignisse wie die Mondlandung vor einer blauen Wand nach. Mit Bluescreen-Technik \u00c3\u0192\u00c2\u00a0 la Filmstudio sorgt Sebastian Schlemminger am PC live daf\u00fcr, dass die Unternehmungen an eine Leinwand projiziert werden.<\/p>\n<p>Und wenn das Publikum Teil der Berichterstattung sein darf, wird es besonders spannend: Die Interview-Antworten, die eine Zuschauerin ganz harmlos vor bunter Disneyland-Kulisse gibt, k\u00f6nnen in einem anderen Kontext pl\u00f6tzlich zu Statements einer Revolutionszeugin werden.<\/p>\n<p>Betr\u00fcgen uns die Medien also fortw\u00e4hrend? Nat\u00fcrlich nicht. Ganz seri\u00f6s geht es mitunter auch zu: Mit Kaffeepulver und -filter erkl\u00e4ren Biedermann und K\u00e4hler den Weg vom Ereignis zum Bericht. Auf spielerische Weise werden Faktenwissen und Medienkompetenz verschraubt.<\/p>\n<p>Und dass diese super-seri\u00f6sen Fernsehmenschen Turnschuhe bei der Arbeit tragen, wissen wir nun auch.<strong><br \/>\nHildesheimer Allgemeine Zeitung vom 26.11.2011<\/strong><strong><br \/>\n<\/strong><\/p>\n","protected":false},"excerpt":{"rendered":"<p>Vielleicht ist ja alles nur erfunden. All das, was diese schnieken Sprecher mit perfekt sitzender Frisur l\u00e4chelnd in die Kamera erz\u00e4hlen: Woher kann man sicher wissen, dass die Hirne in ihren F\u00f6hnfrisuren-K\u00f6pfen nicht M\u00e4rchenmaschinen sind? Dem gilt es auf den Grund zu gehen, denn nicht umsonst ist die Geschichte der Falschmeldungen eine lange und ergiebige. &hellip; <a href=\"https:\/\/hannah-biedermann.de\/?page_id=350\" class=\"more-link\">Continue reading <span class=\"screen-reader-text\">Mit Motorradhelm auf den Mond &#8211; Die drei Performer von &#8220;pulk fiktion&#8221; zeigen im Theaterhaus auch f\u00fcr Kinder, wie Nachrichten entstehen<\/span><\/a><\/p>\n","protected":false},"author":3,"featured_media":0,"parent":104,"menu_order":0,"comment_status":"closed","ping_status":"closed","template":"template-twocolumnsleft.php","meta":{"footnotes":""},"class_list":["post-350","page","type-page","status-publish","hentry"],"_links":{"self":[{"href":"https:\/\/hannah-biedermann.de\/index.php?rest_route=\/wp\/v2\/pages\/350","targetHints":{"allow":["GET"]}}],"collection":[{"href":"https:\/\/hannah-biedermann.de\/index.php?rest_route=\/wp\/v2\/pages"}],"about":[{"href":"https:\/\/hannah-biedermann.de\/index.php?rest_route=\/wp\/v2\/types\/page"}],"author":[{"embeddable":true,"href":"https:\/\/hannah-biedermann.de\/index.php?rest_route=\/wp\/v2\/users\/3"}],"replies":[{"embeddable":true,"href":"https:\/\/hannah-biedermann.de\/index.php?rest_route=%2Fwp%2Fv2%2Fcomments&post=350"}],"version-history":[{"count":2,"href":"https:\/\/hannah-biedermann.de\/index.php?rest_route=\/wp\/v2\/pages\/350\/revisions"}],"predecessor-version":[{"id":388,"href":"https:\/\/hannah-biedermann.de\/index.php?rest_route=\/wp\/v2\/pages\/350\/revisions\/388"}],"up":[{"embeddable":true,"href":"https:\/\/hannah-biedermann.de\/index.php?rest_route=\/wp\/v2\/pages\/104"}],"wp:attachment":[{"href":"https:\/\/hannah-biedermann.de\/index.php?rest_route=%2Fwp%2Fv2%2Fmedia&parent=350"}],"curies":[{"name":"wp","href":"https:\/\/api.w.org\/{rel}","templated":true}]}}