{"id":357,"date":"2012-05-16T18:13:48","date_gmt":"2012-05-16T16:13:48","guid":{"rendered":"http:\/\/hannah-biedermann.de\/?page_id=357"},"modified":"2012-05-16T18:31:40","modified_gmt":"2012-05-16T16:31:40","slug":"%e2%80%9eder-rest-der-welt-von-pulk-fiktion-ist-von-der-kaleidoskop-jury-fu%cc%88r-die-kaleidoskop-theatertage-2012-ausgewa%cc%88hlt-worden","status":"publish","type":"page","link":"https:\/\/hannah-biedermann.de\/?page_id=357","title":{"rendered":"\u00c3\u00a2\u20ac\u00c5\u00beDer Rest der Welt\u00c3\u00a2\u20ac\u00c5\u201c von Pulk Fiktion ist von der Kaleidoskop-Jury fu\u00c3\u0152\u00cb\u2020r die Kaleidoskop-Theatertage 2012 ausgewa\u00c3\u0152\u00cb\u2020hlt worden."},"content":{"rendered":"<p>Warum ist da niemand schon fru\u00c3\u0152\u00cb\u2020her drauf gekommen? Ein Theaterabend im \u201cMaking-Of\u201c-Format &#8211; nur dass \u201cdie Glotze\u201c selbst sich in die Kulissen schauen la\u00c3\u0152\u00cb\u2020sst. Das Fenster zur Welt: Hier wird uns eindrucksvoll gezeigt, mit welchen Tricks es gerahmt und was dabei alles ausgeblendet wird. Aufkla\u00c3\u0152\u00cb\u2020rung also, sowie die Vermittlung dessen, was sich so trocken \u201cMedienkompetenz\u201c nennt. Der Clou: Dargeboten als Theater, ist der \u201cUnterricht\u201c nicht nur sehr viel plastisch- eindru\u00c3\u0152\u00cb\u2020cklicher &#8221; er macht auch noch richtig Spa\u00df.<br \/>\nDa wird alles aufgefahren, was das Medium hergibt: Live-Kamera, Beamer, Studio- und Soundkulisse, ein Techniker und VJ sowie \u201chandgemachte\u201c Tafelbilder. Vor dem Bluescreen du\u00c3\u0152\u00cb\u2020rfen die Mondlandung re-inszeniert und Justin Bieber umarmt werden, die Kinder sich zudem als ihre eigenen Balkengraphiken aufstellen. Wie weit Video und Wirklichkeit oftmals auseinanderliegen, wird spa\u00c3\u0152\u00cb\u2020testens klar, wenn veranschaulicht wird, wie kurz ein Erdenmensch in den Abendnachrichten aufblitzte, wollte man allen den Platz dafu\u00c3\u0152\u00cb\u2020r einra\u00c3\u0152\u00cb\u2020umen. Das Duo Biedermann und Ka\u00c3\u0152\u00cb\u2020hler ist immer gewitzt und niemals oberlehrerhaft bei der Sache.<br \/>\nMan merkt dem Abend an, dass er gemeinsam mit dem Zielpublikum entwickelt wurde: Ganz einfache und gerade darum treffend aufschlussreiche Kinderfragen strukturieren das Stu\u00c3\u0152\u00cb\u2020ck. Obendrauf gibt es charmante Choreographien zu Anfang und am Ende. Und immer wieder passende Theaterbilder: Was zum Beispiel oben an Zutaten in die Kaffeemaschine hineinkommt, muss dann noch durch den Filter, damit unten die Standard-Plo\u00c3\u0152\u00cb\u2020rre TV dabei herauskommen kann.<br \/>\nSo liefert der Abend nicht nur medienkritische Mittel an die Hand, sondern demonstriert zugleich an sich selbst, was die alte Tante Theater anders (und manchmal sogar besser) kann: gerade im Spielerischen etwas u\u00c3\u0152\u00cb\u2020ber die Wirklichkeit aufscheinen lassen.<\/p>\n<p><strong>Jurybewertung, Kaleidoskop 2012, Steffen Popp, Ma\u00c3\u0152\u00cb\u2020rz 2012<\/strong><\/p>\n","protected":false},"excerpt":{"rendered":"<p>Warum ist da niemand schon fru\u00c3\u0152\u00cb\u2020her drauf gekommen? Ein Theaterabend im \u201cMaking-Of\u201c-Format &#8211; nur dass \u201cdie Glotze\u201c selbst sich in die Kulissen schauen la\u00c3\u0152\u00cb\u2020sst. Das Fenster zur Welt: Hier wird uns eindrucksvoll gezeigt, mit welchen Tricks es gerahmt und was dabei alles ausgeblendet wird. Aufkla\u00c3\u0152\u00cb\u2020rung also, sowie die Vermittlung dessen, was sich so trocken \u201cMedienkompetenz\u201c &hellip; <a href=\"https:\/\/hannah-biedermann.de\/?page_id=357\" class=\"more-link\">Continue reading <span class=\"screen-reader-text\">\u00c3\u00a2\u20ac\u00c5\u00beDer Rest der Welt\u00c3\u00a2\u20ac\u00c5\u201c von Pulk Fiktion ist von der Kaleidoskop-Jury fu\u00c3\u0152\u00cb\u2020r die Kaleidoskop-Theatertage 2012 ausgewa\u00c3\u0152\u00cb\u2020hlt worden.<\/span><\/a><\/p>\n","protected":false},"author":3,"featured_media":0,"parent":104,"menu_order":0,"comment_status":"closed","ping_status":"closed","template":"template-twocolumnsleft.php","meta":{"footnotes":""},"class_list":["post-357","page","type-page","status-publish","hentry"],"_links":{"self":[{"href":"https:\/\/hannah-biedermann.de\/index.php?rest_route=\/wp\/v2\/pages\/357","targetHints":{"allow":["GET"]}}],"collection":[{"href":"https:\/\/hannah-biedermann.de\/index.php?rest_route=\/wp\/v2\/pages"}],"about":[{"href":"https:\/\/hannah-biedermann.de\/index.php?rest_route=\/wp\/v2\/types\/page"}],"author":[{"embeddable":true,"href":"https:\/\/hannah-biedermann.de\/index.php?rest_route=\/wp\/v2\/users\/3"}],"replies":[{"embeddable":true,"href":"https:\/\/hannah-biedermann.de\/index.php?rest_route=%2Fwp%2Fv2%2Fcomments&post=357"}],"version-history":[{"count":2,"href":"https:\/\/hannah-biedermann.de\/index.php?rest_route=\/wp\/v2\/pages\/357\/revisions"}],"predecessor-version":[{"id":386,"href":"https:\/\/hannah-biedermann.de\/index.php?rest_route=\/wp\/v2\/pages\/357\/revisions\/386"}],"up":[{"embeddable":true,"href":"https:\/\/hannah-biedermann.de\/index.php?rest_route=\/wp\/v2\/pages\/104"}],"wp:attachment":[{"href":"https:\/\/hannah-biedermann.de\/index.php?rest_route=%2Fwp%2Fv2%2Fmedia&parent=357"}],"curies":[{"name":"wp","href":"https:\/\/api.w.org\/{rel}","templated":true}]}}