{"id":361,"date":"2012-05-16T18:15:13","date_gmt":"2012-05-16T16:15:13","guid":{"rendered":"http:\/\/hannah-biedermann.de\/?page_id=361"},"modified":"2012-05-16T18:31:50","modified_gmt":"2012-05-16T16:31:50","slug":"begrundung-der-auswahljury-des-28-kinder-und-jugendtheatertreffens-nrw","status":"publish","type":"page","link":"https:\/\/hannah-biedermann.de\/?page_id=361","title":{"rendered":"Begr\u00fcndung der Auswahljury des 28. Kinder- und Jugendtheatertreffens NRW"},"content":{"rendered":"<p>Locker benutzen und bedienen pulk fiktion den Rahmen und die Situation des Theaters mit ihrer quasi Unterrichtsstunde zum Thema Nachrichten.<br \/>\nNeben Geschichtlichem und Technischem referieren, spielen, experimentieren sie vor allem dar\u00fcber, wie die Bildernachrichten unserer Tage gemacht werden, auch wie sie &#8220;gemacht&#8221;, also manipuliert und gef\u00e4lscht werden k\u00f6nnen. Mit Live-Video, Bluebox, Projektion und Sofort-Mischung am Laptop inszenieren sie eine Art Medien-Krimi, lassen anwesende Sch\u00fcler\/innen &#8220;im Film&#8221; Justin Bieber umarmen und andere scheinbar mitten im &#8220;Phantasialand&#8221; ein falsches Film-Interview geben.<br \/>\npulk fiktion machen das sympathisch hemds\u00e4rmelig, offen und technisch improvisiert &#8211; und eben das macht das Gezeigte so nachvollziehbar. Eine vergn\u00fcgliche Wissensshow und ein enorm unterhaltsames St\u00fcck Medienaufkl\u00e4rung auf der B\u00fchne.<\/p>\n<p><strong>Aus der Begr\u00fcndung der Auswahljury,\u00c3\u201a\u00c2\u00a0 Westwind &#8211; 28. Kinder- und Jugendtheatertreffen NRW, Mai 2012<\/strong><\/p>\n","protected":false},"excerpt":{"rendered":"<p>Locker benutzen und bedienen pulk fiktion den Rahmen und die Situation des Theaters mit ihrer quasi Unterrichtsstunde zum Thema Nachrichten. Neben Geschichtlichem und Technischem referieren, spielen, experimentieren sie vor allem dar\u00fcber, wie die Bildernachrichten unserer Tage gemacht werden, auch wie sie &#8220;gemacht&#8221;, also manipuliert und gef\u00e4lscht werden k\u00f6nnen. Mit Live-Video, Bluebox, Projektion und Sofort-Mischung am &hellip; <a href=\"https:\/\/hannah-biedermann.de\/?page_id=361\" class=\"more-link\">Continue reading <span class=\"screen-reader-text\">Begr\u00fcndung der Auswahljury des 28. Kinder- und Jugendtheatertreffens NRW<\/span><\/a><\/p>\n","protected":false},"author":3,"featured_media":0,"parent":104,"menu_order":0,"comment_status":"closed","ping_status":"closed","template":"template-twocolumnsleft.php","meta":{"footnotes":""},"class_list":["post-361","page","type-page","status-publish","hentry"],"_links":{"self":[{"href":"https:\/\/hannah-biedermann.de\/index.php?rest_route=\/wp\/v2\/pages\/361","targetHints":{"allow":["GET"]}}],"collection":[{"href":"https:\/\/hannah-biedermann.de\/index.php?rest_route=\/wp\/v2\/pages"}],"about":[{"href":"https:\/\/hannah-biedermann.de\/index.php?rest_route=\/wp\/v2\/types\/page"}],"author":[{"embeddable":true,"href":"https:\/\/hannah-biedermann.de\/index.php?rest_route=\/wp\/v2\/users\/3"}],"replies":[{"embeddable":true,"href":"https:\/\/hannah-biedermann.de\/index.php?rest_route=%2Fwp%2Fv2%2Fcomments&post=361"}],"version-history":[{"count":2,"href":"https:\/\/hannah-biedermann.de\/index.php?rest_route=\/wp\/v2\/pages\/361\/revisions"}],"predecessor-version":[{"id":387,"href":"https:\/\/hannah-biedermann.de\/index.php?rest_route=\/wp\/v2\/pages\/361\/revisions\/387"}],"up":[{"embeddable":true,"href":"https:\/\/hannah-biedermann.de\/index.php?rest_route=\/wp\/v2\/pages\/104"}],"wp:attachment":[{"href":"https:\/\/hannah-biedermann.de\/index.php?rest_route=%2Fwp%2Fv2%2Fmedia&parent=361"}],"curies":[{"name":"wp","href":"https:\/\/api.w.org\/{rel}","templated":true}]}}