{"id":5,"date":"2009-06-17T01:58:21","date_gmt":"2009-06-16T23:58:21","guid":{"rendered":"http:\/\/hannah-biedermann.de\/?page_id=5"},"modified":"2025-12-19T11:37:01","modified_gmt":"2025-12-19T09:37:01","slug":"videos","status":"publish","type":"page","link":"https:\/\/hannah-biedermann.de\/?page_id=5","title":{"rendered":"Trailer"},"content":{"rendered":"<h3>Regiearbeiten<\/h3>\n<p><strong>Die letzte Show \/ 2025 \/ Thuwis\/vonder M\u00fchll\/Biedermann<br \/><br \/><\/strong><\/p>\n<p><iframe loading=\"lazy\" title=\"Vonder M\u00fchll \/ Thuwis \/ Biedermann: Die letzte Show\" src=\"https:\/\/player.vimeo.com\/video\/1071305387?dnt=1&amp;app_id=122963\" width=\"660\" height=\"371\" frameborder=\"0\" allow=\"autoplay; fullscreen; picture-in-picture; clipboard-write; encrypted-media; web-share\" referrerpolicy=\"strict-origin-when-cross-origin\"><\/iframe><\/p>\n<p><strong>Unsere Grube \/ 2024 \/ pulk fiktion<\/strong><\/p>\n<p><iframe loading=\"lazy\" title=\"UNSERE GRUBE - Trailer\" src=\"https:\/\/player.vimeo.com\/video\/1057827512?dnt=1&amp;app_id=122963\" width=\"660\" height=\"371\" frameborder=\"0\" allow=\"autoplay; fullscreen; picture-in-picture; clipboard-write; encrypted-media; web-share\" referrerpolicy=\"strict-origin-when-cross-origin\"><\/iframe><\/p>\n<p><strong>Pl\u00f6tzlich K\u00e4fer \/ 2024 \/ Theater Bremen<\/strong><\/p>\n<p><iframe loading=\"lazy\" title=\"PL\u00d6TZLICH K\u00c4FER - TRAILER \/\/ JUNGES.THEATERBREMEN\" src=\"https:\/\/player.vimeo.com\/video\/1034479902?dnt=1&amp;app_id=122963\" width=\"660\" height=\"371\" frameborder=\"0\" allow=\"autoplay; fullscreen; picture-in-picture; clipboard-write; encrypted-media; web-share\" referrerpolicy=\"strict-origin-when-cross-origin\"><\/iframe><\/p>\n<p><strong>Wir sind hier \/ 2024 \/ Theater Dortmund<\/strong><\/p>\n<p><iframe loading=\"lazy\" title=\"Wir sind hier \u2013 Schauspiel Dortmund\" width=\"660\" height=\"371\" src=\"https:\/\/www.youtube.com\/embed\/X2lsAvJ4NK4?feature=oembed\" frameborder=\"0\" allow=\"accelerometer; autoplay; clipboard-write; encrypted-media; gyroscope; picture-in-picture; web-share\" referrerpolicy=\"strict-origin-when-cross-origin\" allowfullscreen><\/iframe><\/p>\n<p>\u00a0<\/p>\n<p><strong>Grusel \/ 2023 \/ pulk fiktion<br \/><\/strong><\/p>\n<p><iframe loading=\"lazy\" title=\"Trailer GRUSEL\" src=\"https:\/\/player.vimeo.com\/video\/968651295?dnt=1&amp;app_id=122963\" width=\"660\" height=\"371\" frameborder=\"0\" allow=\"autoplay; fullscreen; picture-in-picture; clipboard-write; encrypted-media; web-share\" referrerpolicy=\"strict-origin-when-cross-origin\"><\/iframe><\/p>\n<p>\u00a0<\/p>\n<p><strong>Ein Fisch wird nur so gro\u00df, wie sein Aquarium \/ 2023 \/ Staatstheater Wiesbaden<\/strong><\/p>\n<p><iframe loading=\"lazy\" title=\"Trailer | \u00bbEin Fisch wird nur so gro\u00df wie sein Aquarium\u00ab\" width=\"660\" height=\"371\" src=\"https:\/\/www.youtube.com\/embed\/s12hTt8qeLc?feature=oembed\" frameborder=\"0\" allow=\"accelerometer; autoplay; clipboard-write; encrypted-media; gyroscope; picture-in-picture; web-share\" referrerpolicy=\"strict-origin-when-cross-origin\" allowfullscreen><\/iframe><\/p>\n<p>\u00a0<\/p>\n<p><strong>Der rote Baum \/ 2023 \/ Junges Theater Bremen<\/strong><\/p>\n<p><iframe loading=\"lazy\" title=\"DER ROTE BAUM - TRAILER \/\/ JUNGES.THEATERBREMEN\" src=\"https:\/\/player.vimeo.com\/video\/842200339?dnt=1&amp;app_id=122963\" width=\"660\" height=\"348\" frameborder=\"0\" allow=\"autoplay; fullscreen; picture-in-picture; clipboard-write; encrypted-media; web-share\" referrerpolicy=\"strict-origin-when-cross-origin\"><\/iframe><\/p>\n<p>\u00a0<\/p>\n<p><strong>Der Schnee von Gestern \/ 2022 \/ pulk fiktion<\/strong><\/p>\n<p><iframe loading=\"lazy\" title=\"Der Schnee von Gestern_Trailer\" src=\"https:\/\/player.vimeo.com\/video\/795835246?dnt=1&amp;app_id=122963\" width=\"660\" height=\"371\" frameborder=\"0\" allow=\"autoplay; fullscreen; picture-in-picture; clipboard-write; encrypted-media; web-share\" referrerpolicy=\"strict-origin-when-cross-origin\"><\/iframe><\/p>\n<p>\u00a0<\/p>\n<p><strong>Was das Nashorn sah, als es \u00fcber den Zaun schaute \/ 2022 \/ Theater Bonn<\/strong><\/p>\n<p><iframe loading=\"lazy\" title=\"WAS DAS NASHORN SAH, ALS ES AUF DIE ANDERE SEITE DES ZAUNS SCHAUTE | Trailer\" width=\"660\" height=\"371\" src=\"https:\/\/www.youtube.com\/embed\/8uFAUhueCMI?feature=oembed\" frameborder=\"0\" allow=\"accelerometer; autoplay; clipboard-write; encrypted-media; gyroscope; picture-in-picture; web-share\" referrerpolicy=\"strict-origin-when-cross-origin\" allowfullscreen><\/iframe><\/p>\n<p>\u00a0<\/p>\n<p><strong>d\u00c4monen \/ 2022 \/ Vonder M\u00fchll \/ Thuvis \/ Biedermann<\/strong><\/p>\n<p><iframe loading=\"lazy\" title=\"Vonder M\u00fchll \/ Thuwis \/ Biedermann: d\u00c4monen\" src=\"https:\/\/player.vimeo.com\/video\/705710152?dnt=1&amp;app_id=122963\" width=\"660\" height=\"371\" frameborder=\"0\" allow=\"autoplay; fullscreen; picture-in-picture; clipboard-write; encrypted-media; web-share\" referrerpolicy=\"strict-origin-when-cross-origin\"><\/iframe><\/p>\n<p>\u00a0<\/p>\n<p><strong>Robin und die Hoods \/ 2021 \/ pulk fiktion<\/strong><\/p>\n<p><iframe loading=\"lazy\" title=\"Robin und die Hoods - Trailer\" src=\"https:\/\/player.vimeo.com\/video\/671242102?dnt=1&amp;app_id=122963\" width=\"660\" height=\"371\" frameborder=\"0\" allow=\"autoplay; fullscreen; picture-in-picture; clipboard-write; encrypted-media; web-share\" referrerpolicy=\"strict-origin-when-cross-origin\"><\/iframe><\/p>\n<p>\u00a0<\/p>\n<p><strong>spiel dich erwachsen &#8211; Eine Videokonferenz \/ 2021 \/ pulk fiktion<\/strong><\/p>\n<p><iframe loading=\"lazy\" title=\"Spiel Dich Erwachsen - Pulk Fiktion\" width=\"660\" height=\"371\" src=\"https:\/\/www.youtube.com\/embed\/nCWNDlrZEzs?feature=oembed\" frameborder=\"0\" allow=\"accelerometer; autoplay; clipboard-write; encrypted-media; gyroscope; picture-in-picture; web-share\" referrerpolicy=\"strict-origin-when-cross-origin\" allowfullscreen><\/iframe><\/p>\n<p><strong>R\u00c4UMEN &#8211; Ein Spiel von Haben und Sein \/ 2020 \/ pulk fiktion und Theater im Marienbad<\/strong><\/p>\n<p>https:\/\/www.youtube.com\/watch?v=GlGrf1aFQ_k<\/p>\n<p><strong>HOMEWALK &#8211; Eine Reise nach Wohnanien\/ 2020 \/ pulk fiktion<\/strong><\/p>\n<p><iframe loading=\"lazy\" title=\"Homewalk - Eine Reise nach Wohnanien\" width=\"660\" height=\"371\" src=\"https:\/\/www.youtube.com\/embed\/dI3uRmecYio?feature=oembed\" frameborder=\"0\" allow=\"accelerometer; autoplay; clipboard-write; encrypted-media; gyroscope; picture-in-picture; web-share\" referrerpolicy=\"strict-origin-when-cross-origin\" allowfullscreen><\/iframe><\/p>\n<p><strong>Denken ohne Gel\u00e4nder \/ 2020 \/ pulk fiktion<\/strong><\/p>\n<p><iframe loading=\"lazy\" title=\"Denken ohne Gel\u00e4nder - TRAILER\" src=\"https:\/\/player.vimeo.com\/video\/470774109?dnt=1&amp;app_id=122963\" width=\"660\" height=\"371\" frameborder=\"0\" allow=\"autoplay; fullscreen; picture-in-picture; clipboard-write; encrypted-media; web-share\" referrerpolicy=\"strict-origin-when-cross-origin\"><\/iframe><\/p>\n<p><strong>WER WERDEN \/ 2020 \/ Staatstheater Mainz<br \/><\/strong><\/p>\n<p><iframe loading=\"lazy\" title=\"WER WERDEN (UA) #schauspiel #justmainz\" width=\"660\" height=\"371\" src=\"https:\/\/www.youtube.com\/embed\/sRSK7mnhpE8?feature=oembed\" frameborder=\"0\" allow=\"accelerometer; autoplay; clipboard-write; encrypted-media; gyroscope; picture-in-picture; web-share\" referrerpolicy=\"strict-origin-when-cross-origin\" allowfullscreen><\/iframe><\/p>\n<p><strong>Hieronymus \/ 2019 \/ pulk fiktion<\/strong><\/p>\n<p><iframe loading=\"lazy\" title=\"Hieronymus - TRAILER\" src=\"https:\/\/player.vimeo.com\/video\/389121424?dnt=1&amp;app_id=122963\" width=\"660\" height=\"371\" frameborder=\"0\" allow=\"autoplay; fullscreen; picture-in-picture; clipboard-write; encrypted-media; web-share\" referrerpolicy=\"strict-origin-when-cross-origin\"><\/iframe><\/p>\n<p><strong>Das M\u00e4dchen, mit dem die Kinder nicht verkehren durften \/ 2019 \/ Theater Oberhausen<br \/><\/strong><\/p>\n<p><iframe loading=\"lazy\" title=\"DAS M\u00c4DCHEN, MIT DEM DIE KINDER NICHT VERKEHREN DURFTEN am Theater Oberhausen\" width=\"660\" height=\"371\" src=\"https:\/\/www.youtube.com\/embed\/-5aBdDotyIA?feature=oembed\" frameborder=\"0\" allow=\"accelerometer; autoplay; clipboard-write; encrypted-media; gyroscope; picture-in-picture; web-share\" referrerpolicy=\"strict-origin-when-cross-origin\" allowfullscreen><\/iframe><\/p>\n<p><strong>perfect family \/ 2019 \/ B\u00fcrgerb\u00fchne Schauspielhaus D\u00fcsseldorf<\/strong><\/p>\n<p><iframe loading=\"lazy\" title=\"Perfect Family \u2014 Eine Gl\u00fccksforschung von Menschen mit Behinderung \u2014 B\u00fcrgerb\u00fchne\" width=\"660\" height=\"371\" src=\"https:\/\/www.youtube.com\/embed\/e_KlHZeD7TM?feature=oembed\" frameborder=\"0\" allow=\"accelerometer; autoplay; clipboard-write; encrypted-media; gyroscope; picture-in-picture; web-share\" referrerpolicy=\"strict-origin-when-cross-origin\" allowfullscreen><\/iframe><\/p>\n<p><strong>Rose ist eine Rose ist eine Rose \/ 2019 \/ JungesEnsembleStuttgart<\/strong><\/p>\n<p><iframe loading=\"lazy\" title=\"ROSE IST EINE ROSE IST EINE ROSE \/\/ Doku-Trailer\" width=\"660\" height=\"371\" src=\"https:\/\/www.youtube.com\/embed\/XUAcF5dNs7Y?feature=oembed\" frameborder=\"0\" allow=\"accelerometer; autoplay; clipboard-write; encrypted-media; gyroscope; picture-in-picture; web-share\" referrerpolicy=\"strict-origin-when-cross-origin\" allowfullscreen><\/iframe><\/p>\n<p><strong>Alle Jahre wieder \/ 2018 \/ Schauspielhaus Bochum<br \/><\/strong><\/p>\n<p><iframe loading=\"lazy\" title=\"Alle Jahre wieder - Trailer - Schauspielhaus Bochum\" src=\"https:\/\/player.vimeo.com\/video\/308763835?dnt=1&amp;app_id=122963\" width=\"660\" height=\"371\" frameborder=\"0\" allow=\"autoplay; fullscreen; picture-in-picture; clipboard-write; encrypted-media; web-share\" referrerpolicy=\"strict-origin-when-cross-origin\"><\/iframe><\/p>\n<p><strong>Trollwut \/ 2018 \/ pulk fiktion<\/strong><\/p>\n<p><iframe loading=\"lazy\" title=\"TROLLWUT Ein Diskurs-Musical- TRAILER\" src=\"https:\/\/player.vimeo.com\/video\/302902480?dnt=1&amp;app_id=122963\" width=\"660\" height=\"371\" frameborder=\"0\" allow=\"autoplay; fullscreen; picture-in-picture; clipboard-write; encrypted-media; web-share\" referrerpolicy=\"strict-origin-when-cross-origin\"><\/iframe><\/p>\n<p><strong>LIEBE \u00dcBEN &#8211; Dokumentarisches Tanztheater \/ 2018 \/ Thuwis\/\/Vonder M\u00fchll\/\/Biedermann<\/strong><\/p>\n<p><iframe loading=\"lazy\" title=\"Liebe \u00fcben-Vonder M\u00fchll\/Thuwis\/Biedermann\" src=\"https:\/\/player.vimeo.com\/video\/285467854?dnt=1&amp;app_id=122963\" width=\"660\" height=\"371\" frameborder=\"0\" allow=\"autoplay; fullscreen; picture-in-picture; clipboard-write; encrypted-media; web-share\" referrerpolicy=\"strict-origin-when-cross-origin\"><\/iframe><\/p>\n<p><strong>ELTERN &#8211; Ein Forschungsunterfangen \/ 2018 \/ Junges Theater Bremen<\/strong><\/p>\n<p><iframe loading=\"lazy\" title=\"ELTERN - TRAILER \/\/ JUNGES.THEATERBREMEN\" src=\"https:\/\/player.vimeo.com\/video\/265737790?dnt=1&amp;app_id=122963\" width=\"660\" height=\"371\" frameborder=\"0\" allow=\"autoplay; fullscreen; picture-in-picture; clipboard-write; encrypted-media; web-share\" referrerpolicy=\"strict-origin-when-cross-origin\"><\/iframe><\/p>\n<p><strong>Die Regeln des Sommers \/ 2017 \/ Junges Nationaltheater Mannheim<\/strong><\/p>\n<p><iframe loading=\"lazy\" title=\"\u00bbDie Regeln des Sommers\u00ab (EA) von Hannah Biedermann im Nationaltheater Mannheim\" width=\"660\" height=\"371\" src=\"https:\/\/www.youtube.com\/embed\/GtKfrtLskCQ?feature=oembed\" frameborder=\"0\" allow=\"accelerometer; autoplay; clipboard-write; encrypted-media; gyroscope; picture-in-picture; web-share\" referrerpolicy=\"strict-origin-when-cross-origin\" allowfullscreen><\/iframe><\/p>\n<p><strong>Max&amp;Moritz \/ 2017 \/ pulk fiktion<\/strong><\/p>\n<p><iframe loading=\"lazy\" title=\"Max und Moritz - Trailer\" src=\"https:\/\/player.vimeo.com\/video\/241965629?dnt=1&amp;app_id=122963\" width=\"660\" height=\"371\" frameborder=\"0\" allow=\"autoplay; fullscreen; picture-in-picture; clipboard-write; encrypted-media; web-share\" referrerpolicy=\"strict-origin-when-cross-origin\"><\/iframe><\/p>\n<p><strong>METAPOLIS \/ 2017 \/ Junges Staatstheater Braunschweig<br \/><\/strong><\/p>\n<p><iframe loading=\"lazy\" title=\"METAPOLIS\" width=\"660\" height=\"371\" src=\"https:\/\/www.youtube.com\/embed\/yvCbIO9UZco?feature=oembed\" frameborder=\"0\" allow=\"accelerometer; autoplay; clipboard-write; encrypted-media; gyroscope; picture-in-picture; web-share\" referrerpolicy=\"strict-origin-when-cross-origin\" allowfullscreen><\/iframe><\/p>\n<p><strong>Entweder und \/ 2016 \/ JES Stuttgart<\/strong><\/p>\n<p><iframe loading=\"lazy\" title=\"ENTWEDER UND \/\/ Doku-Trailer\" width=\"660\" height=\"371\" src=\"https:\/\/www.youtube.com\/embed\/0CU1jenptHM?feature=oembed\" frameborder=\"0\" allow=\"accelerometer; autoplay; clipboard-write; encrypted-media; gyroscope; picture-in-picture; web-share\" referrerpolicy=\"strict-origin-when-cross-origin\" allowfullscreen><\/iframe><\/p>\n<p><strong>All about Nothing \/ 2016 \/ pulk fiktion<br \/><\/strong><br \/>https:\/\/vimeo.com\/184750752<\/p>\n<p><strong>GALAKTIKA SILENCIA \/ 2016 \/ pulk fiktion und musiktheater bruit!<\/strong><br \/>https:\/\/vimeo.com\/160353926<\/p>\n<p><strong>M\u00dcLL. Ein Making &#8211; of \/ 2015 \/ GRIPS Theater Berlin<\/strong><\/p>\n<p><iframe loading=\"lazy\" title=\"GRIPS Theater: &quot;M\u00fcll. Ein Making-of&quot; - Trailer\" width=\"660\" height=\"371\" src=\"https:\/\/www.youtube.com\/embed\/iLLTvfs8oBc?feature=oembed\" frameborder=\"0\" allow=\"accelerometer; autoplay; clipboard-write; encrypted-media; gyroscope; picture-in-picture; web-share\" referrerpolicy=\"strict-origin-when-cross-origin\" allowfullscreen><\/iframe><\/p>\n<p><strong>Der gewissenlose M\u00f6rder Hasse Karlsson enth\u00fcllt die entsetzliche Wahrheit, wie die Frau auf der Eisenbahnbr\u00fccke zu Tode gekommen ist \/ 2015 \/ Junges Staatstheater Karlsruhe<\/strong><\/p>\n<p><iframe loading=\"lazy\" title=\"DER GEWISSENLOSE M\u00d6RDER HASSE KARLSSON ...\" width=\"660\" height=\"371\" src=\"https:\/\/www.youtube.com\/embed\/YvTU8kPFUiY?feature=oembed\" frameborder=\"0\" allow=\"accelerometer; autoplay; clipboard-write; encrypted-media; gyroscope; picture-in-picture; web-share\" referrerpolicy=\"strict-origin-when-cross-origin\" allowfullscreen><\/iframe><\/p>\n<p><strong>Methode Baklava \/ 2015\u00a0 \/ COMEDIA Theater<\/strong><\/p>\n<p><iframe loading=\"lazy\" title=\"Methode Baklava - Trailer\" src=\"https:\/\/player.vimeo.com\/video\/153106187?dnt=1&amp;app_id=122963\" width=\"660\" height=\"371\" frameborder=\"0\" allow=\"autoplay; fullscreen; picture-in-picture; clipboard-write; encrypted-media; web-share\" referrerpolicy=\"strict-origin-when-cross-origin\"><\/iframe><\/p>\n<p><strong>Konferenz der wesentlichen Dinge \/ 2014 \/ Gesellschaftsspiel \/ pulk fiktion<\/strong><\/p>\n<p><iframe loading=\"lazy\" title=\"Konferenz der wesentlichen Dinge - Trailer\" src=\"https:\/\/player.vimeo.com\/video\/143269425?dnt=1&amp;app_id=122963\" width=\"660\" height=\"371\" frameborder=\"0\" allow=\"autoplay; fullscreen; picture-in-picture; clipboard-write; encrypted-media; web-share\" referrerpolicy=\"strict-origin-when-cross-origin\"><\/iframe><\/p>\n<p><strong>Am Ende ist man immer nur wer anderes \/ 2014 \/ Theater Strahl<\/strong><\/p>\n<p><iframe loading=\"lazy\" title=\"THEATER STRAHL BERLIN: Am Ende ist man immer nur wer anderes\" width=\"660\" height=\"371\" src=\"https:\/\/www.youtube.com\/embed\/3jh_bIGQZpk?feature=oembed\" frameborder=\"0\" allow=\"accelerometer; autoplay; clipboard-write; encrypted-media; gyroscope; picture-in-picture; web-share\" referrerpolicy=\"strict-origin-when-cross-origin\" allowfullscreen><\/iframe><\/p>\n<p><strong class=\"alignleft\">Papas Arme sind ein Boot \/ 2013 \/ pulk fiktion<\/strong><\/p>\n<p><iframe loading=\"lazy\" title=\"Papas Arme sind ein Boot - Trailer\" src=\"https:\/\/player.vimeo.com\/video\/85751895?dnt=1&amp;app_id=122963\" width=\"660\" height=\"371\" frameborder=\"0\" allow=\"autoplay; fullscreen; picture-in-picture; clipboard-write; encrypted-media; web-share\" referrerpolicy=\"strict-origin-when-cross-origin\"><\/iframe><\/p>\n<p><strong>Soweit ich mich erinnern kann, war ich immer schon da<\/strong> <strong>\/ 2012 \/ KinderTheaterHaus Hannover<\/strong><\/p>\n<p><iframe loading=\"lazy\" title=\"Soweit ich mich erinnern kann, war ich immer schon da - Trailer\" src=\"https:\/\/player.vimeo.com\/video\/63197342?dnt=1&amp;app_id=122963\" width=\"660\" height=\"495\" frameborder=\"0\" allow=\"autoplay; fullscreen; picture-in-picture; clipboard-write; encrypted-media; web-share\" referrerpolicy=\"strict-origin-when-cross-origin\"><\/iframe><\/p>\n<p><strong>Die Geschichte von Lena \/ 2011 \/ <\/strong><strong>Theater Marabu<\/strong><\/p>\n<p><iframe loading=\"lazy\" title=\"Die Geschichte von Lena (Trailer)\" src=\"https:\/\/player.vimeo.com\/video\/33289052?dnt=1&amp;app_id=122963\" width=\"640\" height=\"480\" frameborder=\"0\" allow=\"autoplay; fullscreen; picture-in-picture; clipboard-write; encrypted-media; web-share\" referrerpolicy=\"strict-origin-when-cross-origin\"><\/iframe><\/p>\n<p><strong>(Nicht) Efraims T\u00f6chter \/ 2009 \/ pulk fiktion<\/strong><\/p>\n<p><iframe loading=\"lazy\" title=\"Nicht Efraims T\u00f6chter  - Trailer with Subtitles\" src=\"https:\/\/player.vimeo.com\/video\/15426340?dnt=1&amp;app_id=122963\" width=\"640\" height=\"448\" frameborder=\"0\" allow=\"autoplay; fullscreen; picture-in-picture; clipboard-write; encrypted-media; web-share\" referrerpolicy=\"strict-origin-when-cross-origin\"><\/iframe><\/p>\n<h3>Schauspiel (und Konzept)<\/h3>\n<p><strong>Schwester \/ 2012 \/ Theater Marabu<br \/><\/strong><\/p>\n<p><iframe loading=\"lazy\" title=\"Schwester\" src=\"https:\/\/player.vimeo.com\/video\/44156061?dnt=1&amp;app_id=122963\" width=\"640\" height=\"480\" frameborder=\"0\" allow=\"autoplay; fullscreen; picture-in-picture; clipboard-write; encrypted-media; web-share\" referrerpolicy=\"strict-origin-when-cross-origin\"><\/iframe><\/p>\n<p><strong>Der Rest der Welt \/ 2011 \/ pulk fiktion<\/strong><\/p>\n<p><iframe loading=\"lazy\" title=\"Der Rest der Welt - Eine Lecture Performance \u00fcber Nachrichten (Trailer)\" src=\"https:\/\/player.vimeo.com\/video\/32262271?dnt=1&amp;app_id=122963\" width=\"660\" height=\"371\" frameborder=\"0\" allow=\"autoplay; fullscreen; picture-in-picture; clipboard-write; encrypted-media; web-share\" referrerpolicy=\"strict-origin-when-cross-origin\"><\/iframe><\/p>\n<p><strong>ein st\u00fcck autokino \/ 2007 <\/strong><strong>\/ <\/strong><strong>pulk fiktion<\/strong><\/p>\n<p><iframe loading=\"lazy\" title=\"Autokino (Trailer)\" src=\"https:\/\/player.vimeo.com\/video\/6753382?dnt=1&amp;app_id=122963\" width=\"640\" height=\"512\" frameborder=\"0\" allow=\"autoplay; fullscreen; picture-in-picture; clipboard-write; encrypted-media; web-share\" referrerpolicy=\"strict-origin-when-cross-origin\"><\/iframe><\/p>\n<h3>Performance\/Aktionstheater<\/h3>\n<p><strong>Lamettaphysik &#8211; Eine Lecture\u00a0 Performance \u00fcber die Gesetze einer Akademie \/ 2016 \/ Auftragsarbeit der Bundesakademie Wolfenb\u00fcttel zum 30. J\u00e4hrigen Bestehen<br \/><\/strong><\/p>\n<p><iframe loading=\"lazy\" title=\"Lamettaphysik\" src=\"https:\/\/player.vimeo.com\/video\/189424704?dnt=1&amp;app_id=122963\" width=\"660\" height=\"371\" frameborder=\"0\" allow=\"autoplay; fullscreen; picture-in-picture; clipboard-write; encrypted-media; web-share\" referrerpolicy=\"strict-origin-when-cross-origin\"><\/iframe><\/p>\n<p><strong>Kochen f\u00fcr Fu\u00dfg\u00e4nger \/ 2012 \/ Stadtaktion \/ im Rahmen von NoGoLab &#8211; Deutsches Theater G\u00f6ttingen <\/strong><\/p>\n<p><iframe loading=\"lazy\" title=\"Kochen f\u00fcr Fu\u00dfg\u00e4nger - Eine soziale Plastik\" src=\"https:\/\/player.vimeo.com\/video\/41253106?dnt=1&amp;app_id=122963\" width=\"660\" height=\"371\" frameborder=\"0\" allow=\"autoplay; fullscreen; picture-in-picture; clipboard-write; encrypted-media; web-share\" referrerpolicy=\"strict-origin-when-cross-origin\"><\/iframe><\/p>\n<p><strong>Liebe deinen N\u00e4chsten wie dich selbst <\/strong><strong>\/ 2010 \/ Stadtaktion \/ Hannah und Livia life fromm Hildesheim<\/strong><\/p>\n<p><iframe loading=\"lazy\" title=\"Liebe deinen N\u00e4chsten wie dich selbst!\" src=\"https:\/\/player.vimeo.com\/video\/16282383?dnt=1&amp;app_id=122963\" width=\"640\" height=\"512\" frameborder=\"0\" allow=\"autoplay; fullscreen; picture-in-picture; clipboard-write; encrypted-media; web-share\" referrerpolicy=\"strict-origin-when-cross-origin\"><\/iframe><\/p>\n<p><strong>Jenseits von Heinde &#8211; wo h\u00f6rt Heimat<\/strong><strong> auf?<\/strong><strong> \/ 2007 \/ Theaterwalk \/ Projekt an der Universit\u00e4t Hildesheim<\/strong><\/p>\n<p><iframe loading=\"lazy\" title=\"Jenseits von Heinde\" src=\"https:\/\/player.vimeo.com\/video\/62435302?dnt=1&amp;app_id=122963\" width=\"320\" height=\"240\" frameborder=\"0\" allow=\"autoplay; fullscreen; picture-in-picture; clipboard-write; encrypted-media; web-share\" referrerpolicy=\"strict-origin-when-cross-origin\"><\/iframe><\/p>\n\n\n<figure class=\"wp-block-video\"><\/figure>\n\n\n\n<figure class=\"wp-block-video\"><\/figure>\n\n\n\n<figure class=\"wp-block-video\"><\/figure>\n\n\n\n<figure class=\"wp-block-video\"><\/figure>\n\n\n\n<figure class=\"wp-block-video\"><\/figure>\n\n\n\n<figure class=\"wp-block-video\"><\/figure>\n","protected":false},"excerpt":{"rendered":"<p>Regiearbeiten Die letzte Show \/ 2025 \/ Thuwis\/vonder M\u00fchll\/Biedermann Unsere Grube \/ 2024 \/ pulk fiktion Pl\u00f6tzlich K\u00e4fer \/ 2024 \/ Theater Bremen Wir sind hier \/ 2024 \/ Theater Dortmund \u00a0 Grusel \/ 2023 \/ pulk fiktion \u00a0 Ein Fisch wird nur so gro\u00df, wie sein Aquarium \/ 2023 \/ Staatstheater Wiesbaden \u00a0 Der &hellip; <a href=\"https:\/\/hannah-biedermann.de\/?page_id=5\" class=\"more-link\">Continue reading <span class=\"screen-reader-text\">Trailer<\/span><\/a><\/p>\n","protected":false},"author":3,"featured_media":0,"parent":0,"menu_order":7,"comment_status":"closed","ping_status":"closed","template":"","meta":{"footnotes":""},"class_list":["post-5","page","type-page","status-publish","hentry"],"_links":{"self":[{"href":"https:\/\/hannah-biedermann.de\/index.php?rest_route=\/wp\/v2\/pages\/5","targetHints":{"allow":["GET"]}}],"collection":[{"href":"https:\/\/hannah-biedermann.de\/index.php?rest_route=\/wp\/v2\/pages"}],"about":[{"href":"https:\/\/hannah-biedermann.de\/index.php?rest_route=\/wp\/v2\/types\/page"}],"author":[{"embeddable":true,"href":"https:\/\/hannah-biedermann.de\/index.php?rest_route=\/wp\/v2\/users\/3"}],"replies":[{"embeddable":true,"href":"https:\/\/hannah-biedermann.de\/index.php?rest_route=%2Fwp%2Fv2%2Fcomments&post=5"}],"version-history":[{"count":112,"href":"https:\/\/hannah-biedermann.de\/index.php?rest_route=\/wp\/v2\/pages\/5\/revisions"}],"predecessor-version":[{"id":3105,"href":"https:\/\/hannah-biedermann.de\/index.php?rest_route=\/wp\/v2\/pages\/5\/revisions\/3105"}],"wp:attachment":[{"href":"https:\/\/hannah-biedermann.de\/index.php?rest_route=%2Fwp%2Fv2%2Fmedia&parent=5"}],"curies":[{"name":"wp","href":"https:\/\/api.w.org\/{rel}","templated":true}]}}