{"id":54,"date":"2009-10-29T16:19:18","date_gmt":"2009-10-29T14:19:18","guid":{"rendered":"http:\/\/hannah-biedermann.de\/?page_id=54"},"modified":"2012-05-30T19:20:42","modified_gmt":"2012-05-30T17:20:42","slug":"state-of-the-art","status":"publish","type":"page","link":"https:\/\/hannah-biedermann.de\/?page_id=54","title":{"rendered":"State of the Art (2009)"},"content":{"rendered":"<p>Ein praktisches Symposium &#8211; <a href=\"http:\/\/www.uni-hildesheim.de\/stateoftheart\/\">www.uni-hildesheim.de\/stateoftheart\/<\/a><\/p>\n<p>&nbsp;<\/p>\n<p><span style=\"font-size: xx-small\"><img loading=\"lazy\" decoding=\"async\" class=\" wp-image-607 alignnone\" src=\"http:\/\/hannah-biedermann.de\/wp-content\/uploads\/kiosk3-300x212.jpg\" alt=\"\" width=\"349\" height=\"249\" \/><\/span><\/p>\n<p><span style=\"font-size: xx-small\">\u00c3\u201a\u00c2\u00a0\u00c3\u201a\u00c2\u00a0 Foto: H. Biedermann, Design: T. Mielmann <\/span><\/p>\n<p><strong>Drei Tage voll mit Premieren, Wiederaufnahmen und intensiven Gespr\u00e4chen!<\/strong><\/p>\n<p>State of the Art &#8211; status quo: High End Theatre &#8211; bildet eine Plattform f\u00fcr die freie, studentische Praxis. Um die Bedeutung institutionsunabh\u00e4ngiger studentischer Theaterformen zu st\u00e4rken und vor allem inhaltliche und \u00e4sthetische Diskussionen \u00fcber die Produktionen zu erm\u00f6glichen, wird es ab jetzt j\u00e4hrlich im Oktober dieses praktische Symposium geben.<\/p>\n<p>Wir wollen kein weiteres studentisches Festival f\u00fcr Hildesheim sein. Wir sind, was ihr alle schon immer vermisst habt. Das, was zum Studium geh\u00f6ren sollte, aber universit\u00e4r keinen Platz findet:<br \/>\nein Werkschauwochenende freier Theaterproduktionen. Kompakt und selbstverwaltet.<\/p>\n<p>Veranstaltet wird State of the Art vom Institut f\u00fcr Medien und Theater der Uni Hildesheim, den Fachschaften Szenische K\u00fcnste und Kulturwissenschaft und dem Theaterhaus Hildesheim e.V., es wurde von Hannah Biedermann, Caro Gerlach und Kaja Jakstat gegr\u00fcndet und 2009 organisiert.<\/p>\n","protected":false},"excerpt":{"rendered":"<p>Ein praktisches Symposium &#8211; www.uni-hildesheim.de\/stateoftheart\/ &nbsp; \u00c3\u201a\u00c2\u00a0\u00c3\u201a\u00c2\u00a0 Foto: H. Biedermann, Design: T. Mielmann Drei Tage voll mit Premieren, Wiederaufnahmen und intensiven Gespr\u00e4chen! State of the Art &#8211; status quo: High End Theatre &#8211; bildet eine Plattform f\u00fcr die freie, studentische Praxis. Um die Bedeutung institutionsunabh\u00e4ngiger studentischer Theaterformen zu st\u00e4rken und vor allem inhaltliche und \u00e4sthetische &hellip; <a href=\"https:\/\/hannah-biedermann.de\/?page_id=54\" class=\"more-link\">Continue reading <span class=\"screen-reader-text\">State of the Art (2009)<\/span><\/a><\/p>\n","protected":false},"author":3,"featured_media":0,"parent":3,"menu_order":0,"comment_status":"closed","ping_status":"closed","template":"template-twocolumnsleft.php","meta":{"footnotes":""},"class_list":["post-54","page","type-page","status-publish","hentry"],"_links":{"self":[{"href":"https:\/\/hannah-biedermann.de\/index.php?rest_route=\/wp\/v2\/pages\/54","targetHints":{"allow":["GET"]}}],"collection":[{"href":"https:\/\/hannah-biedermann.de\/index.php?rest_route=\/wp\/v2\/pages"}],"about":[{"href":"https:\/\/hannah-biedermann.de\/index.php?rest_route=\/wp\/v2\/types\/page"}],"author":[{"embeddable":true,"href":"https:\/\/hannah-biedermann.de\/index.php?rest_route=\/wp\/v2\/users\/3"}],"replies":[{"embeddable":true,"href":"https:\/\/hannah-biedermann.de\/index.php?rest_route=%2Fwp%2Fv2%2Fcomments&post=54"}],"version-history":[{"count":5,"href":"https:\/\/hannah-biedermann.de\/index.php?rest_route=\/wp\/v2\/pages\/54\/revisions"}],"predecessor-version":[{"id":608,"href":"https:\/\/hannah-biedermann.de\/index.php?rest_route=\/wp\/v2\/pages\/54\/revisions\/608"}],"up":[{"embeddable":true,"href":"https:\/\/hannah-biedermann.de\/index.php?rest_route=\/wp\/v2\/pages\/3"}],"wp:attachment":[{"href":"https:\/\/hannah-biedermann.de\/index.php?rest_route=%2Fwp%2Fv2%2Fmedia&parent=54"}],"curies":[{"name":"wp","href":"https:\/\/api.w.org\/{rel}","templated":true}]}}