{"id":57,"date":"2009-10-29T16:42:25","date_gmt":"2009-10-29T14:42:25","guid":{"rendered":"http:\/\/hannah-biedermann.de\/?page_id=57"},"modified":"2012-05-30T17:44:58","modified_gmt":"2012-05-30T15:44:58","slug":"augenblick-mal-2009","status":"publish","type":"page","link":"https:\/\/hannah-biedermann.de\/?page_id=57","title":{"rendered":"Augenblick mal! 2009"},"content":{"rendered":"<p><a href=\"http:\/\/augenblickmal.de\/\" target=\"_blank\">www.augenblickmal.de <\/a><\/p>\n<p><img loading=\"lazy\" decoding=\"async\" class=\"alignleft size-full wp-image-526\" src=\"http:\/\/hannah-biedermann.de\/wp-content\/uploads\/bg-banner-01.gif\" alt=\"\" width=\"131\" height=\"243\" \/><\/p>\n<p>Das 10. Deutsche Kinder- und Jugendtheater-Treffen &#8220;Augenblick mal! 2009&#8221; fand vom 5. bis 10. Mai 2009 in Berlin statt!<\/p>\n<p>Zehn Kuratoren bereisten acht Monate lang das ganze Land und haben nach knapp 260 Auff\u00fchrungsbesuchen 20 k\u00fcnstlerisch bemerkenswerte Inszenierungen als Beispiele f\u00fcr zeitgem\u00e4\u00dfes Kinder- und Jugendtheater aus \u00fcber 160 eingereichten Vorschl\u00e4gen nominiert.<br \/>\nVon den 20 nominierten Inszenierungen haben die Kuratoren zehn k\u00fcnstlerisch herausragende Inszenierungen zum gr\u00f6\u00dften Festival des deutschen Kinder- und Jugendtheaters nach Berlin eingeladen.<\/p>\n<p>Das Deutsche Kinder- und Jugendtheater-Treffen Augenblick mal! ist die nationale Biennale des Theaters f\u00fcr junge Zuschauer. Das Festival ist dabei nicht nur Leistungsschau der deutschen Kinderund Jugendtheaterszene, sondern auch Treffpunkt f\u00fcr die Macher des Kinder- und Jugendtheaters in Deutschland und f\u00fcr eine Vielzahl von ausl\u00e4ndischen G\u00e4sten. Wir blicken im Jahr 2009 auf zwei Jahrzehnte der Entwicklung des Kinder- und Jugendtheaters im geeinten Deutschland zur\u00fcck. Das Jubil\u00e4umsfestival pr\u00e4sentierte daher mit seinem Programm eine aktuelle Bestandsaufnahme der k\u00fcnstlerischen Situation des Theaters f\u00fcr junges Publikum in Deutschland und machte damit seine besondere k\u00fcnstlerische Identit\u00e4t sichtbar. Der internationale Programmschwerpunkt sollte mit Inszenierungen aus dem Ausland k\u00fcnstlerische Impulse f\u00fcr die perspektivische Entwicklung des Kinder- und Jugendtheaters in Deutschland geben.<\/p>\n<p>&nbsp;<\/p>\n<p>&nbsp;<\/p>\n<p>TEAM Augenblick mal! 2009<\/p>\n<p>Dr. Gerd Taube<br \/>\nK\u00fcnstlerischer Leiter<br \/>\nLeiter des Zentrums<\/p>\n<p>Cathrin Bl\u00f6ss Kontakt<br \/>\nOrganisationsleitung<\/p>\n<p>Muriel Zibulla<br \/>\nAssitenz Organisationsleitung<\/p>\n<p>Kerstin B\u00f6ttcher<br \/>\nPresse<\/p>\n<p>Antje Fischer Kontakt<br \/>\nMarketing und Redaktion<\/p>\n<p>Hannah Biedermann<br \/>\nAssistenz Marketing und Redaktion<\/p>\n<p>Gabi dan Droste<br \/>\nBerlin10 | Mentorin Spiel mit dem Theater<br \/>\nBerliner B\u00fcro des Zentrums \/ Arbeitsbereich Aus- und Weiterbildung<\/p>\n<p>Pia Klimt<br \/>\nSpiel mit dem Theater<br \/>\nBerliner B\u00fcro des Zentrums \/ Freies Soziales Jahr Kultur Weiterbildung<\/p>\n<p>Mischka Franke, Michael Lange, Julia Wegenast<br \/>\nSpiel mit dem Theater<\/p>\n<p>Annett Israel<br \/>\nGespr\u00e4che &amp; Begegnungen<br \/>\nBerliner B\u00fcro des Zentrums \/ Arbeitsbereich Aus- und Weiterbildung<\/p>\n<p>Anja Vogel Kontakt<br \/>\nAssistenz Gespr\u00e4che &amp; Begegnungen<\/p>\n<p>Henning Fangauf<br \/>\nInternationaler Austausch<br \/>\nStellvertretender Leiter des Zentrums<\/p>\n<p>Katrin Behrens<br \/>\nMitarbeit Internationaler Austausch<\/p>\n<p>Meike Fechner<br \/>\nVerwaltungsleitung<br \/>\nGesch\u00e4ftsf\u00fchrerin der ASSITEJ<\/p>\n<p>Dr. J\u00fcrgen Kirschner<br \/>\nMediale Begleitung<br \/>\nWissenschaftlicher Dokumentar des Zentrums \/ Arbeitsbereich Information und Dokumentation<\/p>\n<p>Helena Eichler, Binu Kurian Joseph,<br \/>\nStefanie Kaufmann, Hannah Schreier<br \/>\nMitarbeit Mediale Begleitung<\/p>\n<p>Ralf-Markus Herrmann<br \/>\nFestivalschalter<br \/>\nSachbearbeiter des Zentrums<\/p>\n<p>Christine Schulmeier<br \/>\nFestivalschalter<br \/>\nBuchhalterin des Zentrums<\/p>\n<p>Holger Drees<br \/>\nGrafikdesign<br \/>\nwww.dreesgrafikdesign.de<\/p>\n<p>Johannes Hercher<br \/>\nWebmaster<br \/>\nwww.datentaste.de<\/p>\n<p>Joerg Metzner<br \/>\nFotografie Ensembleportrait<br \/>\nwww.joerg-metzner.de<\/p>\n<p>J\u00f6rg Sobeck Kontakt<br \/>\nFotografie Festivalstimmung<\/p>\n<p>Fred Pommerehn<br \/>\nHausgestaltung<br \/>\nwww.fredpommerehn.com<\/p>\n<p>Dieter Schmikowski<br \/>\n\u00dcbersetzung<\/p>\n<p>UCS &#8211; united catering service<br \/>\nCatering<br \/>\nwww.ucs-berlin.de<\/p>\n<p>&nbsp;<\/p>\n","protected":false},"excerpt":{"rendered":"<p>www.augenblickmal.de Das 10. Deutsche Kinder- und Jugendtheater-Treffen &#8220;Augenblick mal! 2009&#8221; fand vom 5. bis 10. Mai 2009 in Berlin statt! Zehn Kuratoren bereisten acht Monate lang das ganze Land und haben nach knapp 260 Auff\u00fchrungsbesuchen 20 k\u00fcnstlerisch bemerkenswerte Inszenierungen als Beispiele f\u00fcr zeitgem\u00e4\u00dfes Kinder- und Jugendtheater aus \u00fcber 160 eingereichten Vorschl\u00e4gen nominiert. Von den 20 &hellip; <a href=\"https:\/\/hannah-biedermann.de\/?page_id=57\" class=\"more-link\">Continue reading <span class=\"screen-reader-text\">Augenblick mal! 2009<\/span><\/a><\/p>\n","protected":false},"author":3,"featured_media":0,"parent":3,"menu_order":0,"comment_status":"closed","ping_status":"closed","template":"template-twocolumnsleft.php","meta":{"footnotes":""},"class_list":["post-57","page","type-page","status-publish","hentry"],"_links":{"self":[{"href":"https:\/\/hannah-biedermann.de\/index.php?rest_route=\/wp\/v2\/pages\/57","targetHints":{"allow":["GET"]}}],"collection":[{"href":"https:\/\/hannah-biedermann.de\/index.php?rest_route=\/wp\/v2\/pages"}],"about":[{"href":"https:\/\/hannah-biedermann.de\/index.php?rest_route=\/wp\/v2\/types\/page"}],"author":[{"embeddable":true,"href":"https:\/\/hannah-biedermann.de\/index.php?rest_route=\/wp\/v2\/users\/3"}],"replies":[{"embeddable":true,"href":"https:\/\/hannah-biedermann.de\/index.php?rest_route=%2Fwp%2Fv2%2Fcomments&post=57"}],"version-history":[{"count":4,"href":"https:\/\/hannah-biedermann.de\/index.php?rest_route=\/wp\/v2\/pages\/57\/revisions"}],"predecessor-version":[{"id":565,"href":"https:\/\/hannah-biedermann.de\/index.php?rest_route=\/wp\/v2\/pages\/57\/revisions\/565"}],"up":[{"embeddable":true,"href":"https:\/\/hannah-biedermann.de\/index.php?rest_route=\/wp\/v2\/pages\/3"}],"wp:attachment":[{"href":"https:\/\/hannah-biedermann.de\/index.php?rest_route=%2Fwp%2Fv2%2Fmedia&parent=57"}],"curies":[{"name":"wp","href":"https:\/\/api.w.org\/{rel}","templated":true}]}}