{"id":6,"date":"2009-06-17T02:00:59","date_gmt":"2009-06-17T00:00:59","guid":{"rendered":"http:\/\/hannah-biedermann.de\/?page_id=6"},"modified":"2025-12-19T11:38:55","modified_gmt":"2025-12-19T09:38:55","slug":"pulk-fiktion","status":"publish","type":"page","link":"https:\/\/hannah-biedermann.de\/?page_id=6","title":{"rendered":"pulk fiktion"},"content":{"rendered":"<p><img loading=\"lazy\" decoding=\"async\" class=\"wp-image-295 alignleft\" src=\"http:\/\/hannah-biedermann.de\/wp-content\/uploads\/LOGO-pulk-fiktion.jpg\" alt=\"\" width=\"209\" height=\"166\" \/><a href=\"http:\/\/www.pulk-fiktion.de\" target=\"_blank\" rel=\"noopener noreferrer\">www.pulk-fiktion.de<br \/>\n<\/a><br \/>\n<a href=\"http:\/\/www.facebook.com\/pages\/pulk-fiktion\/259189046463\" target=\"_blank\" rel=\"noopener noreferrer\">facebook-pulk fiktion<\/a><\/p>\n<p style=\"text-align: justify\"><em>pulk fiktion ist &#8220;meine&#8221; eigene freie Theatergruppe, die ich 2007 mit befreundeten K\u00fcnstler*innen gegr\u00fcndet habe. Seit dem w\u00e4chst sie stetig.<\/em><\/p>\n<p>Als Gruppe, die sich dem Kinder- und Jugendtheater verschrieben hat, nimmt sich pulk fiktion stets den Fragen und Lebensperspektiven der jungen Menschen an, aber stellt sich auch immer die Frage: Wie kann ein gemeinsames Leben mit allen Generationen (aller Nationen und Kulturen) aussehen? Und damit auch, wie kann ein zeitgen\u00f6ssisches Theater f\u00fcr alle aussehen? Wie kann Theater nicht nur Utopien vorspielen, sondern selbst Ort der Begegnung und Verhandlung sein?<\/p>\n<p>pulk fiktion ist eine 2007 gegr\u00fcndete Performancegruppe mit Sitz in K\u00f6ln. Ein heterogener pulk von K\u00fcnstler*innen (aus den Bereichen Theater, Film, Musik, Performance, Videokunst und interaktive Medien) erarbeitet in unterschiedlichen Konstellationen Produktionen f\u00fcr Kinder, Jugendliche und Erwachsene.<\/p>\n<p>Der vielf\u00e4ltige und interdisziplin\u00e4re Ansatz der Gruppe entsteht aus dem unbedingten Ziel, die \u00e4sthetische Form jeweils individuell nach dem gestellten Thema auszurichten. pulk fiktion entwickeln ihre Produktionen auf der Basis gesellschaftlicher Fragestellungen sowie aus Vorlagen der popul\u00e4ren Kultur.<\/p>\n<p>Die Produktionen, meist St\u00fcckentwicklungen, wurden auf diverse nationale und internationale Festivals eingeladen und mit zahlreichen Preisen ausgezeichnet. 2016 erhielt pulk fiktion den George Tabori F\u00f6rderpreis des Fonds Darstellende K\u00fcnste. 2025 kam der George Tabori Hauptpreis hinzu.<br \/>\nSeit 2019 erh\u00e4lt pulk fiktion die Spitzenf\u00f6rderung f\u00fcr Kinder- und Jugendtheater des Landes NRW.<\/p>\n<p><a class=\"boxersandswipers\" href=\"http:\/\/www.pulk-fiktion.org\/_\/images\/stories\/assitej-logo%20sehrklein.jpg\" target=\"_blank\" rel=\"boxers-and-swipers noopener noreferrer\"><img loading=\"lazy\" decoding=\"async\" src=\"http:\/\/www.pulk-fiktion.org\/_\/plugins\/content\/fboxbot\/thumbs\/assitej-logo-sehrklein_97x54_b9179ec299ff0a99d32a40628702be1f.jpg\" alt=\"\" width=\"97\" height=\"54\" align=\"right\" border=\"0\" \/><\/a><em>pulk fiktion<\/em> ist Mitglied der Internationalen Vereinigung des Theaters f\u00fcr Kinder und Jugendliche <em><a href=\"http:\/\/www.assitej.de\/\" target=\"_blank\" rel=\"noopener noreferrer\">ASSITEJ<\/a><\/em>.<\/p>\n<p><strong> Bisherige Projekte:<\/strong><\/p>\n<p><a href=\"http:\/\/hannah-biedermann.de\/?page_id=20\"><span style=\"color: #000000\">ein st\u00fcck autokino<\/span><\/a> (2007)<br \/>\n<a href=\"http:\/\/hannah-biedermann.de\/?page_id=58\"><del>Efraims<\/del><span style=\"color: #000000\"> T\u00f6chter<\/span> (2009)<\/a><br \/>\n<span style=\"color: #000000\"><a href=\"http:\/\/hannah-biedermann.de\/?page_id=104\">Der Rest der Welt (2011)<br \/>\n<\/a><a href=\"http:\/\/hannah-biedermann.de\/?page_id=1045\">Papas Arme sind ein Boot (2013)<\/a><br \/>\n<a href=\"http:\/\/hannah-biedermann.de\/?page_id=1385\">Konferenz der wesentlichen Dinge (2014)<\/a><br \/>\n<a href=\"http:\/\/hannah-biedermann.de\/?page_id=1665\">Galaktika Silencia (2016)<\/a><br \/>\n<a href=\"http:\/\/hannah-biedermann.de\/?page_id=1771\">All about Nothing &#8211; Ein St\u00fcck \u00fcber Kinderarmut (2016)<\/a><br \/>\nMax und Moritz (2017)<br \/>\nTrollwut (2018)<br \/>\nHieronymus (2019)<br \/>\nDenken ohne Gel\u00e4nder &#8211; Hannah Arendt im Selbstversuch (2020)<br \/>\nHomewalk &#8211; Eine Reise nach Wohnanien (2020)<br \/>\nR\u00c4UMEN &#8211; Ein Versuch von Umordnung (2020)<br \/>\nRobin und die Hoods (2021)<br \/>\nDer Schnee von Gestern (2022)<br \/>\nGRUSEL (2023)<br \/>\nUnsere Grube (2024)<br \/>\nDer Riss (2025)<\/span><\/p>\n","protected":false},"excerpt":{"rendered":"<p>www.pulk-fiktion.de facebook-pulk fiktion pulk fiktion ist &#8220;meine&#8221; eigene freie Theatergruppe, die ich 2007 mit befreundeten K\u00fcnstler*innen gegr\u00fcndet habe. Seit dem w\u00e4chst sie stetig. Als Gruppe, die sich dem Kinder- und Jugendtheater verschrieben hat, nimmt sich pulk fiktion stets den Fragen und Lebensperspektiven der jungen Menschen an, aber stellt sich auch immer die Frage: Wie kann &hellip; <a href=\"https:\/\/hannah-biedermann.de\/?page_id=6\" class=\"more-link\">Continue reading <span class=\"screen-reader-text\">pulk fiktion<\/span><\/a><\/p>\n","protected":false},"author":3,"featured_media":0,"parent":0,"menu_order":9,"comment_status":"closed","ping_status":"closed","template":"","meta":{"footnotes":""},"class_list":["post-6","page","type-page","status-publish","hentry"],"_links":{"self":[{"href":"https:\/\/hannah-biedermann.de\/index.php?rest_route=\/wp\/v2\/pages\/6","targetHints":{"allow":["GET"]}}],"collection":[{"href":"https:\/\/hannah-biedermann.de\/index.php?rest_route=\/wp\/v2\/pages"}],"about":[{"href":"https:\/\/hannah-biedermann.de\/index.php?rest_route=\/wp\/v2\/types\/page"}],"author":[{"embeddable":true,"href":"https:\/\/hannah-biedermann.de\/index.php?rest_route=\/wp\/v2\/users\/3"}],"replies":[{"embeddable":true,"href":"https:\/\/hannah-biedermann.de\/index.php?rest_route=%2Fwp%2Fv2%2Fcomments&post=6"}],"version-history":[{"count":35,"href":"https:\/\/hannah-biedermann.de\/index.php?rest_route=\/wp\/v2\/pages\/6\/revisions"}],"predecessor-version":[{"id":3107,"href":"https:\/\/hannah-biedermann.de\/index.php?rest_route=\/wp\/v2\/pages\/6\/revisions\/3107"}],"wp:attachment":[{"href":"https:\/\/hannah-biedermann.de\/index.php?rest_route=%2Fwp%2Fv2%2Fmedia&parent=6"}],"curies":[{"name":"wp","href":"https:\/\/api.w.org\/{rel}","templated":true}]}}