{"id":761,"date":"2012-08-27T13:50:31","date_gmt":"2012-08-27T11:50:31","guid":{"rendered":"http:\/\/hannah-biedermann.de\/?page_id=761"},"modified":"2012-08-27T13:51:50","modified_gmt":"2012-08-27T11:51:50","slug":"na-klar-senioren-spielen-momo-im-klecks-theater","status":"publish","type":"page","link":"https:\/\/hannah-biedermann.de\/?page_id=761","title":{"rendered":"Na klar! &#8211; Senioren spielen Momo im Klecks-Theater"},"content":{"rendered":"<p>Niemand auf der B\u00fchne tr\u00e4gt Momos bunten Flickenrock oder die alte, viel zu weite M\u00e4nnerjacke. Stattdessen sind in der Premiere von &#8220;soweit ich mich erinnern kann, war ich immer schon da&#8221;, einer Adaption von Michael Endes ber\u00fchmtem Roman &#8220;Momo&#8221;, jungenhaft wirkende Kniebundhosen und brave M\u00e4dchenr\u00f6cke zu sehen. Die Menschen, die in den Kindersachen stecken, sind alt: Peter Japtok, Gabriele Mittler-Gerstenberger und Martin G. Kunze sind allesamt \u00fcber 70.<br \/>\nSie verk\u00f6rpern in dem ungew\u00f6hnlichen Theaterprojekt f\u00fcr Kinder ab acht Jahren unter der Regie von Hannah Biedermann nicht nur Momo, sondern auch Gigi Fremdenf\u00fchrer, Beppo Stra\u00dfenkehrer, Herrn Fusi, den Friseur und die seltsamen grauen Herren aus Michael Endes Roman, die die Menschen um ihre Zeit &#8211; und damit zugleich um ihr Leben im Hier und Jetzt &#8211; betr\u00fcgen. Sensibel und gut verst\u00e4ndlich bereiten die drei Darsteller die Geschichte f\u00fcr die B\u00fchne auf. Sie rezitieren Passagen aus dem Buch oder spielen sie mit immer neu verteilten Rollen, arbeiten mit Videoprojektionen und Musik und nutzen nicht nur die B\u00fchne (Ausstattung Kristin Wolter), sondern auch den Zuschauerraum im KinderTheaterHaus.<br \/>\nBehutsam arbeiten die Darsteller auch das Thema Alter mit ein. Die Idee des Romans, dass die Menschen zu wenig Zeit haben und sie deshalb f\u00fcr sp\u00e4ter aufsparen, bekommt vor dem Hintergrund des letzten Lebensabschnittes eine neue Dimension. Wie war mein Leben, was hat mich gepr\u00e4gt, was mache ich mit der Zeit, die mir noch bleibt: Die Schauspieler setzen einige sehr ber\u00fchrende Akzente, indem sie pers\u00f6nliche Erfahrungen, Erinnerungen und Erkenntnisse einarbeiten.<br \/>\nAn einer Stelle konnte man erleben, wie ungezwungen Kinder auf Fragen alter Menschen reagieren: &#8220;Kann es f\u00fcr einen sehr kranken Menschen wichtig sein, mit ihm noch ein letztes Mal in den Urlaub zu fahren?&#8221; fragt Martin G. Kunze pl\u00f6tzlich in den Zuschauerraum. Alle schweigen. Nur ein Junge antwortet laut: &#8220;Na klar!&#8221;<\/p>\n<p><strong>Hannoversche Allgemeine Zeitung, 27.08.2012<\/strong><\/p>\n","protected":false},"excerpt":{"rendered":"<p>Niemand auf der B\u00fchne tr\u00e4gt Momos bunten Flickenrock oder die alte, viel zu weite M\u00e4nnerjacke. Stattdessen sind in der Premiere von &#8220;soweit ich mich erinnern kann, war ich immer schon da&#8221;, einer Adaption von Michael Endes ber\u00fchmtem Roman &#8220;Momo&#8221;, jungenhaft wirkende Kniebundhosen und brave M\u00e4dchenr\u00f6cke zu sehen. Die Menschen, die in den Kindersachen stecken, sind &hellip; <a href=\"https:\/\/hannah-biedermann.de\/?page_id=761\" class=\"more-link\">Continue reading <span class=\"screen-reader-text\">Na klar! &#8211; Senioren spielen Momo im Klecks-Theater<\/span><\/a><\/p>\n","protected":false},"author":3,"featured_media":0,"parent":735,"menu_order":0,"comment_status":"closed","ping_status":"closed","template":"template-twocolumnsleft.php","meta":{"footnotes":""},"class_list":["post-761","page","type-page","status-publish","hentry"],"_links":{"self":[{"href":"https:\/\/hannah-biedermann.de\/index.php?rest_route=\/wp\/v2\/pages\/761","targetHints":{"allow":["GET"]}}],"collection":[{"href":"https:\/\/hannah-biedermann.de\/index.php?rest_route=\/wp\/v2\/pages"}],"about":[{"href":"https:\/\/hannah-biedermann.de\/index.php?rest_route=\/wp\/v2\/types\/page"}],"author":[{"embeddable":true,"href":"https:\/\/hannah-biedermann.de\/index.php?rest_route=\/wp\/v2\/users\/3"}],"replies":[{"embeddable":true,"href":"https:\/\/hannah-biedermann.de\/index.php?rest_route=%2Fwp%2Fv2%2Fcomments&post=761"}],"version-history":[{"count":3,"href":"https:\/\/hannah-biedermann.de\/index.php?rest_route=\/wp\/v2\/pages\/761\/revisions"}],"predecessor-version":[{"id":763,"href":"https:\/\/hannah-biedermann.de\/index.php?rest_route=\/wp\/v2\/pages\/761\/revisions\/763"}],"up":[{"embeddable":true,"href":"https:\/\/hannah-biedermann.de\/index.php?rest_route=\/wp\/v2\/pages\/735"}],"wp:attachment":[{"href":"https:\/\/hannah-biedermann.de\/index.php?rest_route=%2Fwp%2Fv2%2Fmedia&parent=761"}],"curies":[{"name":"wp","href":"https:\/\/api.w.org\/{rel}","templated":true}]}}