{"id":883,"date":"2012-12-06T00:11:31","date_gmt":"2012-12-05T22:11:31","guid":{"rendered":"http:\/\/hannah-biedermann.de\/?page_id=883"},"modified":"2012-12-06T00:11:31","modified_gmt":"2012-12-05T22:11:31","slug":"was-der-korper-mit-uns-macht","status":"publish","type":"page","link":"https:\/\/hannah-biedermann.de\/?page_id=883","title":{"rendered":"Was der K\u00f6rper mit uns macht"},"content":{"rendered":"<p><strong>Junges Staatstheater zeigt Recherche-St\u00fcck &#8220;Neben mir&#8221; in der Insel<\/strong><\/p>\n<p>Das Thema K\u00f6rper begleitet jeden ein Leben lang. Der K\u00f6rper ist Identit\u00e4t, Projektionsfl\u00e4che, Unsicherheit, Alleinstellungsmerkmal. Nur der Stellenwert verschiebt sich mal in die eine, mal in die andere Richtung. Das Recherchest\u00fcck \u201cNeben mir\u201c der Regisseurin Hannah Biedermann, einer Urauff\u00fchrung am Jungen Staatstheater in der Insel, widmet sich der Korrelation von K\u00f6rper und Identit\u00e4t unter Jugendlichen. Sieben Wochen lang haben Biedermann und das Ensemble &#8221; Veronika Bachfischer, Michel Brandt, Sebastian Reich und Ralf Wegner &#8221; Statistiken gesammelt, Erfahrungsberichte aufgenommen und die Ergebnisse f\u00fcr Jugendliche ab 13 auf die B\u00fchne gebracht. Wie bestimmen Aussehen, Sch\u00f6nheitsvorstellungen und Stil die Selbst- und Fremdwahrnehmung in diesem Lebensabschnitt? Grundlage des Textes bildeten Interviews von Teenagern, die von den Schauspielern selbst intoniert wurden, aus dem Off oder als Voice over eingespielt wurden. Schnell wird klar, dass der K\u00f6rper ein besonders identit\u00e4tsstiftendes Moment in der Pubert\u00e4t ist. Es beginnt mit dem Vortragen selbst erhobener Daten: Alter, Geschlecht sowie Spie\u00dfer, Yuppies, \u00c3\u0192\u00e2\u20ac\u201ckos werden kurzerhand am Aussehen festgemacht. Es scheiden sich die Geister. \u201cDu kannst doch nicht dem Aussehen nach urteilen, ob jemand ein Ausl\u00e4nder ist?!\u201c \u201cUnd wie entscheidest du ob jemand dick oder d\u00fcnn ist?\u201c Gruppen- und Geschlechterzugeh\u00f6rigkeit werden \u00fcber das Aussehen, \u00fcber den Stil definiert, Es zeigt sich, dass klassische Vorstellungen hierzu in den K\u00f6pfen vorherrschen. Und auf der B\u00fchne werden diese (auf-)gebrochen. Die traurige und zugleich l\u00e4cherliche Komponente, die Rollenvorstellungen haben, werden von den vieren deutlich gemacht, sei es in Form von Posen, sei es in Michel Brandts Lied \u201cIch bin massenkompatibel\u201c in der Unsicherheit zu Angepasstheit f\u00fchrt. Poetische Momente entstehen, wenn sich die Darsteller zu Kate Nashs \u201cDickhead\u201c schminken und frisieren, selbstbewusst vor das Publikum treten, sich verunsichern lassen, zur\u00fcck zum imaginierten Spiegel rennen und ver\u00e4ndern, um sich erneute dem Urteil der anderen zu stellen, nur um dann wieder von vorne anzufangen. Oder wenn Veronika Bachfischer in einem Fatsuit gemeinsam mit der anderen versunken Walzer tanzt. Daneben kommt die Komik nicht zu kurz, die in manch weitverbreiteten W\u00fcnschen und Vorstellungen zutage tritt, zum Beispiel in denen einer dauerhaften Ganzk\u00f6rperenthaarung. Gelegentlich geht es Schlag auf Schlag. Zu rasant wechselt das St\u00fcck von Transsexualit\u00e4t zu Selbstverletzungen und &#8220;verst\u00fcmmelungen als Folge psychischer Versehrungen, bevor die Schauspieler die eigenen Unsicherheiten humorvoll preisgeben und damit die Klammer des St\u00fcckes schlie\u00dfen. hinter sich ein Schlachtfeld aus Requisiten, einst schlicht nebeneinandergereihte Umkleidekabinen. Die gelungene Mischung der sehenswerten Inszenierung von (teils ersch\u00fctternden) Statistiken und pers\u00f6nlichen Erfahrungen gelingt vor allem dank der starken Schauspieler, die den manchmal schmalen Grat zwischen Komik und Ernst hervorragend meistern.<\/p>\n<p><strong>Evelyn Arents, BNN, 03.12.2012<\/strong><\/p>\n","protected":false},"excerpt":{"rendered":"<p>Junges Staatstheater zeigt Recherche-St\u00fcck &#8220;Neben mir&#8221; in der Insel Das Thema K\u00f6rper begleitet jeden ein Leben lang. Der K\u00f6rper ist Identit\u00e4t, Projektionsfl\u00e4che, Unsicherheit, Alleinstellungsmerkmal. Nur der Stellenwert verschiebt sich mal in die eine, mal in die andere Richtung. Das Recherchest\u00fcck \u201cNeben mir\u201c der Regisseurin Hannah Biedermann, einer Urauff\u00fchrung am Jungen Staatstheater in der Insel, widmet &hellip; <a href=\"https:\/\/hannah-biedermann.de\/?page_id=883\" class=\"more-link\">Continue reading <span class=\"screen-reader-text\">Was der K\u00f6rper mit uns macht<\/span><\/a><\/p>\n","protected":false},"author":3,"featured_media":0,"parent":827,"menu_order":0,"comment_status":"closed","ping_status":"closed","template":"template-twocolumnsleft.php","meta":{"footnotes":""},"class_list":["post-883","page","type-page","status-publish","hentry"],"_links":{"self":[{"href":"https:\/\/hannah-biedermann.de\/index.php?rest_route=\/wp\/v2\/pages\/883","targetHints":{"allow":["GET"]}}],"collection":[{"href":"https:\/\/hannah-biedermann.de\/index.php?rest_route=\/wp\/v2\/pages"}],"about":[{"href":"https:\/\/hannah-biedermann.de\/index.php?rest_route=\/wp\/v2\/types\/page"}],"author":[{"embeddable":true,"href":"https:\/\/hannah-biedermann.de\/index.php?rest_route=\/wp\/v2\/users\/3"}],"replies":[{"embeddable":true,"href":"https:\/\/hannah-biedermann.de\/index.php?rest_route=%2Fwp%2Fv2%2Fcomments&post=883"}],"version-history":[{"count":2,"href":"https:\/\/hannah-biedermann.de\/index.php?rest_route=\/wp\/v2\/pages\/883\/revisions"}],"predecessor-version":[{"id":885,"href":"https:\/\/hannah-biedermann.de\/index.php?rest_route=\/wp\/v2\/pages\/883\/revisions\/885"}],"up":[{"embeddable":true,"href":"https:\/\/hannah-biedermann.de\/index.php?rest_route=\/wp\/v2\/pages\/827"}],"wp:attachment":[{"href":"https:\/\/hannah-biedermann.de\/index.php?rest_route=%2Fwp%2Fv2%2Fmedia&parent=883"}],"curies":[{"name":"wp","href":"https:\/\/api.w.org\/{rel}","templated":true}]}}