{"id":913,"date":"2013-02-19T01:23:29","date_gmt":"2013-02-18T23:23:29","guid":{"rendered":"http:\/\/hannah-biedermann.de\/?page_id=913"},"modified":"2013-02-19T01:23:29","modified_gmt":"2013-02-18T23:23:29","slug":"votum-augenblick-mal","status":"publish","type":"page","link":"https:\/\/hannah-biedermann.de\/?page_id=913","title":{"rendered":"Votum Augenblick mal!"},"content":{"rendered":"<p>Es sind kleine Gesten, die Hannah Biedermann und Philip Schlomm in \u201cSchwester\u201c brauchen, um das wunderbare Buch von Jon Fosse auf der B\u00fchne zu erz\u00e4hlen. Aus zwei Perspektiven entwickelt der norwegische Autor seine Geschichte, einmal aus der eines neugierigen vierj\u00e4hrigen Buben, der mit seiner dreij\u00e4hrigen Schwester auf \u201cverbotenen Pfaden\u201c wandelt, zum anderen aus der der beh\u00fctenden Perspektive der Mutter (der Vater spielt nur eine Nebenrolle). Mit minimalen Mitteln verwandeln sich die beiden Schauspieler in ihre Rollen, aber sie tun nie so als ob: Sie performen.<br \/>\nIm B\u00fchnenbild von Tina J\u00fccker &#8221; ein Tanzboden, im Hintergrund ein gro\u00dfes Trapez, das verschiedenfarbig angestrahlt wird, ein gro\u00dfes Dreieck, auf das sich Bilder projizieren lassen, vorne zwei St\u00fchle und daneben, bzw. davor zwei Mikros auf St\u00e4ndern &#8221; entwickelt sich in der Regie von Claus Overkamp ein behutsamer, z.T. entschleunigender\u00c3\u201a\u00c2\u00a0 Rhythmus. Auch hier entstehen durch minimale Mittel gro\u00dfe Wirkungen. Eine wichtige Rolle spielt\u00c3\u201a\u00c2\u00a0 das Live-Video, in dem ein kleiner Topf mit einem Grasb\u00fcschel zu einem Urwald wird. Ebenso ist der\u00c3\u201a\u00c2\u00a0 Einsatz von Mikrofonen &#8221; zumeist der Erwachsenenperspektive vorbehalten &#8221; genau getimt. Dar\u00fcber hinaus legt Overkamp in der Arbeit mit den beiden Schauspielern gro\u00dfen Wert auf eine freundlich-\u201cwarme\u201c Spielweise, die sich liebevoll dem jungen Publikum zuwendet.<br \/>\nWo Jon Fosse seine Erz\u00e4hlungen mit Zwischentiteln gliedert, entwickelt die Regie kleine Choregrafien, die sich in ihren Ausformungen an kindlichen Spielen orientieren und der Auff\u00fchrung eine ganz eigene Dynamik geben. Ansonsten h\u00e4lt sich das Team eng an die Vorlage von Fosse. \u201cSchwester\u201c ist ein Beispiel wie sich Erz\u00e4hlen und Performen miteinander verbinden, unterst\u00fctzt durch einen genau kalkulierten\u00c3\u201a\u00c2\u00a0 Technikeinsatz &#8221; und den Pers\u00f6nlichkeiten von Hannah Biedermann und Philip Schlomm.<br \/>\nManfred Jahnke<\/p>\n","protected":false},"excerpt":{"rendered":"<p>Es sind kleine Gesten, die Hannah Biedermann und Philip Schlomm in \u201cSchwester\u201c brauchen, um das wunderbare Buch von Jon Fosse auf der B\u00fchne zu erz\u00e4hlen. Aus zwei Perspektiven entwickelt der norwegische Autor seine Geschichte, einmal aus der eines neugierigen vierj\u00e4hrigen Buben, der mit seiner dreij\u00e4hrigen Schwester auf \u201cverbotenen Pfaden\u201c wandelt, zum anderen aus der der &hellip; <a href=\"https:\/\/hannah-biedermann.de\/?page_id=913\" class=\"more-link\">Continue reading <span class=\"screen-reader-text\">Votum Augenblick mal!<\/span><\/a><\/p>\n","protected":false},"author":3,"featured_media":0,"parent":326,"menu_order":0,"comment_status":"closed","ping_status":"closed","template":"template-twocolumnsleft.php","meta":{"footnotes":""},"class_list":["post-913","page","type-page","status-publish","hentry"],"_links":{"self":[{"href":"https:\/\/hannah-biedermann.de\/index.php?rest_route=\/wp\/v2\/pages\/913","targetHints":{"allow":["GET"]}}],"collection":[{"href":"https:\/\/hannah-biedermann.de\/index.php?rest_route=\/wp\/v2\/pages"}],"about":[{"href":"https:\/\/hannah-biedermann.de\/index.php?rest_route=\/wp\/v2\/types\/page"}],"author":[{"embeddable":true,"href":"https:\/\/hannah-biedermann.de\/index.php?rest_route=\/wp\/v2\/users\/3"}],"replies":[{"embeddable":true,"href":"https:\/\/hannah-biedermann.de\/index.php?rest_route=%2Fwp%2Fv2%2Fcomments&post=913"}],"version-history":[{"count":1,"href":"https:\/\/hannah-biedermann.de\/index.php?rest_route=\/wp\/v2\/pages\/913\/revisions"}],"predecessor-version":[{"id":914,"href":"https:\/\/hannah-biedermann.de\/index.php?rest_route=\/wp\/v2\/pages\/913\/revisions\/914"}],"up":[{"embeddable":true,"href":"https:\/\/hannah-biedermann.de\/index.php?rest_route=\/wp\/v2\/pages\/326"}],"wp:attachment":[{"href":"https:\/\/hannah-biedermann.de\/index.php?rest_route=%2Fwp%2Fv2%2Fmedia&parent=913"}],"curies":[{"name":"wp","href":"https:\/\/api.w.org\/{rel}","templated":true}]}}