{"id":923,"date":"2013-02-20T21:04:57","date_gmt":"2013-02-20T19:04:57","guid":{"rendered":"http:\/\/hannah-biedermann.de\/?page_id=923"},"modified":"2014-09-04T11:44:03","modified_gmt":"2014-09-04T09:44:03","slug":"2-berliner-kinderkongress-der-wasserverschwenderworkshop","status":"publish","type":"page","link":"https:\/\/hannah-biedermann.de\/?page_id=923","title":{"rendered":"2. Berliner Kinderkongress &#8211; Der Wasserverschwenderworkshop"},"content":{"rendered":"<p><strong>\u00dcber meinen Workshop:<\/strong><\/p>\n<p style=\"text-align: justify\"><strong><img loading=\"lazy\" decoding=\"async\" class=\"alignleft size-medium wp-image-920\" src=\"http:\/\/hannah-biedermann.de\/wp-content\/uploads\/6-Bild-300x225.jpg\" alt=\"\" width=\"300\" height=\"225\" srcset=\"https:\/\/hannah-biedermann.de\/wp-content\/uploads\/6-Bild-300x225.jpg 300w, https:\/\/hannah-biedermann.de\/wp-content\/uploads\/6-Bild-1024x768.jpg 1024w\" sizes=\"auto, (max-width: 300px) 100vw, 300px\" \/>Der Wasserverschwendworkshop &#8211; Ein Workshop mit Wasser, was nicht da ist, mit viel Wasser, was da ist und einer Fotokamera, die das Wasser festzuhalten versucht. <\/strong><\/p>\n<p style=\"text-align: justify\">Hier darf man alles, was sonst verboten ist. Alles f\u00fcr die Kunst, sagen wir: und sammeln Wasser, um es dann nach Lust und Laune zu verschwenden. Wie? Das sagt ihr! Wichtig ist nur, dass wir ein Foto davon machen. Denn ganz sinnlos ist das ganze ja nicht. Wir machen Kunst! Wasserbilder!<br \/>\nOder ist das ganze doch verboten? Ist das eine doofe Idee? Denn Wasser ist ja nicht unendlich viel da. Und Menschen in anderen L\u00e4ndern, wie Togo zb. haben viel zu wenig davon, wie wir erfahren werden. Helfen wir mit unserer Aktion \u00fcberhaupt? Oder haben wir sowieso nix mit denen zu tun?<br \/>\nFragen die wir uns stellen k\u00f6nnen und die wir in unseren Fotos und ihrer Pr\u00e4sentation auf der B\u00fchne einflie\u00dfen lassen werden.<\/p>\n<p><img loading=\"lazy\" decoding=\"async\" class=\"size-medium wp-image-925 alignnone\" src=\"http:\/\/hannah-biedermann.de\/wp-content\/uploads\/11-Bild-300x225.jpg\" alt=\"\" width=\"300\" height=\"225\" srcset=\"https:\/\/hannah-biedermann.de\/wp-content\/uploads\/11-Bild-300x225.jpg 300w, https:\/\/hannah-biedermann.de\/wp-content\/uploads\/11-Bild-1024x768.jpg 1024w\" sizes=\"auto, (max-width: 300px) 100vw, 300px\" \/><img loading=\"lazy\" decoding=\"async\" class=\"size-medium wp-image-924 alignnone\" src=\"http:\/\/hannah-biedermann.de\/wp-content\/uploads\/1-Bild-300x225.jpg\" alt=\"\" width=\"300\" height=\"225\" srcset=\"https:\/\/hannah-biedermann.de\/wp-content\/uploads\/1-Bild-300x225.jpg 300w, https:\/\/hannah-biedermann.de\/wp-content\/uploads\/1-Bild-1024x768.jpg 1024w\" sizes=\"auto, (max-width: 300px) 100vw, 300px\" \/><\/p>\n<p><strong>\u00dcber den 2. Berliner Kinderkongress:<\/strong><\/p>\n<p style=\"text-align: justify\">Spielen, forschen, Fragen stellen &#8221; beim 2. Berliner Kinderkongress im GRIPS Podewil sind 100 Kinder dem Wasser auf der Spur. Wie bei der ersten Ausgabe des Kongresses (2011) sind wieder vier Grundschulen aus verschiedenen Berliner Bezirken beteiligt &#8211; gemeinsam mit K\u00fcnstlern und Referenten f\u00fcr \u201cGlobales Lernen\u201c untersuchen die Teilnehmer in neun Workshops globale Zusammenh\u00e4nge und die Verkn\u00fcpfungen mit der eigenen Lebenswirklichkeit. F\u00fcr die F\u00fcnftkl\u00e4ssler ist es dabei nicht nur reizvoll, den Schulalltag einmal hinter sich zu lassen, sondern auch ungewohnte Perspektiven einzunehmen und andere Blickwinkel kennen zu lernen. Daf\u00fcr sind u.a. die Referenten f\u00fcr Globales Lernen zust\u00e4ndig, die alle \u00fcber Lebens- und Arbeitserfahrungen in L\u00e4ndern des Globalen S\u00fcdens verf\u00fcgen. Theaterp\u00e4dagogen und K\u00fcnstler helfen den Kindern in unterschiedlichen kreativen Formaten dabei, eine Br\u00fccke in die eigene Welt zu schlagen, wobei die Kinder selber ausw\u00e4hlen k\u00f6nnen mit welchem inhaltlichen Schwerpunkt und k\u00fcnstlerischen Mitteln sie sich mit dem Thema \u201cWasser\u201c besch\u00e4ftigen m\u00f6chten.<\/p>\n","protected":false},"excerpt":{"rendered":"<p>\u00dcber meinen Workshop: Der Wasserverschwendworkshop &#8211; Ein Workshop mit Wasser, was nicht da ist, mit viel Wasser, was da ist und einer Fotokamera, die das Wasser festzuhalten versucht. Hier darf man alles, was sonst verboten ist. Alles f\u00fcr die Kunst, sagen wir: und sammeln Wasser, um es dann nach Lust und Laune zu verschwenden. Wie? &hellip; <a href=\"https:\/\/hannah-biedermann.de\/?page_id=923\" class=\"more-link\">Continue reading <span class=\"screen-reader-text\">2. Berliner Kinderkongress &#8211; Der Wasserverschwenderworkshop<\/span><\/a><\/p>\n","protected":false},"author":3,"featured_media":0,"parent":3,"menu_order":0,"comment_status":"closed","ping_status":"closed","template":"template-twocolumnsleft.php","meta":{"footnotes":""},"class_list":["post-923","page","type-page","status-publish","hentry"],"_links":{"self":[{"href":"https:\/\/hannah-biedermann.de\/index.php?rest_route=\/wp\/v2\/pages\/923","targetHints":{"allow":["GET"]}}],"collection":[{"href":"https:\/\/hannah-biedermann.de\/index.php?rest_route=\/wp\/v2\/pages"}],"about":[{"href":"https:\/\/hannah-biedermann.de\/index.php?rest_route=\/wp\/v2\/types\/page"}],"author":[{"embeddable":true,"href":"https:\/\/hannah-biedermann.de\/index.php?rest_route=\/wp\/v2\/users\/3"}],"replies":[{"embeddable":true,"href":"https:\/\/hannah-biedermann.de\/index.php?rest_route=%2Fwp%2Fv2%2Fcomments&post=923"}],"version-history":[{"count":5,"href":"https:\/\/hannah-biedermann.de\/index.php?rest_route=\/wp\/v2\/pages\/923\/revisions"}],"predecessor-version":[{"id":1293,"href":"https:\/\/hannah-biedermann.de\/index.php?rest_route=\/wp\/v2\/pages\/923\/revisions\/1293"}],"up":[{"embeddable":true,"href":"https:\/\/hannah-biedermann.de\/index.php?rest_route=\/wp\/v2\/pages\/3"}],"wp:attachment":[{"href":"https:\/\/hannah-biedermann.de\/index.php?rest_route=%2Fwp%2Fv2%2Fmedia&parent=923"}],"curies":[{"name":"wp","href":"https:\/\/api.w.org\/{rel}","templated":true}]}}